{"id":12348,"date":"2022-02-11T14:50:37","date_gmt":"2022-02-11T12:50:37","guid":{"rendered":"https:\/\/nicoteam.gr\/?post_type=product&#038;p=12348"},"modified":"2025-03-29T10:51:04","modified_gmt":"2025-03-29T08:51:04","slug":"%ce%ba%ce%b1%cf%80%ce%bd%cf%8c%cf%82-%ce%bd%ce%b1%cf%81%ce%b3%ce%b9%ce%bb%ce%ad-vulkana-mandarin-120gr","status":"publish","type":"product","link":"https:\/\/nicoteam.gr\/tr\/product\/%ce%ba%ce%b1%cf%80%ce%bd%cf%8c%cf%82-%ce%bd%ce%b1%cf%81%ce%b3%ce%b9%ce%bb%ce%ad-vulkana-mandarin-120gr\/","title":{"rendered":"Nargile T\u00fct\u00fcn\u00fc Vulkana Mandalina 120gr"},"content":{"rendered":"<p>Vulkana Nargile \u015firketi, nargile i\u00e7in aromal\u0131 t\u00fct\u00fcn \u00fcreten ilk Yunan \u015firketidir.<\/p>\n<p>\u0130ki \u00fcr\u00fcn\u00fcn birle\u015fiminden olu\u015fur:<\/p>\n<ul>\n<li>Sar\u0131\u015f\u0131n Virginia t\u00fct\u00fcn\u00fc 20gr<\/li>\n<li>Vulkana aromal\u0131 likit 100ml<\/li>\n<\/ul>\n<p>Olu\u015fturulmas\u0131 i\u00e7in, kimyasal ve boya ilavesi olmadan, se\u00e7ilmi\u015f kalitede sar\u0131 t\u00fct\u00fcn ve yaln\u0131zca do\u011fal aromatik hammaddeler kullan\u0131l\u0131r.<\/p>\n<p>T\u00fct\u00fcn olduk\u00e7a ince k\u0131y\u0131ld\u0131\u011f\u0131ndan nargile aromas\u0131 haz\u0131rlan\u0131rken daha fazla kolayl\u0131k sa\u011flan\u0131r. Yaln\u0131zca en iyi do\u011fal hammaddelerle yap\u0131lan do\u011fal tatlar yaratmaya b\u00fcy\u00fck \u00f6nem verilmektedir.<\/p>\n<p>Aromal\u0131 s\u0131v\u0131n\u0131n sar\u0131 dumanla kar\u0131\u015ft\u0131r\u0131lmas\u0131, toplam a\u011f\u0131rl\u0131\u011f\u0131 120 gram olan Vulkana nargile duman\u0131 \u00fcretir.<\/p>\n<p>Kar\u0131\u015f\u0131m\u0131n kullan\u0131mdan 4-7 g\u00fcn \u00f6nce olgunla\u015fmas\u0131 gerekmektedir. Daha zengin bir sonu\u00e7 i\u00e7in t\u00fct\u00fcn kar\u0131\u015f\u0131m\u0131n\u0131n olgunla\u015fma s\u00fcresi boyunca g\u00fcnde en az bir kez kar\u0131\u015ft\u0131r\u0131lmas\u0131 tavsiye edilir. T\u00fct\u00fcn\u00fcn her kullan\u0131mdan \u00f6nce iyice kar\u0131\u015ft\u0131r\u0131lmas\u0131 da iyidir.<\/p>","protected":false},"excerpt":{"rendered":"<p>Vulkana Nargile Sar\u0131\u015f\u0131n T\u00fct\u00fcn, aromal\u0131<\/p>\n<p>\u0393\u03b5\u03cd\u03c3\u03b7 Mandarin: \u0397 \u03c4\u03ad\u03bb\u03b5\u03b9\u03b1 \u03b3\u03b5\u03cd\u03c3\u03b7 \u03b5\u03bd\u03cc\u03c2 \u03b6\u03bf\u03c5\u03bc\u03b5\u03c1\u03bf\u03cd, \u03b3\u03bb\u03c5\u03ba\u03bf\u03cd \u03bc\u03b1\u03bd\u03c4\u03b1\u03c1\u03b9\u03bd\u03b9\u03bf\u03cd. \u03a6\u03c1\u03ad\u03c3\u03ba\u03b9\u03b1, \u03b9\u03b4\u03b9\u03b1\u03af\u03c4\u03b5\u03c1\u03b7 \u03ba\u03b1\u03b9 \u03b5\u03be\u03c9\u03c4\u03b9\u03ba\u03ae \u03b3\u03b5\u03cd\u03c3\u03b7, \u03b9\u03b4\u03b1\u03bd\u03b9\u03ba\u03ae \u03b3\u03b9\u03b1 \u03c4\u03bf\u03c5\u03c2 \u03bb\u03ac\u03c4\u03c1\u03b5\u03b9\u03c2 \u03c4\u03c9\u03bd \u03b5\u03c3\u03c0\u03b5\u03c1\u03b9\u03b4\u03bf\u03b5\u03b9\u03b4\u03ce\u03bd.<\/p>","protected":false},"featured_media":0,"template":"","meta":{"_acf_changed":false,"_kadence_starter_templates_imported_post":false,"_kad_post_transparent":"","_kad_post_title":"","_kad_post_layout":"","_kad_post_sidebar_id":"","_kad_post_content_style":"","_kad_post_vertical_padding":"","_kad_post_feature":"","_kad_post_feature_position":"","_kad_post_header":false,"_kad_post_footer":false},"product_cat":[164],"product_tag":[581],"class_list":{"0":"post-12348","1":"product","2":"type-product","3":"status-publish","5":"product_cat-me-kapno","6":"product_tag-vulkana","7":"product_shipping_class-mi-kapnika","9":"first","10":"outofstock","11":"taxable","12":"shipping-taxable","13":"purchasable","14":"product-type-simple","15":"entry","16":"content-bg","17":"loop-entry"},"acf":[],"_links":{"self":[{"href":"https:\/\/nicoteam.gr\/tr\/wp-json\/wp\/v2\/product\/12348","targetHints":{"allow":["GET"]}}],"collection":[{"href":"https:\/\/nicoteam.gr\/tr\/wp-json\/wp\/v2\/product"}],"about":[{"href":"https:\/\/nicoteam.gr\/tr\/wp-json\/wp\/v2\/types\/product"}],"wp:attachment":[{"href":"https:\/\/nicoteam.gr\/tr\/wp-json\/wp\/v2\/media?parent=12348"}],"wp:term":[{"taxonomy":"product_cat","embeddable":true,"href":"https:\/\/nicoteam.gr\/tr\/wp-json\/wp\/v2\/product_cat?post=12348"},{"taxonomy":"product_tag","embeddable":true,"href":"https:\/\/nicoteam.gr\/tr\/wp-json\/wp\/v2\/product_tag?post=12348"}],"curies":[{"name":"wp","href":"https:\/\/api.w.org\/{rel}","templated":true}]}}