{"id":12116,"date":"2022-02-08T13:04:54","date_gmt":"2022-02-08T11:04:54","guid":{"rendered":"https:\/\/nicoteam.gr\/?post_type=product&#038;p=12116"},"modified":"2024-05-27T11:57:15","modified_gmt":"2024-05-27T09:57:15","slug":"%ce%bc%ce%b7%cf%87%ce%b1%ce%bd%ce%b9%cf%83%ce%bc%cf%8c%cf%82-%cf%85%ce%b3%cf%81%ce%b1%ce%bd%cf%84%ce%ae%cf%81%ce%b1-humidi-cup-18-m1","status":"publish","type":"product","link":"https:\/\/nicoteam.gr\/tr\/product\/%ce%bc%ce%b7%cf%87%ce%b1%ce%bd%ce%b9%cf%83%ce%bc%cf%8c%cf%82-%cf%85%ce%b3%cf%81%ce%b1%ce%bd%cf%84%ce%ae%cf%81%ce%b1-humidi-cup-18-m1\/","title":{"rendered":"Humidi Hazne Nemlendirici Mekanizmas\u0131 18-M1"},"content":{"rendered":"","protected":false},"excerpt":{"rendered":"<p>Humidi Fincan Nemlendirici Mekanizmas\u0131.<\/p>\n<p>Standartlar:<\/p>\n<p>Giri\u015f: 100V ~ 240V \/ 50Hz ~ 60Hz.<\/p>\n<p>Boyutlar: 153x50x84 cm.<\/p>\n<p>A\u011f\u0131rl\u0131k: 360gr.<\/p>\n<p>Yaln\u0131zca 0,5 Watt ile daha d\u00fc\u015f\u00fck g\u00fc\u00e7 t\u00fcketimi.<\/p>\n<p>Kolay ve g\u00fcvenilir g\u00fc\u00e7 ba\u011flant\u0131s\u0131 i\u00e7in \u015ferit kablo.<\/p>\n<p>B\u00fcy\u00fck LED ekran.<\/p>\n<p>Kolay nem de\u011feri ayar\u0131 ve kullan\u0131c\u0131 kalibrasyonu.<\/p>\n<p>D\u00fc\u015f\u00fck su ve fan hatas\u0131 i\u00e7in alarm g\u00f6stergesi vard\u0131r.<\/p>\n<p>G\u00fc\u00e7 ba\u011flant\u0131 noktas\u0131 ve harici fan ba\u011flant\u0131 noktas\u0131 de\u011fi\u015ftirilebilir.<\/p>","protected":false},"featured_media":12127,"template":"","meta":{"_acf_changed":false,"_kadence_starter_templates_imported_post":false,"_kad_post_transparent":"","_kad_post_title":"","_kad_post_layout":"","_kad_post_sidebar_id":"","_kad_post_content_style":"","_kad_post_vertical_padding":"","_kad_post_feature":"","_kad_post_feature_position":"","_kad_post_header":false,"_kad_post_footer":false},"product_cat":[545],"product_tag":[],"class_list":{"0":"post-12116","1":"product","2":"type-product","3":"status-publish","4":"has-post-thumbnail","6":"product_cat-irometra-kai-igrantika","7":"product_shipping_class-mi-kapnika","9":"first","10":"instock","11":"taxable","12":"shipping-taxable","13":"purchasable","14":"product-type-simple","15":"entry","16":"content-bg","17":"loop-entry"},"acf":[],"_links":{"self":[{"href":"https:\/\/nicoteam.gr\/tr\/wp-json\/wp\/v2\/product\/12116","targetHints":{"allow":["GET"]}}],"collection":[{"href":"https:\/\/nicoteam.gr\/tr\/wp-json\/wp\/v2\/product"}],"about":[{"href":"https:\/\/nicoteam.gr\/tr\/wp-json\/wp\/v2\/types\/product"}],"wp:featuredmedia":[{"embeddable":true,"href":"https:\/\/nicoteam.gr\/tr\/wp-json\/wp\/v2\/media\/12127"}],"wp:attachment":[{"href":"https:\/\/nicoteam.gr\/tr\/wp-json\/wp\/v2\/media?parent=12116"}],"wp:term":[{"taxonomy":"product_cat","embeddable":true,"href":"https:\/\/nicoteam.gr\/tr\/wp-json\/wp\/v2\/product_cat?post=12116"},{"taxonomy":"product_tag","embeddable":true,"href":"https:\/\/nicoteam.gr\/tr\/wp-json\/wp\/v2\/product_tag?post=12116"}],"curies":[{"name":"wp","href":"https:\/\/api.w.org\/{rel}","templated":true}]}}