{"id":12098,"date":"2022-02-08T12:55:35","date_gmt":"2022-02-08T10:55:35","guid":{"rendered":"https:\/\/nicoteam.gr\/?post_type=product&#038;p=12098"},"modified":"2023-08-28T10:28:31","modified_gmt":"2023-08-28T08:28:31","slug":"%cf%85%ce%b3%cf%81%cf%8c%ce%bc%ce%b5%cf%84%cf%81%ce%bf-%cf%88%ce%b7%cf%86%ce%b9%ce%b1%ce%ba%cf%8c-9058","status":"publish","type":"product","link":"https:\/\/nicoteam.gr\/tr\/product\/%cf%85%ce%b3%cf%81%cf%8c%ce%bc%ce%b5%cf%84%cf%81%ce%bf-%cf%88%ce%b7%cf%86%ce%b9%ce%b1%ce%ba%cf%8c-9058\/","title":{"rendered":"Higrometre Dijital 9058"},"content":{"rendered":"","protected":false},"excerpt":{"rendered":"<p>Higrometre-Dijital.<\/p>\n<p>G\u00fcm\u00fc\u015f renkli dijital higrometre.<\/p>\n<p>Kolay tan\u0131mlanm\u0131\u015f not verme kurallar\u0131.<\/p>\n<p>Nem Do\u011frulu\u011fu: +\/- 2%, (65%-75%).<\/p>\n<p>S\u0131cakl\u0131k Celsius veya Fahrenheit cinsinden g\u00f6r\u00fcnt\u00fclenir.<\/p>\n<p>Her 10 saniyede bir yeniden do\u011far.<\/p>\n<p>Yerle\u015ftirilmesi i\u00e7in bir m\u0131knat\u0131s\u0131 vard\u0131r.<\/p>\n<p>Pil dahildir.<\/p>\n<p>Boyutlar: 9 x 5,8 x 0,7 cm.<\/p>","protected":false},"featured_media":12107,"template":"","meta":{"_acf_changed":false,"_kadence_starter_templates_imported_post":false,"_kad_post_transparent":"","_kad_post_title":"","_kad_post_layout":"","_kad_post_sidebar_id":"","_kad_post_content_style":"","_kad_post_vertical_padding":"","_kad_post_feature":"","_kad_post_feature_position":"","_kad_post_header":false,"_kad_post_footer":false},"product_cat":[545],"product_tag":[],"class_list":{"0":"post-12098","1":"product","2":"type-product","3":"status-publish","4":"has-post-thumbnail","6":"product_cat-irometra-kai-igrantika","7":"product_shipping_class-mi-kapnika","9":"first","10":"instock","11":"taxable","12":"shipping-taxable","13":"purchasable","14":"product-type-simple","15":"entry","16":"content-bg","17":"loop-entry"},"acf":[],"_links":{"self":[{"href":"https:\/\/nicoteam.gr\/tr\/wp-json\/wp\/v2\/product\/12098","targetHints":{"allow":["GET"]}}],"collection":[{"href":"https:\/\/nicoteam.gr\/tr\/wp-json\/wp\/v2\/product"}],"about":[{"href":"https:\/\/nicoteam.gr\/tr\/wp-json\/wp\/v2\/types\/product"}],"wp:featuredmedia":[{"embeddable":true,"href":"https:\/\/nicoteam.gr\/tr\/wp-json\/wp\/v2\/media\/12107"}],"wp:attachment":[{"href":"https:\/\/nicoteam.gr\/tr\/wp-json\/wp\/v2\/media?parent=12098"}],"wp:term":[{"taxonomy":"product_cat","embeddable":true,"href":"https:\/\/nicoteam.gr\/tr\/wp-json\/wp\/v2\/product_cat?post=12098"},{"taxonomy":"product_tag","embeddable":true,"href":"https:\/\/nicoteam.gr\/tr\/wp-json\/wp\/v2\/product_tag?post=12098"}],"curies":[{"name":"wp","href":"https:\/\/api.w.org\/{rel}","templated":true}]}}