{"id":12095,"date":"2022-02-08T12:51:03","date_gmt":"2022-02-08T10:51:03","guid":{"rendered":"https:\/\/nicoteam.gr\/?post_type=product&#038;p=12095"},"modified":"2023-08-28T10:28:31","modified_gmt":"2023-08-28T08:28:31","slug":"%cf%86%ce%af%ce%bb%cf%84%cf%81%ce%bf-brune-bio-2673-f","status":"publish","type":"product","link":"https:\/\/nicoteam.gr\/tr\/product\/%cf%86%ce%af%ce%bb%cf%84%cf%81%ce%bf-brune-bio-2673-f\/","title":{"rendered":"Brune Bio 2673-F filtresi"},"content":{"rendered":"","protected":false},"excerpt":{"rendered":"<p>Filtre-Brune-Bio.<\/p>\n<p>Y\u00fcksek performansl\u0131 biyolojik filtre ve \u00e7evre dostudur.<\/p>\n<p>Kullan\u0131m s\u00fcresi: 6 ay.<\/p>\n<p>Brune-2673 nemlendirme sistemi i\u00e7in.<\/p>","protected":false},"featured_media":12102,"template":"","meta":{"_acf_changed":false,"_kadence_starter_templates_imported_post":false,"_kad_post_transparent":"","_kad_post_title":"","_kad_post_layout":"","_kad_post_sidebar_id":"","_kad_post_content_style":"","_kad_post_vertical_padding":"","_kad_post_feature":"","_kad_post_feature_position":"","_kad_post_header":false,"_kad_post_footer":false},"product_cat":[545],"product_tag":[],"class_list":{"0":"post-12095","1":"product","2":"type-product","3":"status-publish","4":"has-post-thumbnail","6":"product_cat-irometra-kai-igrantika","7":"product_shipping_class-mi-kapnika","9":"first","10":"instock","11":"taxable","12":"shipping-taxable","13":"purchasable","14":"product-type-simple","15":"entry","16":"content-bg","17":"loop-entry"},"acf":[],"_links":{"self":[{"href":"https:\/\/nicoteam.gr\/tr\/wp-json\/wp\/v2\/product\/12095","targetHints":{"allow":["GET"]}}],"collection":[{"href":"https:\/\/nicoteam.gr\/tr\/wp-json\/wp\/v2\/product"}],"about":[{"href":"https:\/\/nicoteam.gr\/tr\/wp-json\/wp\/v2\/types\/product"}],"wp:featuredmedia":[{"embeddable":true,"href":"https:\/\/nicoteam.gr\/tr\/wp-json\/wp\/v2\/media\/12102"}],"wp:attachment":[{"href":"https:\/\/nicoteam.gr\/tr\/wp-json\/wp\/v2\/media?parent=12095"}],"wp:term":[{"taxonomy":"product_cat","embeddable":true,"href":"https:\/\/nicoteam.gr\/tr\/wp-json\/wp\/v2\/product_cat?post=12095"},{"taxonomy":"product_tag","embeddable":true,"href":"https:\/\/nicoteam.gr\/tr\/wp-json\/wp\/v2\/product_tag?post=12095"}],"curies":[{"name":"wp","href":"https:\/\/api.w.org\/{rel}","templated":true}]}}