{"id":12054,"date":"2022-02-08T12:37:39","date_gmt":"2022-02-08T10:37:39","guid":{"rendered":"https:\/\/nicoteam.gr\/?post_type=product&#038;p=12054"},"modified":"2023-08-28T10:28:32","modified_gmt":"2023-08-28T08:28:32","slug":"%cf%85%ce%b3%cf%81%cf%8c%ce%bc%ce%b5%cf%84%cf%81%ce%bf-%ce%b1%ce%bd%ce%b1%ce%bb%ce%bf%ce%b3%ce%b9%ce%ba%cf%8c-4618-s","status":"publish","type":"product","link":"https:\/\/nicoteam.gr\/tr\/product\/%cf%85%ce%b3%cf%81%cf%8c%ce%bc%ce%b5%cf%84%cf%81%ce%bf-%ce%b1%ce%bd%ce%b1%ce%bb%ce%bf%ce%b3%ce%b9%ce%ba%cf%8c-4618-s\/","title":{"rendered":"Higrometre Analog 4618-S"},"content":{"rendered":"","protected":false},"excerpt":{"rendered":"<p>Higrometre-Analog.<\/p>\n<p>G\u00fcm\u00fc\u015f renkli analog higrometre.<\/p>\n<p>\u015eekil: Yuvarlak.<\/p>\n<p>Boyutlar: 4,6 x 1,8 cm.<\/p>","protected":false},"featured_media":12069,"template":"","meta":{"_acf_changed":false,"_kadence_starter_templates_imported_post":false,"_kad_post_transparent":"","_kad_post_title":"","_kad_post_layout":"","_kad_post_sidebar_id":"","_kad_post_content_style":"","_kad_post_vertical_padding":"","_kad_post_feature":"","_kad_post_feature_position":"","_kad_post_header":false,"_kad_post_footer":false},"product_cat":[545],"product_tag":[],"class_list":{"0":"post-12054","1":"product","2":"type-product","3":"status-publish","4":"has-post-thumbnail","6":"product_cat-irometra-kai-igrantika","7":"product_shipping_class-mi-kapnika","9":"first","10":"instock","11":"taxable","12":"shipping-taxable","13":"purchasable","14":"product-type-simple","15":"entry","16":"content-bg","17":"loop-entry"},"acf":[],"_links":{"self":[{"href":"https:\/\/nicoteam.gr\/tr\/wp-json\/wp\/v2\/product\/12054","targetHints":{"allow":["GET"]}}],"collection":[{"href":"https:\/\/nicoteam.gr\/tr\/wp-json\/wp\/v2\/product"}],"about":[{"href":"https:\/\/nicoteam.gr\/tr\/wp-json\/wp\/v2\/types\/product"}],"wp:featuredmedia":[{"embeddable":true,"href":"https:\/\/nicoteam.gr\/tr\/wp-json\/wp\/v2\/media\/12069"}],"wp:attachment":[{"href":"https:\/\/nicoteam.gr\/tr\/wp-json\/wp\/v2\/media?parent=12054"}],"wp:term":[{"taxonomy":"product_cat","embeddable":true,"href":"https:\/\/nicoteam.gr\/tr\/wp-json\/wp\/v2\/product_cat?post=12054"},{"taxonomy":"product_tag","embeddable":true,"href":"https:\/\/nicoteam.gr\/tr\/wp-json\/wp\/v2\/product_tag?post=12054"}],"curies":[{"name":"wp","href":"https:\/\/api.w.org\/{rel}","templated":true}]}}