{"id":12035,"date":"2022-02-08T12:11:07","date_gmt":"2022-02-08T10:11:07","guid":{"rendered":"https:\/\/nicoteam.gr\/?post_type=product&#038;p=12035"},"modified":"2026-03-27T02:15:57","modified_gmt":"2026-03-27T00:15:57","slug":"%cf%83%ce%b1%ce%ba%ce%bf%cf%8d%ce%bb%ce%b1-%cf%8d%ce%b3%cf%81%ce%b1%ce%bd%cf%83%ce%b7%cf%82-boveda-65-bov-65","status":"publish","type":"product","link":"https:\/\/nicoteam.gr\/tr\/product\/%cf%83%ce%b1%ce%ba%ce%bf%cf%8d%ce%bb%ce%b1-%cf%8d%ce%b3%cf%81%ce%b1%ce%bd%cf%83%ce%b7%cf%82-boveda-65-bov-65\/","title":{"rendered":"Boveda 65% BOV 65% Nem Torbas\u0131"},"content":{"rendered":"","protected":false},"excerpt":{"rendered":"<p>BOVEDA NEM TORBASI 65%<\/p>\n<p>Boveda, belirli tuzlar\u0131n suyla kar\u0131\u015ft\u0131r\u0131ld\u0131\u011f\u0131nda nem ekleyece\u011fi veya \u00e7\u0131karaca\u011f\u0131, \u00f6rne\u011fin \u00f6nceden belirlenmi\u015f ba\u011f\u0131l nemi koruyaca\u011f\u0131 \u015feklindeki bilimsel prensibe dayanmaktad\u0131r. Boveda \u015eirketi, bu bilimsel prensibi ambalaj ve kaplar i\u00e7in ta\u015f\u0131nabilir ve pratik hale getiren y\u00f6ntemi icat etti ve patentini ald\u0131.<\/p>\n<p>Her Boveda paketi, Boveda paketinin \u00fczerinde yaz\u0131l\u0131 olan \u00f6nceden belirlenmi\u015f nemi korumak i\u00e7in bir miktar nem ekleyerek veya \u00e7\u0131kararak neme yan\u0131t verir.<\/p>\n<p>Hi\u00e7bir aktivasyon veya bak\u0131m gerektirmez ve boyutlar\u0131n \u00e7e\u015fitlili\u011fi, her t\u00fct\u00fcn depolama ihtiyac\u0131 i\u00e7in m\u00fckemmel bir Boveda oldu\u011fu anlam\u0131na gelir.<\/p>\n<p>15-25 puroyu 60-90 g\u00fcn saklayabilir<\/p>","protected":false},"featured_media":12042,"template":"","meta":{"_acf_changed":false,"_kadence_starter_templates_imported_post":false,"_kad_post_transparent":"","_kad_post_title":"","_kad_post_layout":"","_kad_post_sidebar_id":"","_kad_post_content_style":"","_kad_post_vertical_padding":"","_kad_post_feature":"","_kad_post_feature_position":"","_kad_post_header":false,"_kad_post_footer":false},"product_cat":[545],"product_tag":[],"class_list":{"0":"post-12035","1":"product","2":"type-product","3":"status-publish","4":"has-post-thumbnail","6":"product_cat-irometra-kai-igrantika","7":"product_shipping_class-mi-kapnika","9":"first","10":"instock","11":"taxable","12":"shipping-taxable","13":"purchasable","14":"product-type-simple","15":"entry","16":"content-bg","17":"loop-entry"},"acf":[],"_links":{"self":[{"href":"https:\/\/nicoteam.gr\/tr\/wp-json\/wp\/v2\/product\/12035","targetHints":{"allow":["GET"]}}],"collection":[{"href":"https:\/\/nicoteam.gr\/tr\/wp-json\/wp\/v2\/product"}],"about":[{"href":"https:\/\/nicoteam.gr\/tr\/wp-json\/wp\/v2\/types\/product"}],"wp:featuredmedia":[{"embeddable":true,"href":"https:\/\/nicoteam.gr\/tr\/wp-json\/wp\/v2\/media\/12042"}],"wp:attachment":[{"href":"https:\/\/nicoteam.gr\/tr\/wp-json\/wp\/v2\/media?parent=12035"}],"wp:term":[{"taxonomy":"product_cat","embeddable":true,"href":"https:\/\/nicoteam.gr\/tr\/wp-json\/wp\/v2\/product_cat?post=12035"},{"taxonomy":"product_tag","embeddable":true,"href":"https:\/\/nicoteam.gr\/tr\/wp-json\/wp\/v2\/product_tag?post=12035"}],"curies":[{"name":"wp","href":"https:\/\/api.w.org\/{rel}","templated":true}]}}