{"id":12022,"date":"2022-02-08T12:07:45","date_gmt":"2022-02-08T10:07:45","guid":{"rendered":"https:\/\/nicoteam.gr\/?post_type=product&#038;p=12022"},"modified":"2023-08-28T10:28:34","modified_gmt":"2023-08-28T08:28:34","slug":"%cf%85%ce%b3%cf%81%ce%b1%ce%bd%cf%84%ce%b9%ce%ba%cf%8c-%cf%83%cf%84%ce%bf%ce%b9%cf%87%ce%b5%ce%af%ce%bf-foam-%cf%84%ce%b1%ce%be%ce%b9%ce%b4%ce%b9%ce%bf%cf%8d-82111","status":"publish","type":"product","link":"https:\/\/nicoteam.gr\/tr\/product\/%cf%85%ce%b3%cf%81%ce%b1%ce%bd%cf%84%ce%b9%ce%ba%cf%8c-%cf%83%cf%84%ce%bf%ce%b9%cf%87%ce%b5%ce%af%ce%bf-foam-%cf%84%ce%b1%ce%be%ce%b9%ce%b4%ce%b9%ce%bf%cf%8d-82111\/","title":{"rendered":"Seyahat K\u00f6p\u00fc\u011f\u00fc Nemlendirici Element 82111"},"content":{"rendered":"","protected":false},"excerpt":{"rendered":"<p>Nemlendirici-K\u00f6p\u00fck-Seyahat.<\/p>\n<p>S\u00fcnger Seyahat Nemlendirici.<\/p>\n<p>Siyah renk.<\/p>\n<p>Boyutlar: 16 x 1,6 x 2 cm.<\/p>","protected":false},"featured_media":12034,"template":"","meta":{"_acf_changed":false,"_kadence_starter_templates_imported_post":false,"_kad_post_transparent":"","_kad_post_title":"","_kad_post_layout":"","_kad_post_sidebar_id":"","_kad_post_content_style":"","_kad_post_vertical_padding":"","_kad_post_feature":"","_kad_post_feature_position":"","_kad_post_header":false,"_kad_post_footer":false},"product_cat":[545],"product_tag":[],"class_list":{"0":"post-12022","1":"product","2":"type-product","3":"status-publish","4":"has-post-thumbnail","6":"product_cat-irometra-kai-igrantika","7":"product_shipping_class-mi-kapnika","9":"first","10":"instock","11":"taxable","12":"shipping-taxable","13":"purchasable","14":"product-type-simple","15":"entry","16":"content-bg","17":"loop-entry"},"acf":[],"_links":{"self":[{"href":"https:\/\/nicoteam.gr\/tr\/wp-json\/wp\/v2\/product\/12022","targetHints":{"allow":["GET"]}}],"collection":[{"href":"https:\/\/nicoteam.gr\/tr\/wp-json\/wp\/v2\/product"}],"about":[{"href":"https:\/\/nicoteam.gr\/tr\/wp-json\/wp\/v2\/types\/product"}],"wp:featuredmedia":[{"embeddable":true,"href":"https:\/\/nicoteam.gr\/tr\/wp-json\/wp\/v2\/media\/12034"}],"wp:attachment":[{"href":"https:\/\/nicoteam.gr\/tr\/wp-json\/wp\/v2\/media?parent=12022"}],"wp:term":[{"taxonomy":"product_cat","embeddable":true,"href":"https:\/\/nicoteam.gr\/tr\/wp-json\/wp\/v2\/product_cat?post=12022"},{"taxonomy":"product_tag","embeddable":true,"href":"https:\/\/nicoteam.gr\/tr\/wp-json\/wp\/v2\/product_tag?post=12022"}],"curies":[{"name":"wp","href":"https:\/\/api.w.org\/{rel}","templated":true}]}}