{"id":11880,"date":"2022-02-08T09:47:09","date_gmt":"2022-02-08T07:47:09","guid":{"rendered":"https:\/\/nicoteam.gr\/?post_type=product&#038;p=11880"},"modified":"2023-08-28T10:31:29","modified_gmt":"2023-08-28T08:31:29","slug":"%ce%b1%ce%bd%ce%b1%cf%80%cf%84%ce%ae%cf%81%ce%b1%cf%82-%cf%84%cf%8d%cf%80%ce%bf%cf%85-zippo-%ce%bc%ce%b5-%cf%84%ce%b7%ce%bd-%cf%83%ce%b7%ce%bc%ce%b1%ce%af%ce%b1-%cf%84%ce%b7%cf%82-%ce%ba%ce%bf%cf%8d","status":"publish","type":"product","link":"https:\/\/nicoteam.gr\/tr\/product\/%ce%b1%ce%bd%ce%b1%cf%80%cf%84%ce%ae%cf%81%ce%b1%cf%82-%cf%84%cf%8d%cf%80%ce%bf%cf%85-zippo-%ce%bc%ce%b5-%cf%84%ce%b7%ce%bd-%cf%83%ce%b7%ce%bc%ce%b1%ce%af%ce%b1-%cf%84%ce%b7%cf%82-%ce%ba%ce%bf%cf%8d\/","title":{"rendered":"K\u00fcba bayra\u011f\u0131 ta\u015f\u0131yan Zippo \u00e7akma\u011f\u0131"},"content":{"rendered":"","protected":false},"excerpt":{"rendered":"<p>K\u00fcba bayra\u011f\u0131 ta\u015f\u0131yan Zippo \u00e7akma\u011f\u0131.<\/p>\n<p>R\u00fczgar ge\u00e7irmez ve yeniden doldurulabilir.<\/p>","protected":false},"featured_media":11892,"template":"","meta":{"_acf_changed":false,"_kadence_starter_templates_imported_post":false,"_kad_post_transparent":"","_kad_post_title":"","_kad_post_layout":"","_kad_post_sidebar_id":"","_kad_post_content_style":"","_kad_post_vertical_padding":"","_kad_post_feature":"","_kad_post_feature_position":"","_kad_post_header":false,"_kad_post_footer":false},"product_cat":[1034],"product_tag":[],"class_list":{"0":"post-11880","1":"product","2":"type-product","3":"status-publish","4":"has-post-thumbnail","6":"product_cat-zippo","7":"product_shipping_class-mi-kapnika","9":"first","10":"instock","11":"taxable","12":"shipping-taxable","13":"purchasable","14":"product-type-simple","15":"entry","16":"content-bg","17":"loop-entry"},"acf":[],"_links":{"self":[{"href":"https:\/\/nicoteam.gr\/tr\/wp-json\/wp\/v2\/product\/11880","targetHints":{"allow":["GET"]}}],"collection":[{"href":"https:\/\/nicoteam.gr\/tr\/wp-json\/wp\/v2\/product"}],"about":[{"href":"https:\/\/nicoteam.gr\/tr\/wp-json\/wp\/v2\/types\/product"}],"wp:featuredmedia":[{"embeddable":true,"href":"https:\/\/nicoteam.gr\/tr\/wp-json\/wp\/v2\/media\/11892"}],"wp:attachment":[{"href":"https:\/\/nicoteam.gr\/tr\/wp-json\/wp\/v2\/media?parent=11880"}],"wp:term":[{"taxonomy":"product_cat","embeddable":true,"href":"https:\/\/nicoteam.gr\/tr\/wp-json\/wp\/v2\/product_cat?post=11880"},{"taxonomy":"product_tag","embeddable":true,"href":"https:\/\/nicoteam.gr\/tr\/wp-json\/wp\/v2\/product_tag?post=11880"}],"curies":[{"name":"wp","href":"https:\/\/api.w.org\/{rel}","templated":true}]}}