{"id":11748,"date":"2022-02-07T12:59:50","date_gmt":"2022-02-07T10:59:50","guid":{"rendered":"https:\/\/nicoteam.gr\/?post_type=product&#038;p=11748"},"modified":"2023-08-28T10:29:09","modified_gmt":"2023-08-28T08:29:09","slug":"%cf%85%ce%b3%cf%81%ce%b1%ce%bd%cf%84%ce%ae%cf%81%ce%b1%cf%82-%cf%80%ce%bf%cf%8d%cf%81%cf%89%ce%bd-%ce%bc%ce%b5-%cf%84%ce%b6%ce%ac%ce%bc%ce%b9","status":"publish","type":"product","link":"https:\/\/nicoteam.gr\/tr\/product\/%cf%85%ce%b3%cf%81%ce%b1%ce%bd%cf%84%ce%ae%cf%81%ce%b1%cf%82-%cf%80%ce%bf%cf%8d%cf%81%cf%89%ce%bd-%ce%bc%ce%b5-%cf%84%ce%b6%ce%ac%ce%bc%ce%b9\/","title":{"rendered":"Caml\u0131 Puro Neme Kutusu"},"content":{"rendered":"","protected":false},"excerpt":{"rendered":"<p>Puro saklama kutusu-Caml\u0131.<\/p>\n<p>Mat y\u00fczeyli ve caml\u0131 nemlendirici.<\/p>\n<p>Sedir kabu\u011funa sahip analog higrometre, nemlendirme eleman\u0131 ve i\u00e7 b\u00f6l\u00fcc\u00fc i\u00e7erir.<\/p>\n<p>Kapasite: 25 puro.<\/p>\n<p>Kahverengi renk.<\/p>\n<p>Boyutlar: 26x22x11 cm.<\/p>","protected":false},"featured_media":11755,"template":"","meta":{"_acf_changed":false,"_kadence_starter_templates_imported_post":false,"_kad_post_transparent":"","_kad_post_title":"","_kad_post_layout":"","_kad_post_sidebar_id":"","_kad_post_content_style":"","_kad_post_vertical_padding":"","_kad_post_feature":"","_kad_post_feature_position":"","_kad_post_header":false,"_kad_post_footer":false},"product_cat":[544],"product_tag":[],"class_list":{"0":"post-11748","1":"product","2":"type-product","3":"status-publish","4":"has-post-thumbnail","6":"product_cat-ygrantires-pouron","7":"product_shipping_class-mi-kapnika","9":"first","10":"instock","11":"taxable","12":"shipping-taxable","13":"purchasable","14":"product-type-simple","15":"entry","16":"content-bg","17":"loop-entry"},"acf":[],"_links":{"self":[{"href":"https:\/\/nicoteam.gr\/tr\/wp-json\/wp\/v2\/product\/11748","targetHints":{"allow":["GET"]}}],"collection":[{"href":"https:\/\/nicoteam.gr\/tr\/wp-json\/wp\/v2\/product"}],"about":[{"href":"https:\/\/nicoteam.gr\/tr\/wp-json\/wp\/v2\/types\/product"}],"wp:featuredmedia":[{"embeddable":true,"href":"https:\/\/nicoteam.gr\/tr\/wp-json\/wp\/v2\/media\/11755"}],"wp:attachment":[{"href":"https:\/\/nicoteam.gr\/tr\/wp-json\/wp\/v2\/media?parent=11748"}],"wp:term":[{"taxonomy":"product_cat","embeddable":true,"href":"https:\/\/nicoteam.gr\/tr\/wp-json\/wp\/v2\/product_cat?post=11748"},{"taxonomy":"product_tag","embeddable":true,"href":"https:\/\/nicoteam.gr\/tr\/wp-json\/wp\/v2\/product_tag?post=11748"}],"curies":[{"name":"wp","href":"https:\/\/api.w.org\/{rel}","templated":true}]}}