{"id":11737,"date":"2022-02-07T13:24:50","date_gmt":"2022-02-07T11:24:50","guid":{"rendered":"https:\/\/nicoteam.gr\/?post_type=product&#038;p=11737"},"modified":"2025-06-13T18:18:55","modified_gmt":"2025-06-13T16:18:55","slug":"cohiba-%cf%85%ce%b3%cf%81%ce%b1%ce%bd%cf%84%ce%ae%cf%81%ce%b1%cf%82-%cf%80%ce%bf%cf%8d%cf%81%cf%89%ce%bd-%cf%83%ce%b5%cf%84-%ce%b8%ce%ae%ce%ba%ce%b7-%ce%ba%cf%8c%cf%86%cf%84%ce%b7%cf%82-0559","status":"publish","type":"product","link":"https:\/\/nicoteam.gr\/tr\/product\/cohiba-%cf%85%ce%b3%cf%81%ce%b1%ce%bd%cf%84%ce%ae%cf%81%ce%b1%cf%82-%cf%80%ce%bf%cf%8d%cf%81%cf%89%ce%bd-%cf%83%ce%b5%cf%84-%ce%b8%ce%ae%ce%ba%ce%b7-%ce%ba%cf%8c%cf%86%cf%84%ce%b7%cf%82-0559\/","title":{"rendered":"Cohiba Puro Neme Seti Kesici K\u0131l\u0131f 0559"},"content":{"rendered":"","protected":false},"excerpt":{"rendered":"<p>Cohiba logolu, parlak kaplamal\u0131 ve sedir astarl\u0131 Nemlendirici Set.<\/p>\n<p>Tek bir k\u00fcll\u00fck, bir metal Puro Kesici ve bir \u00e7ift Puro Tutucu, bir analog higrometre ve bir nemlendirme eleman\u0131 i\u00e7erir.<\/p>\n<p>Do\u011fru kullan\u0131m\u0131na ili\u015fkin talimatlar dahildir.<\/p>\n<p>Kapasite: 25 puroya kadar.<\/p>\n<p>Boyutlar: 26x22x11,5 cm.<\/p>\n<p>Renk: sar\u0131 \u2013 Cohiba tasar\u0131m\u0131.<\/p>","protected":false},"featured_media":11781,"template":"","meta":{"_acf_changed":false,"_kadence_starter_templates_imported_post":false,"_kad_post_transparent":"","_kad_post_title":"","_kad_post_layout":"","_kad_post_sidebar_id":"","_kad_post_content_style":"","_kad_post_vertical_padding":"","_kad_post_feature":"","_kad_post_feature_position":"","_kad_post_header":false,"_kad_post_footer":false},"product_cat":[544],"product_tag":[],"class_list":{"0":"post-11737","1":"product","2":"type-product","3":"status-publish","4":"has-post-thumbnail","6":"product_cat-ygrantires-pouron","7":"product_shipping_class-mi-kapnika","9":"first","10":"outofstock","11":"taxable","12":"shipping-taxable","13":"purchasable","14":"product-type-simple","15":"entry","16":"content-bg","17":"loop-entry"},"acf":[],"_links":{"self":[{"href":"https:\/\/nicoteam.gr\/tr\/wp-json\/wp\/v2\/product\/11737","targetHints":{"allow":["GET"]}}],"collection":[{"href":"https:\/\/nicoteam.gr\/tr\/wp-json\/wp\/v2\/product"}],"about":[{"href":"https:\/\/nicoteam.gr\/tr\/wp-json\/wp\/v2\/types\/product"}],"wp:featuredmedia":[{"embeddable":true,"href":"https:\/\/nicoteam.gr\/tr\/wp-json\/wp\/v2\/media\/11781"}],"wp:attachment":[{"href":"https:\/\/nicoteam.gr\/tr\/wp-json\/wp\/v2\/media?parent=11737"}],"wp:term":[{"taxonomy":"product_cat","embeddable":true,"href":"https:\/\/nicoteam.gr\/tr\/wp-json\/wp\/v2\/product_cat?post=11737"},{"taxonomy":"product_tag","embeddable":true,"href":"https:\/\/nicoteam.gr\/tr\/wp-json\/wp\/v2\/product_tag?post=11737"}],"curies":[{"name":"wp","href":"https:\/\/api.w.org\/{rel}","templated":true}]}}