{"id":11735,"date":"2022-02-07T13:21:14","date_gmt":"2022-02-07T11:21:14","guid":{"rendered":"https:\/\/nicoteam.gr\/?post_type=product&#038;p=11735"},"modified":"2024-09-03T18:44:30","modified_gmt":"2024-09-03T16:44:30","slug":"%cf%85%ce%b3%cf%81%ce%b1%ce%bd%cf%84%ce%ae%cf%81%ce%b1%cf%82-%ce%bc%ce%b5-%cf%84%ce%bf-logo-%cf%84%ce%b7%cf%82-cohiba","status":"publish","type":"product","link":"https:\/\/nicoteam.gr\/tr\/product\/%cf%85%ce%b3%cf%81%ce%b1%ce%bd%cf%84%ce%ae%cf%81%ce%b1%cf%82-%ce%bc%ce%b5-%cf%84%ce%bf-logo-%cf%84%ce%b7%cf%82-cohiba\/","title":{"rendered":"Cohiba logolu nemlendirici"},"content":{"rendered":"","protected":false},"excerpt":{"rendered":"<p>Cohiba logolu, parlak kaplamal\u0131 ve sedir astarl\u0131 nemlendirici. Analog bir higrometre i\u00e7erir,<br \/>\nbir nemlendirme eleman\u0131, \u00e7\u0131kar\u0131labilir bir ay\u0131r\u0131c\u0131, bir kilit ve iki anahtardan olu\u015fur.<\/p>\n<p>Kapasite: 50-75 puro<br \/>\nBoyutlar: 30*24*12,8 cm<br \/>\nRenk: Sar\u0131 ve Siyah<\/p>","protected":false},"featured_media":11778,"template":"","meta":{"_acf_changed":false,"_kadence_starter_templates_imported_post":false,"_kad_post_transparent":"default","_kad_post_title":"","_kad_post_layout":"default","_kad_post_sidebar_id":"","_kad_post_content_style":"default","_kad_post_vertical_padding":"default","_kad_post_feature":"","_kad_post_feature_position":"","_kad_post_header":false,"_kad_post_footer":false},"product_cat":[544],"product_tag":[],"class_list":{"0":"post-11735","1":"product","2":"type-product","3":"status-publish","4":"has-post-thumbnail","6":"product_cat-ygrantires-pouron","7":"product_shipping_class-mi-kapnika","9":"first","10":"outofstock","11":"taxable","12":"shipping-taxable","13":"purchasable","14":"product-type-simple","15":"entry","16":"content-bg","17":"loop-entry"},"acf":[],"_links":{"self":[{"href":"https:\/\/nicoteam.gr\/tr\/wp-json\/wp\/v2\/product\/11735","targetHints":{"allow":["GET"]}}],"collection":[{"href":"https:\/\/nicoteam.gr\/tr\/wp-json\/wp\/v2\/product"}],"about":[{"href":"https:\/\/nicoteam.gr\/tr\/wp-json\/wp\/v2\/types\/product"}],"wp:featuredmedia":[{"embeddable":true,"href":"https:\/\/nicoteam.gr\/tr\/wp-json\/wp\/v2\/media\/11778"}],"wp:attachment":[{"href":"https:\/\/nicoteam.gr\/tr\/wp-json\/wp\/v2\/media?parent=11735"}],"wp:term":[{"taxonomy":"product_cat","embeddable":true,"href":"https:\/\/nicoteam.gr\/tr\/wp-json\/wp\/v2\/product_cat?post=11735"},{"taxonomy":"product_tag","embeddable":true,"href":"https:\/\/nicoteam.gr\/tr\/wp-json\/wp\/v2\/product_tag?post=11735"}],"curies":[{"name":"wp","href":"https:\/\/api.w.org\/{rel}","templated":true}]}}