{"id":11731,"date":"2022-02-07T12:42:55","date_gmt":"2022-02-07T10:42:55","guid":{"rendered":"https:\/\/nicoteam.gr\/?post_type=product&#038;p=11731"},"modified":"2025-05-27T13:19:45","modified_gmt":"2025-05-27T11:19:45","slug":"%cf%80%ce%b1%ce%b3%ce%af%ce%b4%ce%b1-%ce%b5%ce%bd%cf%84%cf%8c%ce%bc%cf%89%ce%bd-%cf%85%ce%b3%cf%81%ce%b1%ce%bd%cf%84%ce%ae%cf%81%ce%b1-lasiotrap","status":"publish","type":"product","link":"https:\/\/nicoteam.gr\/tr\/product\/%cf%80%ce%b1%ce%b3%ce%af%ce%b4%ce%b1-%ce%b5%ce%bd%cf%84%cf%8c%ce%bc%cf%89%ce%bd-%cf%85%ce%b3%cf%81%ce%b1%ce%bd%cf%84%ce%ae%cf%81%ce%b1-lasiotrap\/","title":{"rendered":"Lasiotrap nemlendirici b\u00f6cek tuza\u011f\u0131"},"content":{"rendered":"","protected":false},"excerpt":{"rendered":"<p>Nemlendirici b\u00f6cek tuza\u011f\u0131-Lasiotrap.<\/p>\n<p>Lasiotrap, feromon tuza\u011f\u0131n\u0131n bir \u00e7e\u015fididir. Nemlendiricinin i\u00e7indeki b\u00f6cekleri yakalamak i\u00e7in geli\u015ftirildi.<\/p>\n<p>De\u011fi\u015ftirilebilir feromon kaps\u00fclleri ile.<\/p>\n<p>Her kaps\u00fcl 4 ila 6 hafta s\u00fcrer.<\/p>","protected":false},"featured_media":11739,"template":"","meta":{"_acf_changed":false,"_kadence_starter_templates_imported_post":false,"_kad_post_transparent":"default","_kad_post_title":"","_kad_post_layout":"default","_kad_post_sidebar_id":"","_kad_post_content_style":"default","_kad_post_vertical_padding":"default","_kad_post_feature":"","_kad_post_feature_position":"","_kad_post_header":false,"_kad_post_footer":false},"product_cat":[545],"product_tag":[],"class_list":{"0":"post-11731","1":"product","2":"type-product","3":"status-publish","4":"has-post-thumbnail","6":"product_cat-irometra-kai-igrantika","7":"product_shipping_class-mi-kapnika","9":"first","10":"outofstock","11":"taxable","12":"shipping-taxable","13":"purchasable","14":"product-type-simple","15":"entry","16":"content-bg","17":"loop-entry"},"acf":[],"_links":{"self":[{"href":"https:\/\/nicoteam.gr\/tr\/wp-json\/wp\/v2\/product\/11731","targetHints":{"allow":["GET"]}}],"collection":[{"href":"https:\/\/nicoteam.gr\/tr\/wp-json\/wp\/v2\/product"}],"about":[{"href":"https:\/\/nicoteam.gr\/tr\/wp-json\/wp\/v2\/types\/product"}],"wp:featuredmedia":[{"embeddable":true,"href":"https:\/\/nicoteam.gr\/tr\/wp-json\/wp\/v2\/media\/11739"}],"wp:attachment":[{"href":"https:\/\/nicoteam.gr\/tr\/wp-json\/wp\/v2\/media?parent=11731"}],"wp:term":[{"taxonomy":"product_cat","embeddable":true,"href":"https:\/\/nicoteam.gr\/tr\/wp-json\/wp\/v2\/product_cat?post=11731"},{"taxonomy":"product_tag","embeddable":true,"href":"https:\/\/nicoteam.gr\/tr\/wp-json\/wp\/v2\/product_tag?post=11731"}],"curies":[{"name":"wp","href":"https:\/\/api.w.org\/{rel}","templated":true}]}}