{"id":11710,"date":"2022-02-07T12:04:24","date_gmt":"2022-02-07T10:04:24","guid":{"rendered":"https:\/\/nicoteam.gr\/?post_type=product&#038;p=11710"},"modified":"2023-08-28T10:29:10","modified_gmt":"2023-08-28T08:29:10","slug":"%ce%ba%ce%b5%cf%81%ce%b1%ce%bc%ce%b9%ce%ba%ce%bf-%cf%83%cf%84%ce%b1%cf%87%cf%84%ce%bf%ce%b4%ce%bf%cf%87%ce%b5%ce%b9%ce%bf-2-%cf%80%ce%bf%cf%85%cf%81%cf%89%ce%bd","status":"publish","type":"product","link":"https:\/\/nicoteam.gr\/tr\/product\/%ce%ba%ce%b5%cf%81%ce%b1%ce%bc%ce%b9%ce%ba%ce%bf-%cf%83%cf%84%ce%b1%cf%87%cf%84%ce%bf%ce%b4%ce%bf%cf%87%ce%b5%ce%b9%ce%bf-2-%cf%80%ce%bf%cf%85%cf%81%cf%89%ce%bd\/","title":{"rendered":"2 PURO \u0130\u00c7\u0130N SERAM\u0130K K\u00dcLL\u00dcK"},"content":{"rendered":"","protected":false},"excerpt":{"rendered":"<p>2 puro i\u00e7in K\u00fcba bayra\u011f\u0131 ta\u015f\u0131yan seramik k\u00fcll\u00fck<\/p>\n<p>Boyutlar: 190*160*30MM<\/p>","protected":false},"featured_media":11724,"template":"","meta":{"_acf_changed":false,"_kadence_starter_templates_imported_post":false,"_kad_post_transparent":"","_kad_post_title":"","_kad_post_layout":"","_kad_post_sidebar_id":"","_kad_post_content_style":"","_kad_post_vertical_padding":"","_kad_post_feature":"","_kad_post_feature_position":"","_kad_post_header":false,"_kad_post_footer":false},"product_cat":[543],"product_tag":[],"class_list":{"0":"post-11710","1":"product","2":"type-product","3":"status-publish","4":"has-post-thumbnail","6":"product_cat-cigar-ashtray","7":"product_shipping_class-mi-kapnika","9":"first","10":"instock","11":"taxable","12":"shipping-taxable","13":"purchasable","14":"product-type-simple","15":"entry","16":"content-bg","17":"loop-entry"},"acf":[],"_links":{"self":[{"href":"https:\/\/nicoteam.gr\/tr\/wp-json\/wp\/v2\/product\/11710","targetHints":{"allow":["GET"]}}],"collection":[{"href":"https:\/\/nicoteam.gr\/tr\/wp-json\/wp\/v2\/product"}],"about":[{"href":"https:\/\/nicoteam.gr\/tr\/wp-json\/wp\/v2\/types\/product"}],"wp:featuredmedia":[{"embeddable":true,"href":"https:\/\/nicoteam.gr\/tr\/wp-json\/wp\/v2\/media\/11724"}],"wp:attachment":[{"href":"https:\/\/nicoteam.gr\/tr\/wp-json\/wp\/v2\/media?parent=11710"}],"wp:term":[{"taxonomy":"product_cat","embeddable":true,"href":"https:\/\/nicoteam.gr\/tr\/wp-json\/wp\/v2\/product_cat?post=11710"},{"taxonomy":"product_tag","embeddable":true,"href":"https:\/\/nicoteam.gr\/tr\/wp-json\/wp\/v2\/product_tag?post=11710"}],"curies":[{"name":"wp","href":"https:\/\/api.w.org\/{rel}","templated":true}]}}