{"id":11707,"date":"2022-02-07T12:00:08","date_gmt":"2022-02-07T10:00:08","guid":{"rendered":"https:\/\/nicoteam.gr\/?post_type=product&#038;p=11707"},"modified":"2023-08-28T10:29:11","modified_gmt":"2023-08-28T08:29:11","slug":"11707","status":"publish","type":"product","link":"https:\/\/nicoteam.gr\/tr\/product\/11707\/","title":{"rendered":"2 puro i\u00e7in Timsah Porselen Puro K\u00fcll\u00fc\u011f\u00fc"},"content":{"rendered":"","protected":false},"excerpt":{"rendered":"<p>Puro k\u00fcll\u00fc\u011f\u00fc-Timsah-Porselen-2 puro.<\/p>\n<p>Timsah deseni.<\/p>\n<p>Renk: Siyah ve beyaz.<\/p>\n<p>K\u00fcll\u00fck kapasitesi: 2 puro.<\/p>\n<p>Porselen malzemeden yap\u0131lm\u0131\u015f puro k\u00fcll\u00fc\u011f\u00fc.<\/p>\n<p>Boyutlar: 20*17,5*3,8 cm.<\/p>","protected":false},"featured_media":11720,"template":"","meta":{"_acf_changed":false,"_kadence_starter_templates_imported_post":false,"_kad_post_transparent":"","_kad_post_title":"","_kad_post_layout":"","_kad_post_sidebar_id":"","_kad_post_content_style":"","_kad_post_vertical_padding":"","_kad_post_feature":"","_kad_post_feature_position":"","_kad_post_header":false,"_kad_post_footer":false},"product_cat":[543],"product_tag":[],"class_list":{"0":"post-11707","1":"product","2":"type-product","3":"status-publish","4":"has-post-thumbnail","6":"product_cat-cigar-ashtray","7":"product_shipping_class-mi-kapnika","9":"first","10":"instock","11":"taxable","12":"shipping-taxable","13":"purchasable","14":"product-type-simple","15":"entry","16":"content-bg","17":"loop-entry"},"acf":[],"_links":{"self":[{"href":"https:\/\/nicoteam.gr\/tr\/wp-json\/wp\/v2\/product\/11707","targetHints":{"allow":["GET"]}}],"collection":[{"href":"https:\/\/nicoteam.gr\/tr\/wp-json\/wp\/v2\/product"}],"about":[{"href":"https:\/\/nicoteam.gr\/tr\/wp-json\/wp\/v2\/types\/product"}],"wp:featuredmedia":[{"embeddable":true,"href":"https:\/\/nicoteam.gr\/tr\/wp-json\/wp\/v2\/media\/11720"}],"wp:attachment":[{"href":"https:\/\/nicoteam.gr\/tr\/wp-json\/wp\/v2\/media?parent=11707"}],"wp:term":[{"taxonomy":"product_cat","embeddable":true,"href":"https:\/\/nicoteam.gr\/tr\/wp-json\/wp\/v2\/product_cat?post=11707"},{"taxonomy":"product_tag","embeddable":true,"href":"https:\/\/nicoteam.gr\/tr\/wp-json\/wp\/v2\/product_tag?post=11707"}],"curies":[{"name":"wp","href":"https:\/\/api.w.org\/{rel}","templated":true}]}}