{"id":11688,"date":"2022-02-07T11:51:57","date_gmt":"2022-02-07T09:51:57","guid":{"rendered":"https:\/\/nicoteam.gr\/?post_type=product&#038;p=11688"},"modified":"2023-08-28T10:29:11","modified_gmt":"2023-08-28T08:29:11","slug":"%cf%83%cf%84%ce%b1%cf%87%cf%84%ce%bf%ce%b4%ce%bf%cf%87%ce%b5%ce%af%ce%bf-%cf%80%ce%bf%cf%8d%cf%81%cf%89%ce%bd-%ce%ba%ce%b5%cf%81%ce%b1%ce%bc%ce%b9%ce%ba%cf%8c-%ce%bc%ce%b1%cf%84","status":"publish","type":"product","link":"https:\/\/nicoteam.gr\/tr\/product\/%cf%83%cf%84%ce%b1%cf%87%cf%84%ce%bf%ce%b4%ce%bf%cf%87%ce%b5%ce%af%ce%bf-%cf%80%ce%bf%cf%8d%cf%81%cf%89%ce%bd-%ce%ba%ce%b5%cf%81%ce%b1%ce%bc%ce%b9%ce%ba%cf%8c-%ce%bc%ce%b1%cf%84\/","title":{"rendered":"Puro K\u00fcll\u00fc\u011f\u00fc Seramik-Mat"},"content":{"rendered":"","protected":false},"excerpt":{"rendered":"<p>Puro k\u00fcll\u00fc\u011f\u00fc-Seramik-Mat.<\/p>\n<p>En sevdi\u011finiz purolar\u0131n tad\u0131n\u0131 \u00e7\u0131karman\u0131z i\u00e7in k\u00fcl tablas\u0131.<\/p>\n<p>Seramik malzemeden \u00fcretilmi\u015ftir.<\/p>\n<p>Renk: Mat siyah.<\/p>\n<p>Kapasite: 2 puro.<\/p>\n<p>Boyutlar: 19x11x4 cm.<\/p>","protected":false},"featured_media":11703,"template":"","meta":{"_acf_changed":false,"_kadence_starter_templates_imported_post":false,"_kad_post_transparent":"","_kad_post_title":"","_kad_post_layout":"","_kad_post_sidebar_id":"","_kad_post_content_style":"","_kad_post_vertical_padding":"","_kad_post_feature":"","_kad_post_feature_position":"","_kad_post_header":false,"_kad_post_footer":false},"product_cat":[543],"product_tag":[],"class_list":{"0":"post-11688","1":"product","2":"type-product","3":"status-publish","4":"has-post-thumbnail","6":"product_cat-cigar-ashtray","7":"product_shipping_class-mi-kapnika","9":"first","10":"instock","11":"taxable","12":"shipping-taxable","13":"purchasable","14":"product-type-simple","15":"entry","16":"content-bg","17":"loop-entry"},"acf":[],"_links":{"self":[{"href":"https:\/\/nicoteam.gr\/tr\/wp-json\/wp\/v2\/product\/11688","targetHints":{"allow":["GET"]}}],"collection":[{"href":"https:\/\/nicoteam.gr\/tr\/wp-json\/wp\/v2\/product"}],"about":[{"href":"https:\/\/nicoteam.gr\/tr\/wp-json\/wp\/v2\/types\/product"}],"wp:featuredmedia":[{"embeddable":true,"href":"https:\/\/nicoteam.gr\/tr\/wp-json\/wp\/v2\/media\/11703"}],"wp:attachment":[{"href":"https:\/\/nicoteam.gr\/tr\/wp-json\/wp\/v2\/media?parent=11688"}],"wp:term":[{"taxonomy":"product_cat","embeddable":true,"href":"https:\/\/nicoteam.gr\/tr\/wp-json\/wp\/v2\/product_cat?post=11688"},{"taxonomy":"product_tag","embeddable":true,"href":"https:\/\/nicoteam.gr\/tr\/wp-json\/wp\/v2\/product_tag?post=11688"}],"curies":[{"name":"wp","href":"https:\/\/api.w.org\/{rel}","templated":true}]}}