{"id":11612,"date":"2022-02-07T10:54:06","date_gmt":"2022-02-07T08:54:06","guid":{"rendered":"https:\/\/nicoteam.gr\/?post_type=product&#038;p=11612"},"modified":"2023-08-28T10:29:12","modified_gmt":"2023-08-28T08:29:12","slug":"%ce%ba%cf%8c%cf%86%cf%84%ce%b7%cf%82-%cf%80%ce%bf%cf%8d%cf%81%ce%bf%cf%85-%ce%b3%ce%ba%ce%b9%ce%bb%ce%bf%cf%84%ce%af%ce%bd%ce%b1-%ce%bc%ce%b5%cf%84%ce%b1%ce%bb%ce%bb%ce%b9%ce%ba%cf%8c%cf%82","status":"publish","type":"product","link":"https:\/\/nicoteam.gr\/tr\/product\/%ce%ba%cf%8c%cf%86%cf%84%ce%b7%cf%82-%cf%80%ce%bf%cf%8d%cf%81%ce%bf%cf%85-%ce%b3%ce%ba%ce%b9%ce%bb%ce%bf%cf%84%ce%af%ce%bd%ce%b1-%ce%bc%ce%b5%cf%84%ce%b1%ce%bb%ce%bb%ce%b9%ce%ba%cf%8c%cf%82\/","title":{"rendered":"\u039a\u03cc\u03c6\u03c4\u03b7\u03c2 \u03a0\u03bf\u03cd\u03c1\u03bf\u03c5 \u0393\u03ba\u03b9\u03bb\u03bf\u03c4\u03af\u03bd\u03b1 \u039c\u03b5\u03c4\u03b1\u03bb\u03bb\u03b9\u03ba\u03cc\u03c2"},"content":{"rendered":"","protected":false},"excerpt":{"rendered":"<p>\u03a0\u03bf\u03c5\u03c1\u03bf\u03ba\u03cc\u03c6\u03c4\u03b7\u03c2\u00a0\u00a0\u03b3\u03ba\u03b9\u03bb\u03bf\u03c4\u03c4\u03af\u03bd\u03b1 \u03b1\u03c0\u03cc \u03b1\u03bd\u03bf\u03be\u03b5\u03af\u03b4\u03c9\u03c4\u03bf \u03b1\u03c4\u03c3\u03ac\u03bb\u03b9 \u03bc\u03b5 \u03b4\u03b9\u03c0\u03bb\u03ae \u03bb\u03b5\u03c0\u03af\u03b4\u03b1.<br \/>\nG\u00fcm\u00fc\u015f renk<br \/>\n\u039c\u03ad\u03b3\u03b5\u03b8\u03bf\u03c2 \u0394\u03b1\u03c7\u03c4\u03c5\u03bb\u03b9\u03b4\u03b9\u03bf\u03cd:\u03b5\u03c9\u03c2 60<\/p>\n<p>Hediye paketleme<\/p>","protected":false},"featured_media":17164,"template":"","meta":{"_acf_changed":false,"_kadence_starter_templates_imported_post":false,"_kad_post_transparent":"","_kad_post_title":"","_kad_post_layout":"","_kad_post_sidebar_id":"","_kad_post_content_style":"","_kad_post_vertical_padding":"","_kad_post_feature":"","_kad_post_feature_position":"","_kad_post_header":false,"_kad_post_footer":false},"product_cat":[541],"product_tag":[],"class_list":{"0":"post-11612","1":"product","2":"type-product","3":"status-publish","4":"has-post-thumbnail","6":"product_cat-pouri-koftes","7":"product_shipping_class-mi-kapnika","9":"first","10":"outofstock","11":"taxable","12":"shipping-taxable","13":"purchasable","14":"product-type-simple","15":"entry","16":"content-bg","17":"loop-entry"},"acf":[],"_links":{"self":[{"href":"https:\/\/nicoteam.gr\/tr\/wp-json\/wp\/v2\/product\/11612","targetHints":{"allow":["GET"]}}],"collection":[{"href":"https:\/\/nicoteam.gr\/tr\/wp-json\/wp\/v2\/product"}],"about":[{"href":"https:\/\/nicoteam.gr\/tr\/wp-json\/wp\/v2\/types\/product"}],"wp:featuredmedia":[{"embeddable":true,"href":"https:\/\/nicoteam.gr\/tr\/wp-json\/wp\/v2\/media\/17164"}],"wp:attachment":[{"href":"https:\/\/nicoteam.gr\/tr\/wp-json\/wp\/v2\/media?parent=11612"}],"wp:term":[{"taxonomy":"product_cat","embeddable":true,"href":"https:\/\/nicoteam.gr\/tr\/wp-json\/wp\/v2\/product_cat?post=11612"},{"taxonomy":"product_tag","embeddable":true,"href":"https:\/\/nicoteam.gr\/tr\/wp-json\/wp\/v2\/product_tag?post=11612"}],"curies":[{"name":"wp","href":"https:\/\/api.w.org\/{rel}","templated":true}]}}