{"id":11564,"date":"2022-02-07T10:00:18","date_gmt":"2022-02-07T08:00:18","guid":{"rendered":"https:\/\/nicoteam.gr\/?post_type=product&#038;p=11564"},"modified":"2023-08-28T10:20:39","modified_gmt":"2023-08-28T08:20:39","slug":"tekmee-usb-3-in-1-cable-in-nylon-cord-2a-1m","status":"publish","type":"product","link":"https:\/\/nicoteam.gr\/tr\/product\/tekmee-usb-3-in-1-cable-in-nylon-cord-2a-1m\/","title":{"rendered":"TEKMEE USB 3&#039;\u00dc 1 ARADA KABLO, NAYLON KABLO 2A 1M"},"content":{"rendered":"","protected":false},"excerpt":{"rendered":"<p>USB \u015farj kablonuzu mu kaybettiniz? \u00c7\u00f6z\u00fcm? Tekmee&#039;den 2A 1M Naylon \u00d6rg\u00fcl\u00fc USB 3&#039;\u00fc 1 Arada Kabloyu sat\u0131n al\u0131n. Bunun 3 ipucu var:\u00a0<strong>Y\u0131ld\u0131r\u0131m<\/strong>\u00a0,\u00a0<strong>mikro USB<\/strong>\u00a0Ve\u00a0<strong>USB-C<\/strong>\u00a0. B\u00f6ylece hem elektronik sigaran\u0131z\u0131 hem de iPhone&#039;unuz gibi \u00e7e\u015fitli cihazlar\u0131n\u0131z\u0131 \u015farj edebilirsiniz. \u00c7oklu kullan\u0131mlar i\u00e7in tek bir kablo!<\/p>\n<p>\u015earj i\u015flemi h\u0131zl\u0131 <strong>2A&#039;n\u0131n g\u00fcc\u00fc<\/strong>\u00a0. Uzunlu\u011fu\u00a0<strong>1 m<\/strong>\u00a0\u00e7ok pratiktir. Uygun\u00a0<strong>Gri renk<\/strong>\u00a0.<\/p>","protected":false},"featured_media":11579,"template":"","meta":{"_acf_changed":false,"_kadence_starter_templates_imported_post":false,"_kad_post_transparent":"","_kad_post_title":"","_kad_post_layout":"","_kad_post_sidebar_id":"","_kad_post_content_style":"","_kad_post_vertical_padding":"","_kad_post_feature":"","_kad_post_feature_position":"","_kad_post_header":false,"_kad_post_footer":false},"product_cat":[425],"product_tag":[],"class_list":{"0":"post-11564","1":"product","2":"type-product","3":"status-publish","4":"has-post-thumbnail","6":"product_cat-chargers","7":"product_shipping_class-mi-kapnika","9":"first","10":"instock","11":"taxable","12":"shipping-taxable","13":"purchasable","14":"product-type-simple","15":"entry","16":"content-bg","17":"loop-entry"},"acf":[],"_links":{"self":[{"href":"https:\/\/nicoteam.gr\/tr\/wp-json\/wp\/v2\/product\/11564","targetHints":{"allow":["GET"]}}],"collection":[{"href":"https:\/\/nicoteam.gr\/tr\/wp-json\/wp\/v2\/product"}],"about":[{"href":"https:\/\/nicoteam.gr\/tr\/wp-json\/wp\/v2\/types\/product"}],"wp:featuredmedia":[{"embeddable":true,"href":"https:\/\/nicoteam.gr\/tr\/wp-json\/wp\/v2\/media\/11579"}],"wp:attachment":[{"href":"https:\/\/nicoteam.gr\/tr\/wp-json\/wp\/v2\/media?parent=11564"}],"wp:term":[{"taxonomy":"product_cat","embeddable":true,"href":"https:\/\/nicoteam.gr\/tr\/wp-json\/wp\/v2\/product_cat?post=11564"},{"taxonomy":"product_tag","embeddable":true,"href":"https:\/\/nicoteam.gr\/tr\/wp-json\/wp\/v2\/product_tag?post=11564"}],"curies":[{"name":"wp","href":"https:\/\/api.w.org\/{rel}","templated":true}]}}