{"id":11320,"date":"2022-02-04T11:16:41","date_gmt":"2022-02-04T09:16:41","guid":{"rendered":"https:\/\/nicoteam.gr\/?post_type=product&#038;p=11320"},"modified":"2024-07-19T09:55:09","modified_gmt":"2024-07-19T07:55:09","slug":"smok-tfv12-prince-q4-0-40-ohm","status":"publish","type":"product","link":"https:\/\/nicoteam.gr\/tr\/product\/smok-tfv12-prince-q4-0-40-ohm\/","title":{"rendered":"SMOK TFV12 Prens Q4 0,4 ohm"},"content":{"rendered":"<p>Dikkat! Fiyat 1 adet i\u00e7indir.<\/p>","protected":false},"excerpt":{"rendered":"<p>TFV12 Prince Q4 bobin kafas\u0131, SMOK TFV12 Prince atomizer i\u00e7in uygundur. TFV12 Prince Q4 \u00e7ekirde\u011finin empedans\u0131 0,40 \u03a9&#039;dur ve 40Watt&#039;tan 100Watt&#039;a kadar g\u00fcc\u00fc destekleyebilir (60Watt&#039;tan 80Watt&#039;a kadar idealdir). TFV12 Prince Q4 ba\u015fl\u0131\u011f\u0131 size derin ve zengin bir e-sigara tad\u0131 verecek!<\/p>","protected":false},"featured_media":11333,"template":"","meta":{"_acf_changed":false,"_kadence_starter_templates_imported_post":false,"_kad_post_transparent":"","_kad_post_title":"","_kad_post_layout":"","_kad_post_sidebar_id":"","_kad_post_content_style":"","_kad_post_vertical_padding":"","_kad_post_feature":"","_kad_post_feature_position":"","_kad_post_header":false,"_kad_post_footer":false},"product_cat":[147],"product_tag":[],"class_list":{"0":"post-11320","1":"product","2":"type-product","3":"status-publish","4":"has-post-thumbnail","6":"product_cat-coils","7":"product_shipping_class-mi-kapnika","9":"first","10":"instock","11":"taxable","12":"shipping-taxable","13":"purchasable","14":"product-type-simple","15":"entry","16":"content-bg","17":"loop-entry"},"acf":[],"_links":{"self":[{"href":"https:\/\/nicoteam.gr\/tr\/wp-json\/wp\/v2\/product\/11320","targetHints":{"allow":["GET"]}}],"collection":[{"href":"https:\/\/nicoteam.gr\/tr\/wp-json\/wp\/v2\/product"}],"about":[{"href":"https:\/\/nicoteam.gr\/tr\/wp-json\/wp\/v2\/types\/product"}],"wp:featuredmedia":[{"embeddable":true,"href":"https:\/\/nicoteam.gr\/tr\/wp-json\/wp\/v2\/media\/11333"}],"wp:attachment":[{"href":"https:\/\/nicoteam.gr\/tr\/wp-json\/wp\/v2\/media?parent=11320"}],"wp:term":[{"taxonomy":"product_cat","embeddable":true,"href":"https:\/\/nicoteam.gr\/tr\/wp-json\/wp\/v2\/product_cat?post=11320"},{"taxonomy":"product_tag","embeddable":true,"href":"https:\/\/nicoteam.gr\/tr\/wp-json\/wp\/v2\/product_tag?post=11320"}],"curies":[{"name":"wp","href":"https:\/\/api.w.org\/{rel}","templated":true}]}}