{"id":11280,"date":"2022-02-04T10:24:14","date_gmt":"2022-02-04T08:24:14","guid":{"rendered":"https:\/\/nicoteam.gr\/?post_type=product&#038;p=11280"},"modified":"2025-07-23T11:52:26","modified_gmt":"2025-07-23T09:52:26","slug":"smok-tfv12-t12-cloud-beast-king-coil-0-12-ohm","status":"publish","type":"product","link":"https:\/\/nicoteam.gr\/tr\/product\/smok-tfv12-t12-cloud-beast-king-coil-0-12-ohm\/","title":{"rendered":"Smok TFV12 T12 Bulut Canavar\u0131 Kral Bobin 0.12 ohm"},"content":{"rendered":"<p><strong>Par\u00e7a ba\u015f\u0131na fiyat!<\/strong><\/p>","protected":false},"excerpt":{"rendered":"<p>Par\u00e7a ba\u015f\u0131na fiyat!<\/p>","protected":false},"featured_media":11288,"template":"","meta":{"_acf_changed":false,"_kadence_starter_templates_imported_post":false,"_kad_post_transparent":"","_kad_post_title":"","_kad_post_layout":"","_kad_post_sidebar_id":"","_kad_post_content_style":"","_kad_post_vertical_padding":"","_kad_post_feature":"","_kad_post_feature_position":"","_kad_post_header":false,"_kad_post_footer":false},"product_cat":[147],"product_tag":[],"class_list":{"0":"post-11280","1":"product","2":"type-product","3":"status-publish","4":"has-post-thumbnail","6":"product_cat-coils","7":"product_shipping_class-mi-kapnika","9":"first","10":"instock","11":"taxable","12":"shipping-taxable","13":"purchasable","14":"product-type-simple","15":"entry","16":"content-bg","17":"loop-entry"},"acf":[],"_links":{"self":[{"href":"https:\/\/nicoteam.gr\/tr\/wp-json\/wp\/v2\/product\/11280","targetHints":{"allow":["GET"]}}],"collection":[{"href":"https:\/\/nicoteam.gr\/tr\/wp-json\/wp\/v2\/product"}],"about":[{"href":"https:\/\/nicoteam.gr\/tr\/wp-json\/wp\/v2\/types\/product"}],"wp:featuredmedia":[{"embeddable":true,"href":"https:\/\/nicoteam.gr\/tr\/wp-json\/wp\/v2\/media\/11288"}],"wp:attachment":[{"href":"https:\/\/nicoteam.gr\/tr\/wp-json\/wp\/v2\/media?parent=11280"}],"wp:term":[{"taxonomy":"product_cat","embeddable":true,"href":"https:\/\/nicoteam.gr\/tr\/wp-json\/wp\/v2\/product_cat?post=11280"},{"taxonomy":"product_tag","embeddable":true,"href":"https:\/\/nicoteam.gr\/tr\/wp-json\/wp\/v2\/product_tag?post=11280"}],"curies":[{"name":"wp","href":"https:\/\/api.w.org\/{rel}","templated":true}]}}