{"id":11270,"date":"2022-02-04T10:18:44","date_gmt":"2022-02-04T08:18:44","guid":{"rendered":"https:\/\/nicoteam.gr\/?post_type=product&#038;p=11270"},"modified":"2022-07-20T09:49:11","modified_gmt":"2022-07-20T07:49:11","slug":"smok-tfv12-v12-t8-0-16-ohm","status":"publish","type":"product","link":"https:\/\/nicoteam.gr\/tr\/product\/smok-tfv12-v12-t8-0-16-ohm\/","title":{"rendered":"SMOK TFV12 V12 T8 0.16ohm"},"content":{"rendered":"<p>\u03a4\u03b1 \u03c0\u03b7\u03bd\u03af\u03b1 V12-T8 \u03b5\u03af\u03bd\u03b1\u03b9 \u03bc\u03b9\u03b1 \u03b1\u03bd\u03b1\u03b2\u03b1\u03b8\u03bc\u03b9\u03c3\u03bc\u03ad\u03bd\u03b7 \u03ad\u03ba\u03b4\u03bf\u03c3\u03b7 \u03c4\u03c9\u03bd \u03c0\u03b7\u03bd\u03af\u03c9\u03bd V8-T8 \u03b3\u03b9\u03b1 \u03bd\u03b1 \u03c4\u03b1\u03b9\u03c1\u03b9\u03ac\u03b6\u03bf\u03c5\u03bd \u03ba\u03b1\u03bb\u03cd\u03c4\u03b5\u03c1\u03b1 \u03c3\u03c4\u03bf\u03bd \u03b1\u03c4\u03bc\u03bf\u03c0\u03bf\u03b9\u03b7\u03c4\u03ae King Beast King. \u0394\u03b9\u03b1\u03c4\u03b7\u03c1\u03b5\u03af\u03c4\u03b1\u03b9 \u03bf \u03c3\u03c7\u03b5\u03b4\u03b9\u03b1\u03c3\u03bc\u03cc\u03c2 \u03c4\u03c9\u03bd 8 \u03c0\u03b7\u03bd\u03af\u03c9\u03bd, \u03bc\u03b5 4 \u03b4\u03b9\u03c0\u03bb\u03ac \u03c0\u03b1\u03c1\u03ac\u03bb\u03bb\u03b7\u03bb\u03b1 \u03c0\u03b7\u03bd\u03af\u03b1 \u03c0\u03bf\u03c5 \u03b5\u03af\u03bd\u03b1\u03b9 \u03b5\u03c5\u03b8\u03c5\u03b3\u03c1\u03b1\u03bc\u03bc\u03b9\u03c3\u03bc\u03ad\u03bd\u03bf\u03b9 \u03ba\u03ac\u03b8\u03b5\u03c4\u03b1 \u03b3\u03b9\u03b1 \u03bd\u03b1 \u03c0\u03c1\u03bf\u03c9\u03b8\u03ae\u03c3\u03bf\u03c5\u03bd \u03c4\u03b7\u03bd \u03b3\u03b5\u03cd\u03c3\u03b7 \u03ba\u03b1\u03b9 \u03c4\u03b7\u03bd \u03c0\u03b1\u03c1\u03b1\u03b3\u03c9\u03b3\u03ae \u03bd\u03ad\u03c6\u03bf\u03c5\u03c2, \u03ba\u03ac\u03c4\u03b9 \u03c0\u03bf\u03c5 \u03c0\u03b5\u03c1\u03b9\u03bc\u03ad\u03bd\u03bf\u03c5\u03bc\u03b5 \u03b1\u03c0\u03cc \u03c4\u03b7\u03bd SMOK. \u03a3\u03b5 \u03b1\u03bd\u03c4\u03af\u03b8\u03b5\u03c3\u03b7 \u03bc\u03b5 \u03c4\u03b9\u03c2 \u03ba\u03b5\u03c6\u03b1\u03bb\u03ad\u03c2 V8-T8, \u03bf\u03b9 V12-V8 \u03c4\u03bf\u03c5 \u03ad\u03c7\u03bf\u03c5\u03bd \u03bc\u03b5\u03b3\u03b1\u03bb\u03cd\u03c4\u03b5\u03c1\u03b7 \u03b5\u03c0\u03b9\u03c6\u03ac\u03bd\u03b5\u03b9\u03b1 \u03ba\u03b1\u03b9 \u03c0\u03b9\u03bf \u03c7\u03bf\u03bd\u03c4\u03c1\u03cc \u03ba\u03b1\u03bb\u03ce\u03b4\u03b9\u03bf. \u03a4\u03bf \u03c0\u03b1\u03c7\u03cd\u03c4\u03b5\u03c1\u03bf \u03ba\u03b1\u03bb\u03ce\u03b4\u03b9\u03bf \u03ba\u03b1\u03b9 \u03c4\u03b1 \u03c0\u03bb\u03b1\u03c4\u03cd\u03c4\u03b5\u03c1\u03b1 \u03c0\u03b5\u03c1\u03b9\u03b2\u03bb\u03ae\u03bc\u03b1\u03c4\u03b1 \u03b1\u03c5\u03be\u03ac\u03bd\u03bf\u03c5\u03bd \u03c4\u03b7\u03bd \u03c1\u03bf\u03ae \u03b1\u03ad\u03c1\u03bf\u03c2 \u03b1\u03bb\u03bb\u03ac \u03ba\u03b1\u03b9 \u03c4\u03b7\u03bd \u03c0\u03c5\u03ba\u03bd\u03cc\u03c4\u03b7\u03c4\u03b1 \u03c4\u03bf\u03c5 \u03b1\u03c4\u03bc\u03af\u03c3\u03bc\u03b1\u03c4\u03bf\u03c2. \u039a\u03ac\u03b8\u03b5 \u03c0\u03b7\u03bd\u03af\u03bf \u03b5\u03af\u03bd\u03b1\u03b9 \u03ba\u03b1\u03c4\u03b1\u03c3\u03ba\u03b5\u03c5\u03b1\u03c3\u03bc\u03ad\u03bd\u03bf \u03b1\u03c0\u03cc \u03bf\u03c1\u03b3\u03b1\u03bd\u03b9\u03ba\u03cc \u03b2\u03b1\u03bc\u03b2\u03ac\u03ba\u03b9 \u03ba\u03b1\u03b9 \u03b1\u03bd\u03bf\u03be\u03b5\u03af\u03b4\u03c9\u03c4\u03bf \u03b1\u03c4\u03c3\u03ac\u03bb\u03b9. \u039f\u03b9 \u03b1\u03bd\u03c4\u03b9\u03c3\u03c4\u03ac\u03c3\u03b5\u03b9\u03c2 V12-T8 \u03b5\u03af\u03bd\u03b1\u03b9 \u03c3\u03c4\u03b1 0.16 ohms \u03ba\u03b1\u03b9 \u03ba\u03b9\u03bd\u03bf\u03cd\u03bd\u03c4\u03b1\u03b9 \u03bc\u03b5\u03c4\u03b1\u03be\u03cd 700-320 watts. \u0393\u03b9\u03b1 \u03ba\u03b1\u03bb\u03cd\u03c4\u03b5\u03c1\u03b7 \u03b1\u03c0\u03cc\u03b4\u03bf\u03c3\u03b7 \u03ba\u03b1\u03bb\u03cc \u03b5\u03af\u03bd\u03b1\u03b9 \u03bd\u03b1 \u03c7\u03c1\u03b7\u03c3\u03b9\u03bc\u03bf\u03c0\u03bf\u03b9\u03b7\u03b8\u03bf\u03cd\u03bd \u03b1\u03c0\u03cc 120 \u03bc\u03b5 200 watts.<\/p>\n<p>\u03a3\u03b7\u03bc\u03b5\u03af\u03c9\u03c3\u03b7: \u0391\u03c5\u03c4\u03ad\u03c2 \u03bf\u03b9 \u03ba\u03b5\u03c6\u03b1\u03bb\u03ad\u03c2 \u03b5\u03af\u03bd\u03b1\u03b9 \u03b3\u03b9\u03b1 \u03c4\u03bf\u03bd TFV12 Cloud Beast King \u03ba\u03b1\u03b9 \u03b4\u03b5\u03bd \u03b8\u03b1 \u03c7\u03c9\u03c1\u03ad\u03c3\u03bf\u03c5\u03bd \u03c3\u03b5 \u03ba\u03b1\u03bc\u03af\u03b1 \u03b1\u03c0\u03cc \u03c4\u03b9\u03c2 \u03b4\u03b5\u03be\u03b1\u03bc\u03b5\u03bd\u03ad\u03c2 \u03c4\u03b7\u03c2 \u03c3\u03b5\u03b9\u03c1\u03ac\u03c2 TFV8 \u03ae TFV4.<\/p>\n<h3 class=\"LC20lb MBeuO DKV0Md\">Par\u00e7a ba\u015f\u0131na fiyat!<\/h3>","protected":false},"excerpt":{"rendered":"<p>SMOK&#039;un V12-T8 bobinleri 8 bobindir ve TFV12 Cloud Beast King buharla\u015ft\u0131r\u0131c\u0131y\u0131 olu\u015fturur. Bunlar\u0131 V8-T8 diren\u00e7leri kadar, hatta daha fazlas\u0131n\u0131 seveceksiniz.<\/p>","protected":false},"featured_media":11287,"template":"","meta":{"_acf_changed":false,"_kadence_starter_templates_imported_post":false,"_kad_post_transparent":"","_kad_post_title":"","_kad_post_layout":"","_kad_post_sidebar_id":"","_kad_post_content_style":"","_kad_post_vertical_padding":"","_kad_post_feature":"","_kad_post_feature_position":"","_kad_post_header":false,"_kad_post_footer":false},"product_cat":[147],"product_tag":[],"class_list":{"0":"post-11270","1":"product","2":"type-product","3":"status-publish","4":"has-post-thumbnail","6":"product_cat-coils","7":"product_shipping_class-mi-kapnika","9":"first","10":"instock","11":"taxable","12":"shipping-taxable","13":"purchasable","14":"product-type-simple","15":"entry","16":"content-bg","17":"loop-entry"},"acf":[],"_links":{"self":[{"href":"https:\/\/nicoteam.gr\/tr\/wp-json\/wp\/v2\/product\/11270","targetHints":{"allow":["GET"]}}],"collection":[{"href":"https:\/\/nicoteam.gr\/tr\/wp-json\/wp\/v2\/product"}],"about":[{"href":"https:\/\/nicoteam.gr\/tr\/wp-json\/wp\/v2\/types\/product"}],"wp:featuredmedia":[{"embeddable":true,"href":"https:\/\/nicoteam.gr\/tr\/wp-json\/wp\/v2\/media\/11287"}],"wp:attachment":[{"href":"https:\/\/nicoteam.gr\/tr\/wp-json\/wp\/v2\/media?parent=11270"}],"wp:term":[{"taxonomy":"product_cat","embeddable":true,"href":"https:\/\/nicoteam.gr\/tr\/wp-json\/wp\/v2\/product_cat?post=11270"},{"taxonomy":"product_tag","embeddable":true,"href":"https:\/\/nicoteam.gr\/tr\/wp-json\/wp\/v2\/product_tag?post=11270"}],"curies":[{"name":"wp","href":"https:\/\/api.w.org\/{rel}","templated":true}]}}