{"id":11268,"date":"2022-02-04T09:59:47","date_gmt":"2022-02-04T07:59:47","guid":{"rendered":"https:\/\/nicoteam.gr\/?post_type=product&#038;p=11268"},"modified":"2023-08-28T10:20:40","modified_gmt":"2023-08-28T08:20:40","slug":"augvape-druga-22-squonk-mod-kit-stainless","status":"publish","type":"product","link":"https:\/\/nicoteam.gr\/tr\/product\/augvape-druga-22-squonk-mod-kit-stainless\/","title":{"rendered":"Augvape Druga 22 Squonk mod kiti \u2013 Paslanmaz"},"content":{"rendered":"<p>\u00d6\u00a0<b>\u0130la\u00e7 RDA<\/b>\u00a0Kelep\u00e7e Budak Sistemine ve 22 mm \u00e7apa sahip etkileyici bir Damlat\u0131c\u0131 buharla\u015ft\u0131r\u0131c\u0131d\u0131r. M\u00fckemmel lezzet ve b\u00fcy\u00fck buhar bulutlar\u0131 i\u00e7in yanlarda hava giri\u015fi. Malzemesi Alt\u0131n Kaplama G\u00fcverteli paslanmaz \u00e7eliktir ve size tek ve \u00e7ift rezistansl\u0131 yap\u0131 imkan\u0131 sunar.<\/p>\n<h4>\u00d6zellikler:<\/h4>\n<p>&nbsp;<\/p>\n<ul>\n<li>T\u00fcr: Squonk<\/li>\n<li>Renk: Paslanmaz \u00c7elik<\/li>\n<li>Mod yap\u0131 malzemesi: termoplastik polimer<\/li>\n<li>Buharla\u015ft\u0131r\u0131c\u0131n\u0131n yap\u0131 malzemesi: Paslanmaz \u00e7elik<\/li>\n<li>Alt\u0131n kaplamal\u0131 atomiz\u00f6r<\/li>\n<li>Alt\u0131n kaplamal\u0131 squonker ba\u011flant\u0131s\u0131<\/li>\n<li>Tek ve \u00e7ift rezistans imalat imkan\u0131<\/li>\n<li>\u015ei\u015fe kapasitesi: 5 ml<\/li>\n<li>Konu: 510<\/li>\n<li>A\u011f\u0131zl\u0131k: 810<\/li>\n<li>510 a\u011f\u0131zl\u0131k adapt\u00f6r\u00fc<\/li>\n<li>Pil tipi: 1x18650<\/li>\n<li>Pil \u015farj\u0131: Harici \u015farj cihaz\u0131nda<\/li>\n<li>Manyetik kapak<\/li>\n<li>Boyut: 118mm x 46mm x 23mm<\/li>\n<\/ul>\n<p>Not: 18650 pil pakete dahil de\u011fildir<\/p>\n<p>&nbsp;<\/p>\n<p>&nbsp;<\/p>","protected":false},"excerpt":{"rendered":"<p>\u03a4\u03bf\u00a0<b>Druga 22 Squonk<\/b>\u00a0mod kit, Augvape firmas\u0131n\u0131n Squonk tipi cihazlar i\u00e7in teklifidir.<\/p>\n<p>Eksiksiz bir settir ve ekonomik olarak g\u0131c\u0131rdamaya &quot;girmek&quot; isteyen deneyimli kullan\u0131c\u0131lara y\u00f6neliktir. Druga, termoplastik polimerden yap\u0131lm\u0131\u015f mekanik bir montaj eleman\u0131d\u0131r. 5ml kapasiteli bir \u015fi\u015fesi vard\u0131r ve 18650 pil ile \u00e7al\u0131\u015f\u0131r (pil pakete dahil de\u011fildir).<\/p>","protected":false},"featured_media":11279,"template":"","meta":{"_acf_changed":false,"_kadence_starter_templates_imported_post":false,"_kad_post_transparent":"","_kad_post_title":"","_kad_post_layout":"","_kad_post_sidebar_id":"","_kad_post_content_style":"","_kad_post_vertical_padding":"","_kad_post_feature":"","_kad_post_feature_position":"","_kad_post_header":false,"_kad_post_footer":false},"product_cat":[141,511],"product_tag":[],"class_list":{"0":"post-11268","1":"product","2":"type-product","3":"status-publish","4":"has-post-thumbnail","6":"product_cat-kits","7":"product_cat-apospomeni-mpataria-kits","8":"product_shipping_class-mi-kapnika","10":"first","11":"instock","12":"taxable","13":"shipping-taxable","14":"purchasable","15":"product-type-simple","16":"entry","17":"content-bg","18":"loop-entry"},"acf":[],"_links":{"self":[{"href":"https:\/\/nicoteam.gr\/tr\/wp-json\/wp\/v2\/product\/11268","targetHints":{"allow":["GET"]}}],"collection":[{"href":"https:\/\/nicoteam.gr\/tr\/wp-json\/wp\/v2\/product"}],"about":[{"href":"https:\/\/nicoteam.gr\/tr\/wp-json\/wp\/v2\/types\/product"}],"wp:featuredmedia":[{"embeddable":true,"href":"https:\/\/nicoteam.gr\/tr\/wp-json\/wp\/v2\/media\/11279"}],"wp:attachment":[{"href":"https:\/\/nicoteam.gr\/tr\/wp-json\/wp\/v2\/media?parent=11268"}],"wp:term":[{"taxonomy":"product_cat","embeddable":true,"href":"https:\/\/nicoteam.gr\/tr\/wp-json\/wp\/v2\/product_cat?post=11268"},{"taxonomy":"product_tag","embeddable":true,"href":"https:\/\/nicoteam.gr\/tr\/wp-json\/wp\/v2\/product_tag?post=11268"}],"curies":[{"name":"wp","href":"https:\/\/api.w.org\/{rel}","templated":true}]}}