{"id":11267,"date":"2022-02-04T09:50:00","date_gmt":"2022-02-04T07:50:00","guid":{"rendered":"https:\/\/nicoteam.gr\/?post_type=product&#038;p=11267"},"modified":"2024-03-21T18:06:27","modified_gmt":"2024-03-21T16:06:27","slug":"11267","status":"publish","type":"product","link":"https:\/\/nicoteam.gr\/tr\/product\/11267\/","title":{"rendered":"IJOY LMC S\u0131n\u0131rs\u0131z RDTA Plus"},"content":{"rendered":"","protected":false},"excerpt":{"rendered":"<p><strong>IJOY S\u0131n\u0131rs\u0131z RDTA Plus<\/strong>\u00a0\u00d6nceki IJOY Limitless RDTA&#039;n\u0131n baz\u0131 \u00f6zelliklerini devral\u0131rken ayn\u0131 zamanda baz\u0131 iyile\u015ftirmeler de yap\u0131yor. Meyve suyu taraf\u0131ndaki yenilik\u00e7i dolum tasar\u0131m\u0131 size m\u00fckemmel bir elektronik sigara deneyimi ya\u015fatacakt\u0131r. Ayr\u0131ca, 2,5 mm&#039;lik direk delikleri ve 11 mm&#039;lik direk aral\u0131\u011f\u0131na sahip y\u00fckseltilmi\u015f 2 direkli d\u00f6\u015feme, in\u015faat\u0131 kolayla\u015ft\u0131r\u0131r ve daha b\u00fcy\u00fck yap\u0131lar\u0131 monte etmenize olanak tan\u0131r.<\/p>","protected":false},"featured_media":11278,"template":"","meta":{"_acf_changed":false,"_kadence_starter_templates_imported_post":false,"_kad_post_transparent":"","_kad_post_title":"","_kad_post_layout":"","_kad_post_sidebar_id":"","_kad_post_content_style":"","_kad_post_vertical_padding":"","_kad_post_feature":"","_kad_post_feature_position":"","_kad_post_header":false,"_kad_post_footer":false},"product_cat":[142],"product_tag":[],"class_list":{"0":"post-11267","1":"product","2":"type-product","3":"status-publish","4":"has-post-thumbnail","6":"product_cat-atmopoites","7":"product_shipping_class-mi-kapnika","9":"first","10":"outofstock","11":"taxable","12":"shipping-taxable","13":"purchasable","14":"product-type-simple","15":"entry","16":"content-bg","17":"loop-entry"},"acf":[],"_links":{"self":[{"href":"https:\/\/nicoteam.gr\/tr\/wp-json\/wp\/v2\/product\/11267","targetHints":{"allow":["GET"]}}],"collection":[{"href":"https:\/\/nicoteam.gr\/tr\/wp-json\/wp\/v2\/product"}],"about":[{"href":"https:\/\/nicoteam.gr\/tr\/wp-json\/wp\/v2\/types\/product"}],"wp:featuredmedia":[{"embeddable":true,"href":"https:\/\/nicoteam.gr\/tr\/wp-json\/wp\/v2\/media\/11278"}],"wp:attachment":[{"href":"https:\/\/nicoteam.gr\/tr\/wp-json\/wp\/v2\/media?parent=11267"}],"wp:term":[{"taxonomy":"product_cat","embeddable":true,"href":"https:\/\/nicoteam.gr\/tr\/wp-json\/wp\/v2\/product_cat?post=11267"},{"taxonomy":"product_tag","embeddable":true,"href":"https:\/\/nicoteam.gr\/tr\/wp-json\/wp\/v2\/product_tag?post=11267"}],"curies":[{"name":"wp","href":"https:\/\/api.w.org\/{rel}","templated":true}]}}