{"id":11266,"date":"2022-02-04T09:41:55","date_gmt":"2022-02-04T07:41:55","guid":{"rendered":"https:\/\/nicoteam.gr\/?post_type=product&#038;p=11266"},"modified":"2023-08-28T10:20:40","modified_gmt":"2023-08-28T08:20:40","slug":"vandy-vape-berserker-mtl-rda-ss","status":"publish","type":"product","link":"https:\/\/nicoteam.gr\/tr\/product\/vandy-vape-berserker-mtl-rda-ss\/","title":{"rendered":"Vandy Vape Berserker MTL RDA \u2013 SS"},"content":{"rendered":"<ul>\n<li>\u038e\u03c8\u03bf\u03c2: 42,2mm<\/li>\n<li>\u0394\u03b9\u03ac\u03bc\u03b5\u03c4\u03c1\u03bf\u03c2: 18,1mm<\/li>\n<li>\u039a\u03b1\u03c4\u03b1\u03c3\u03ba\u03b5\u03c5\u03b1\u03c3\u03bc\u03ad\u03bd\u03bf\u03c2 \u03b1\u03c0\u03cc \u03b1\u03bd\u03bf\u03be\u03b5\u03af\u03b4\u03c9\u03c4\u03bf \u03b1\u03c4\u03c3\u03ac\u03bb\u03b9<\/li>\n<li>\u03a0\u03bb\u03ac\u03b3\u03b9\u03b1 \u03b5\u03b9\u03c3\u03b1\u03b3\u03c9\u03b3\u03ae \u03b1\u03ad\u03c1\u03b1 \u03b3\u03b9\u03b1 \u03c4\u03b7\u03bd \u03b1\u03c0\u03bf\u03c6\u03c5\u03b3\u03ae \u03b4\u03b9\u03b1\u03c1\u03c1\u03bf\u03ce\u03bd<\/li>\n<li>Deck \u03b3\u03b9\u03b1 \u03c3\u03c4\u03ae\u03c3\u03b9\u03bc\u03bf \u03bc\u03b5 \u03bc\u03bf\u03bd\u03ae \u03b1\u03bd\u03c4\u03af\u03c3\u03c4\u03b1\u03c3\u03b7<\/li>\n<li>\u0394\u03b1\u03c7\u03c4\u03c5\u03bb\u03af\u03b4\u03b9\u03b1 (22mm \u03ba\u03b1\u03b9 24mm)<\/li>\n<li>\u03a0\u03cc\u03bb\u03bf\u03c2 \u03c4\u03cd\u03c0\u03bf\u03c5 510<\/li>\n<li>Squonk Pin<\/li>\n<\/ul>\n<p><img loading=\"lazy\" decoding=\"async\" class=\"alignnone size-full wp-image-11276\" src=\"https:\/\/nicoteam.gr\/wp-content\/uploads\/2022\/02\/Berserker-MTL-RDA-6.png\" alt=\"\" width=\"1200\" height=\"764\" srcset=\"https:\/\/nicoteam.gr\/wp-content\/uploads\/2022\/02\/Berserker-MTL-RDA-6.png 1200w, https:\/\/nicoteam.gr\/wp-content\/uploads\/2022\/02\/Berserker-MTL-RDA-6-600x382.png 600w, https:\/\/nicoteam.gr\/wp-content\/uploads\/2022\/02\/Berserker-MTL-RDA-6-300x191.png 300w, https:\/\/nicoteam.gr\/wp-content\/uploads\/2022\/02\/Berserker-MTL-RDA-6-1024x652.png 1024w, https:\/\/nicoteam.gr\/wp-content\/uploads\/2022\/02\/Berserker-MTL-RDA-6-768x489.png 768w, https:\/\/nicoteam.gr\/wp-content\/uploads\/2022\/02\/Berserker-MTL-RDA-6-96x61.png 96w, https:\/\/nicoteam.gr\/wp-content\/uploads\/2022\/02\/Berserker-MTL-RDA-6-42x27.png 42w, https:\/\/nicoteam.gr\/wp-content\/uploads\/2022\/02\/Berserker-MTL-RDA-6-150x96.png 150w\" sizes=\"auto, (max-width: 1200px) 100vw, 1200px\" \/><\/p>","protected":false},"excerpt":{"rendered":"<p>\u03a4\u03bf\u00a0<strong>Berserker MTL RDA<\/strong>\u00a0by Vandy Vape, Alex (VapersMD) ve vandy vape&#039;den ilham alm\u0131\u015ft\u0131r. Berserker MTL RDA, tek bir bobin imkan\u0131 sunar ve pakette, bobinin en kolay ve do\u011fru yerle\u015ftirilmesi i\u00e7in \u00f6zel bir ara\u00e7 (CoilCorrectionTool) bulunur. S\u0131k\u0131 duman (MTL) tutkunlar\u0131n\u0131 tatmin etmek i\u00e7in tasarlanm\u0131\u015f saf c\u0131z\u0131rt\u0131l\u0131 bir buharla\u015ft\u0131r\u0131c\u0131. Onar\u0131labilir vaporizat\u00f6rlerin acemi kullan\u0131c\u0131lar\u0131n\u0131n yan\u0131 s\u0131ra, \u00e7ok kolay kurulumu sayesinde ileri d\u00fczey kullan\u0131c\u0131lara da y\u00f6neliktir. Vandy Vape&#039;in Berserker MTL RDA&#039;s\u0131n\u0131n \u00e7ap\u0131 18 mm&#039;dir, ancak pakette 22 mm ve 24 mm \u00e7ap\u0131nda iki ek halka bulunur. Squonk pimi, Vandy Vape&#039;in Berserker MTL RDA&#039;s\u0131n\u0131 squonk merakl\u0131lar\u0131 i\u00e7in olmazsa olmaz bir \u00fcr\u00fcn haline getiriyor.<\/p>","protected":false},"featured_media":11272,"template":"","meta":{"_acf_changed":false,"_kadence_starter_templates_imported_post":false,"_kad_post_transparent":"","_kad_post_title":"","_kad_post_layout":"","_kad_post_sidebar_id":"","_kad_post_content_style":"","_kad_post_vertical_padding":"","_kad_post_feature":"","_kad_post_feature_position":"","_kad_post_header":false,"_kad_post_footer":false},"product_cat":[142],"product_tag":[],"class_list":{"0":"post-11266","1":"product","2":"type-product","3":"status-publish","4":"has-post-thumbnail","6":"product_cat-atmopoites","7":"product_shipping_class-mi-kapnika","9":"first","10":"instock","11":"taxable","12":"shipping-taxable","13":"purchasable","14":"product-type-simple","15":"entry","16":"content-bg","17":"loop-entry"},"acf":[],"_links":{"self":[{"href":"https:\/\/nicoteam.gr\/tr\/wp-json\/wp\/v2\/product\/11266","targetHints":{"allow":["GET"]}}],"collection":[{"href":"https:\/\/nicoteam.gr\/tr\/wp-json\/wp\/v2\/product"}],"about":[{"href":"https:\/\/nicoteam.gr\/tr\/wp-json\/wp\/v2\/types\/product"}],"wp:featuredmedia":[{"embeddable":true,"href":"https:\/\/nicoteam.gr\/tr\/wp-json\/wp\/v2\/media\/11272"}],"wp:attachment":[{"href":"https:\/\/nicoteam.gr\/tr\/wp-json\/wp\/v2\/media?parent=11266"}],"wp:term":[{"taxonomy":"product_cat","embeddable":true,"href":"https:\/\/nicoteam.gr\/tr\/wp-json\/wp\/v2\/product_cat?post=11266"},{"taxonomy":"product_tag","embeddable":true,"href":"https:\/\/nicoteam.gr\/tr\/wp-json\/wp\/v2\/product_tag?post=11266"}],"curies":[{"name":"wp","href":"https:\/\/api.w.org\/{rel}","templated":true}]}}