{"id":11245,"date":"2022-02-04T09:35:52","date_gmt":"2022-02-04T07:35:52","guid":{"rendered":"https:\/\/nicoteam.gr\/?post_type=product&#038;p=11245"},"modified":"2023-08-28T10:20:40","modified_gmt":"2023-08-28T08:20:40","slug":"vandy-vape-pulse-bf-box-mod-cyan","status":"publish","type":"product","link":"https:\/\/nicoteam.gr\/tr\/product\/vandy-vape-pulse-bf-box-mod-cyan\/","title":{"rendered":"Vandy Vape Pulse BF Kutusu Mod \u2013 Camg\u00f6be\u011fi"},"content":{"rendered":"<p>\u0392\u03b1\u03c3\u03b9\u03ba\u03ac \u03c7\u03b1\u03c1\u03b1\u03ba\u03c4\u03b7\u03c1\u03b9\u03c3\u03c4\u03b9\u03ba\u03ac<\/p>\n<ul>\n<li>\u039f\u03b9\u03ba\u03bf\u03bd\u03bf\u03bc\u03b9\u03ba\u03cc<\/li>\n<li>\u03a3\u03c5\u03bc\u03b2\u03b1\u03c4\u03cc \u03bc\u03b5 20700 \u03ba\u03b1\u03b9 18650 \u03bc\u03c0\u03b1\u03c4\u03b1\u03c1\u03af\u03b5\u03c2<\/li>\n<li>8ml \u03bc\u03c0\u03bf\u03c5\u03ba\u03ac\u03bb\u03b9 \u03c3\u03b9\u03bb\u03b9\u03ba\u03cc\u03bd\u03b7\u03c2 \u03c4\u03c1\u03bf\u03c6\u03bf\u03b4\u03bf\u03c3\u03af\u03b1\u03c2 \u03c5\u03b3\u03c1\u03bf\u03cd<\/li>\n<li>\u039c\u03b7\u03c7\u03b1\u03bd\u03b9\u03c3\u03bc\u03cc\u03c2 \u03ba\u03bb\u03b5\u03b9\u03b4\u03ce\u03bc\u03b1\u03c4\u03bf\u03c2 \u03b3\u03b9\u03b1 \u03bb\u03cc\u03b3\u03bf\u03c5\u03c2 \u03b1\u03c3\u03c6\u03b1\u03bb\u03b5\u03af\u03b1\u03c2<\/li>\n<li>Konu 510<\/li>\n<li>\u0391\u03bd\u03c4\u03b9\u03ba\u03b1\u03c4\u03b1\u03c3\u03c4\u03ac\u03c3\u03b9\u03bc\u03b1 \u03bc\u03c0\u03c1\u03bf\u03c3\u03c4\u03b9\u03bd\u03ac \u03ba\u03b1\u03b9 \u03c0\u03b9\u03c3\u03b9\u03bd\u03ac \u03c0\u03ac\u03bd\u03b5\u03bb\u03c2<\/li>\n<\/ul>","protected":false},"excerpt":{"rendered":"<p>Vandy Vape ve Tony B. taraf\u0131ndan bize sunulan ilk Squonk Modu, uygun fiyatl\u0131 ve g\u00fcvenli bir \u015fekilde squonking&#039;e girmek isteyen elektronik sigara kullan\u0131c\u0131lar\u0131 i\u00e7in tasarland\u0131. Y\u00fcksek kaliteli Naylon\/ABS&#039;den yap\u0131lm\u0131\u015f mekanik bir BF montaj\u0131d\u0131r! Pulse BF Box Mod gibi Squonk modlar\u0131 i\u00e7in uygun atomiz\u00f6rler, BF (Alttan Besleme) RDA&#039;lard\u0131r (Yeniden Olu\u015fturulabilir Damlama Atomiz\u00f6rleri) veya bir BF piniyle birlikte gelen BF Damlat\u0131c\u0131lard\u0131r!<\/p>","protected":false},"featured_media":11264,"template":"","meta":{"_acf_changed":false,"_kadence_starter_templates_imported_post":false,"_kad_post_transparent":"","_kad_post_title":"","_kad_post_layout":"","_kad_post_sidebar_id":"","_kad_post_content_style":"","_kad_post_vertical_padding":"","_kad_post_feature":"","_kad_post_feature_position":"","_kad_post_header":false,"_kad_post_footer":false},"product_cat":[508],"product_tag":[],"class_list":{"0":"post-11245","1":"product","2":"type-product","3":"status-publish","4":"has-post-thumbnail","6":"product_cat-apospomeni-mpataria","7":"product_shipping_class-mi-kapnika","8":"pa_-118","9":"pa_-855","11":"first","12":"instock","13":"taxable","14":"shipping-taxable","15":"purchasable","16":"product-type-simple","17":"entry","18":"content-bg","19":"loop-entry"},"acf":[],"_links":{"self":[{"href":"https:\/\/nicoteam.gr\/tr\/wp-json\/wp\/v2\/product\/11245","targetHints":{"allow":["GET"]}}],"collection":[{"href":"https:\/\/nicoteam.gr\/tr\/wp-json\/wp\/v2\/product"}],"about":[{"href":"https:\/\/nicoteam.gr\/tr\/wp-json\/wp\/v2\/types\/product"}],"wp:featuredmedia":[{"embeddable":true,"href":"https:\/\/nicoteam.gr\/tr\/wp-json\/wp\/v2\/media\/11264"}],"wp:attachment":[{"href":"https:\/\/nicoteam.gr\/tr\/wp-json\/wp\/v2\/media?parent=11245"}],"wp:term":[{"taxonomy":"product_cat","embeddable":true,"href":"https:\/\/nicoteam.gr\/tr\/wp-json\/wp\/v2\/product_cat?post=11245"},{"taxonomy":"product_tag","embeddable":true,"href":"https:\/\/nicoteam.gr\/tr\/wp-json\/wp\/v2\/product_tag?post=11245"}],"curies":[{"name":"wp","href":"https:\/\/api.w.org\/{rel}","templated":true}]}}