{"id":11119,"date":"2022-02-03T11:56:13","date_gmt":"2022-02-03T09:56:13","guid":{"rendered":"https:\/\/nicoteam.gr\/?post_type=product&#038;p=11119"},"modified":"2023-08-28T10:20:41","modified_gmt":"2023-08-28T08:20:41","slug":"oumier-wasp-nano-mtl","status":"publish","type":"product","link":"https:\/\/nicoteam.gr\/tr\/product\/oumier-wasp-nano-mtl\/","title":{"rendered":"Oumier Wasp Nano MTL"},"content":{"rendered":"<p>O Oumier Wasp Nano MTL RTA \u03c3\u03c4\u03ae\u03bd\u03b5\u03c4\u03b1\u03b9 \u03bc\u03b5 \u03bc\u03af\u03b1 \u03b1\u03bd\u03c4\u03af\u03c3\u03c4\u03b1\u03c3\u03b7\u00a0 \u03ba\u03b1\u03b9 \u03c4\u03bf \u03c1\u03c5\u03b8\u03bc\u03b9\u03b6\u03cc\u03bc\u03b5\u03bd\u03bf \u03c3\u03cd\u03c3\u03c4\u03b7\u03bc\u03b1 \u03c1\u03bf\u03ae\u03c2 \u03b1\u03ad\u03c1\u03b1 \u03c3\u03c4\u03bf \u03ba\u03ac\u03c4\u03c9 \u03bc\u03ad\u03c1\u03bf\u03c2 \u03c7\u03c4\u03c5\u03c0\u03ac \u03ac\u03bc\u03b5\u03c3\u03b1 \u03c4\u03b7\u03bd \u03b1\u03bd\u03c4\u03af\u03c3\u03c4\u03b1\u03c3\u03b7 \u03c0\u03c1\u03bf\u03c3\u03c6\u03ad\u03c1\u03bf\u03bd\u03c4\u03b1\u03c2 \u03b1\u03c0\u03b1\u03c1\u03c1\u03ac\u03bc\u03b9\u03bb\u03b7 \u03b3\u03b5\u03cd\u03c3\u03b7.<\/p>\n<p><strong>\u00d6zellikler:<\/strong><\/p>\n<p>\u039c\u03ad\u03b3\u03b5\u03b8\u03bf\u03c2: 22\u00d740.9mm<br \/>\n\u03a5\u03bb\u03b9\u03ba\u03cc: \u03b1\u03bd\u03bf\u03be\u03b5\u03af\u03b4\u03c9\u03c4\u03bf \u03b1\u03c4\u03c3\u03ac\u03bb\u03b9 + \u03b3\u03c5\u03b1\u03bb\u03af<br \/>\n\u03a7\u03c9\u03c1\u03b7\u03c4\u03b9\u03ba\u03cc\u03c4\u03b7\u03c4\u03b1: 1,2 ml \/ 2,0 ml<br \/>\n\u03a1\u03bf\u03ae \u03b1\u03ad\u03c1\u03b1: \u03a3\u03cd\u03c3\u03c4\u03b7\u03bc\u03b1 \u03c1\u03cd\u03b8\u03bc\u03b9\u03c3\u03b7\u03c2 \u03c1\u03bf\u03ae\u03c2 \u03b1\u03ad\u03c1\u03b1 \u03c3\u03c4\u03bf \u03ba\u03ac\u03c4\u03c9 \u03bc\u03ad\u03c1\u03bf\u03c2<br \/>\nKonu: 510<\/p>","protected":false},"excerpt":{"rendered":"<p>Oumier Wasp Nano MTL RTA, Wasp Nano RTA&#039;n\u0131n MTL versiyonudur. 22 mm \u00e7ap\u0131nda olup paslanmaz \u00e7elik ve camdan yap\u0131lm\u0131\u015ft\u0131r.<\/p>\n<p>Kapasitesi 1,2 ml&#039;dir ve 2 ml&#039;ye kadar s\u0131v\u0131 tutabilen Balonlu Bardak i\u00e7erir.<\/p>","protected":false},"featured_media":11120,"template":"","meta":{"_acf_changed":false,"_kadence_starter_templates_imported_post":false,"_kad_post_transparent":"","_kad_post_title":"","_kad_post_layout":"","_kad_post_sidebar_id":"","_kad_post_content_style":"","_kad_post_vertical_padding":"","_kad_post_feature":"","_kad_post_feature_position":"","_kad_post_header":false,"_kad_post_footer":false},"product_cat":[142],"product_tag":[],"class_list":{"0":"post-11119","1":"product","2":"type-product","3":"status-publish","4":"has-post-thumbnail","6":"product_cat-atmopoites","7":"product_shipping_class-mi-kapnika","9":"first","10":"instock","11":"taxable","12":"shipping-taxable","13":"purchasable","14":"product-type-simple","15":"entry","16":"content-bg","17":"loop-entry"},"acf":[],"_links":{"self":[{"href":"https:\/\/nicoteam.gr\/tr\/wp-json\/wp\/v2\/product\/11119","targetHints":{"allow":["GET"]}}],"collection":[{"href":"https:\/\/nicoteam.gr\/tr\/wp-json\/wp\/v2\/product"}],"about":[{"href":"https:\/\/nicoteam.gr\/tr\/wp-json\/wp\/v2\/types\/product"}],"wp:featuredmedia":[{"embeddable":true,"href":"https:\/\/nicoteam.gr\/tr\/wp-json\/wp\/v2\/media\/11120"}],"wp:attachment":[{"href":"https:\/\/nicoteam.gr\/tr\/wp-json\/wp\/v2\/media?parent=11119"}],"wp:term":[{"taxonomy":"product_cat","embeddable":true,"href":"https:\/\/nicoteam.gr\/tr\/wp-json\/wp\/v2\/product_cat?post=11119"},{"taxonomy":"product_tag","embeddable":true,"href":"https:\/\/nicoteam.gr\/tr\/wp-json\/wp\/v2\/product_tag?post=11119"}],"curies":[{"name":"wp","href":"https:\/\/api.w.org\/{rel}","templated":true}]}}