{"id":11107,"date":"2022-02-03T11:26:43","date_gmt":"2022-02-03T09:26:43","guid":{"rendered":"https:\/\/nicoteam.gr\/?post_type=product&#038;p=11107"},"modified":"2023-08-28T10:20:41","modified_gmt":"2023-08-28T08:20:41","slug":"ehpro-raptor-subohm-tank","status":"publish","type":"product","link":"https:\/\/nicoteam.gr\/tr\/product\/ehpro-raptor-subohm-tank\/","title":{"rendered":"Ehpro Raptor Subohm Tank\u0131 4ml"},"content":{"rendered":"<p>\u0395\u03c0\u03b9\u03c0\u03bb\u03ad\u03bf\u03bd, \u03b4\u03b9\u03b1\u03b8\u03ad\u03c4\u03b5\u03b9 \u03c3\u03cd\u03c3\u03c4\u03b7\u03bc\u03b1 \u03c0\u03b5\u03c1\u03b9\u03b2\u03ac\u03bb\u03bb\u03bf\u03c5\u03c3\u03b1\u03c2 \u03c1\u03bf\u03ae\u03c2 \u03b1\u03ad\u03c1\u03b1 360\u00b0 \u03bc\u03b5 \u03c1\u03c5\u03b8\u03bc\u03b9\u03b6\u03cc\u03bc\u03b5\u03bd\u03b7 \u03c1\u03bf\u03ae \u03b1\u03ad\u03c1\u03b1 \u03c3\u03c4\u03bf \u03ba\u03ac\u03c4\u03c9 \u03bc\u03ad\u03c1\u03bf\u03c2 \u03b3\u03b9\u03b1 \u03bd\u03b1 \u03c6\u03ad\u03c1\u03b5\u03b9 \u03c4\u03b7\u03bd \u03b1\u03c1\u03c7\u03b9\u03ba\u03ae \u03ba\u03b1\u03b9 \u03c0\u03b9\u03bf \u03ba\u03b1\u03b8\u03b1\u03c1\u03ae \u03b3\u03b5\u03cd\u03c3\u03b7 \u03bc\u03b5 \u03c4\u03bf \u03c4\u03b5\u03c1\u03ac\u03c3\u03c4\u03b9\u03bf \u03c3\u03cd\u03bd\u03bd\u03b5\u03c6\u03bf.\u00a0\u03a4\u03bf Ehpro Raptor \u03b5\u03af\u03bd\u03b1\u03b9 \u03b5\u03c0\u03af\u03c3\u03b7\u03c2 \u03b5\u03c5\u03c1\u03ad\u03c9\u03c2 \u03c3\u03c5\u03bc\u03b2\u03b1\u03c4\u03cc \u03bc\u03b5 \u03c4\u03b1 Horizon Falcon King Coils \u03b3\u03b9\u03b1 \u03b5\u03cd\u03ba\u03bf\u03bb\u03b7 \u03c7\u03c1\u03ae\u03c3\u03b7.\u00a0\u03a0\u03bb\u03ad\u03bf\u03bd \u03c4\u03bf 2ml\u00a0\u00a0\u03ba\u03b1\u03b9 \u03c4\u03bf \u03b2\u03bf\u03bb\u03b9\u03ba\u03cc \u03c3\u03c7\u03ad\u03b4\u03b9\u03bf \u03c0\u03bb\u03ae\u03c1\u03c9\u03c3\u03b7\u03c2 \u03ba\u03bf\u03c1\u03c5\u03c6\u03ae\u03c2, \u03c4\u03bf Ehpro Raptor Subohm Tank \u03b5\u03af\u03bd\u03b1\u03b9 \u03c3\u03af\u03b3\u03bf\u03c5\u03c1\u03b1 \u03bc\u03b9\u03b1 \u03ba\u03b1\u03c4\u03b1\u03c0\u03bb\u03b7\u03ba\u03c4\u03b9\u03ba\u03ae \u03c3\u03c5\u03c3\u03ba\u03b5\u03c5\u03ae \u03b3\u03b9\u03b1 \u03b1\u03c4\u03bc\u03b9\u03c3\u03c4\u03ae.\u00a0\u0391\u03c0\u03bf\u03ba\u03c4\u03ae\u03c3\u03c4\u03b5 \u03ad\u03bd\u03b1 \u03ba\u03b1\u03b9 \u03b1\u03c0\u03bf\u03bb\u03b1\u03cd\u03c3\u03c4\u03b5 \u03bc\u03b9\u03b1 \u03b1\u03bd\u03ce\u03c4\u03b5\u03c1\u03b7 \u03b5\u03bc\u03c0\u03b5\u03b9\u03c1\u03af\u03b1 \u03b1\u03c4\u03bc\u03af\u03c3\u03bc\u03b1\u03c4\u03bf\u03c2.<\/p>\n<p><strong>\u03a0\u03b1\u03c1\u03ac\u03bc\u03b5\u03c4\u03c1\u03bf\u03b9<\/strong><\/p>\n<ul>\n<li>\u039c\u03ad\u03b3\u03b5\u03b8\u03bf\u03c2: 25 x 52,9 mm<\/li>\n<li>\u03a7\u03c9\u03c1\u03b7\u03c4\u03b9\u03ba\u03cc\u03c4\u03b7\u03c4\u03b1: 2m<\/li>\n<li>\u03a5\u03bb\u03b9\u03ba\u03cc: \u03a1\u03b7\u03c4\u03af\u03bd\u03b7 SS+<\/li>\n<li>\u03a4\u03cd\u03c0\u03bf\u03c2 \u03c0\u03b7\u03bd\u03af\u03bf\u03c5: \u03a0\u03b7\u03bd\u03af\u03b1 \u03c0\u03bb\u03ad\u03b3\u03bc\u03b1\u03c4\u03bf\u03c2 Sea Grass Cotton Mesh: Kanthal Single Mesh Coil 0,15ohm(40-70W)\/ Kanthal Dual Mesh Coil 0,25ohm(50-80W)\/ Kanthal Quad Mesh Coil 0,15ohm(80-120W)<\/li>\n<li>Drip Tip: 810 \u03a1\u03b7\u03c4\u03af\u03bd\u03b7<\/li>\n<li>\u039d\u03ae\u03bc\u03b1: 510 \u03bd\u03ae\u03bc\u03b1<\/li>\n<\/ul>\n<p>\u0395\u03c0\u03b1\u03bd\u03b1\u03c3\u03c4\u03b1\u03c4\u03b9\u03ba\u03cc \u03ba\u03b1\u03b9 \u03b9\u03c3\u03c7\u03c5\u03c1\u03cc Subohm Tank<br \/>\nInitiative Sea Grass Mesh Coils<br \/>\n360\u00b0 \u03a0\u03b5\u03c1\u03b9\u03b2\u03ac\u03bb\u03bb\u03bf\u03bd \u03a3\u03cd\u03c3\u03c4\u03b7\u03bc\u03b1 \u03c1\u03bf\u03ae\u03c2 \u03b1\u03ad\u03c1\u03b1<br \/>\n\u039c\u03b5\u03b3\u03ac\u03bb\u03b7 \u03b4\u03b9\u03ac\u03c1\u03ba\u03b5\u03b9\u03b1 \u03b6\u03c9\u03ae\u03c2 \u03ba\u03b1\u03b9 \u03b5\u03be\u03b1\u03b9\u03c1\u03b5\u03c4\u03b9\u03ba\u03ae \u03b3\u03b5\u03cd\u03c3\u03b7<br \/>\n\u0395\u03c5\u03c1\u03ad\u03c9\u03c2 \u03c3\u03c5\u03bc\u03b2\u03b1\u03c4\u03cc \u03bc\u03b5 \u03c0\u03b7\u03bd\u03af\u03b1 Horizon Falcon King<\/p>","protected":false},"excerpt":{"rendered":"<p><strong>Ehpro Raptor Subohm Tank\u0131,\u00a0\u00a0<\/strong>elektronik sigara pazar\u0131nda devrim niteli\u011finde bir subohm tank\u0131\u00a0\u00a0<strong>Birinci Deniz\u00a0<\/strong><strong>\u00a0\u00c7im Pamuk \u00d6rg\u00fc Bobinleri\u00a0<\/strong>\u00a0raf \u00f6mr\u00fcn\u00fc uzatmak ve ekstra m\u00fckemmel lezzet sa\u011flamak.<\/p>","protected":false},"featured_media":11108,"template":"","meta":{"_acf_changed":false,"_kadence_starter_templates_imported_post":false,"_kad_post_transparent":"","_kad_post_title":"","_kad_post_layout":"","_kad_post_sidebar_id":"","_kad_post_content_style":"","_kad_post_vertical_padding":"","_kad_post_feature":"","_kad_post_feature_position":"","_kad_post_header":false,"_kad_post_footer":false},"product_cat":[142],"product_tag":[],"class_list":{"0":"post-11107","1":"product","2":"type-product","3":"status-publish","4":"has-post-thumbnail","6":"product_cat-atmopoites","7":"product_shipping_class-mi-kapnika","9":"first","10":"instock","11":"taxable","12":"shipping-taxable","13":"purchasable","14":"product-type-simple","15":"entry","16":"content-bg","17":"loop-entry"},"acf":[],"_links":{"self":[{"href":"https:\/\/nicoteam.gr\/tr\/wp-json\/wp\/v2\/product\/11107","targetHints":{"allow":["GET"]}}],"collection":[{"href":"https:\/\/nicoteam.gr\/tr\/wp-json\/wp\/v2\/product"}],"about":[{"href":"https:\/\/nicoteam.gr\/tr\/wp-json\/wp\/v2\/types\/product"}],"wp:featuredmedia":[{"embeddable":true,"href":"https:\/\/nicoteam.gr\/tr\/wp-json\/wp\/v2\/media\/11108"}],"wp:attachment":[{"href":"https:\/\/nicoteam.gr\/tr\/wp-json\/wp\/v2\/media?parent=11107"}],"wp:term":[{"taxonomy":"product_cat","embeddable":true,"href":"https:\/\/nicoteam.gr\/tr\/wp-json\/wp\/v2\/product_cat?post=11107"},{"taxonomy":"product_tag","embeddable":true,"href":"https:\/\/nicoteam.gr\/tr\/wp-json\/wp\/v2\/product_tag?post=11107"}],"curies":[{"name":"wp","href":"https:\/\/api.w.org\/{rel}","templated":true}]}}