{"id":11104,"date":"2022-02-03T11:18:23","date_gmt":"2022-02-03T09:18:23","guid":{"rendered":"https:\/\/nicoteam.gr\/?post_type=product&#038;p=11104"},"modified":"2025-08-30T09:39:46","modified_gmt":"2025-08-30T07:39:46","slug":"gas-mods-kree-rta-24mm-3-5ml","status":"publish","type":"product","link":"https:\/\/nicoteam.gr\/tr\/product\/gas-mods-kree-rta-24mm-3-5ml\/","title":{"rendered":"Gaz Modlar\u0131 Kree RTA 24mm 3.5ml"},"content":{"rendered":"<p>\u039c\u03ad\u03b3\u03b5\u03b8\u03bf\u03c2: 24mm x 40mm<\/p>\n<p>\u03a5\u03bb\u03b9\u03ba\u03cc \u03ba\u03b1\u03c4\u03b1\u03c3\u03ba\u03b5\u03c5\u03ae\u03c2: Stainless steel &amp; \u0393\u03c5\u03b1\u03bb\u03af<\/p>\n<p>\u03a7\u03c9\u03c1\u03b7\u03c4\u03b9\u03ba\u03cc\u03c4\u03b7\u03c4\u03b1: 3.5ml &amp; 5.5ml \u03bc\u03b5 \u03c4\u03bf \u03ad\u03be\u03c4\u03c1\u03b1 \u03c4\u03b6\u03b1\u03bc\u03ac\u03ba\u03b9<\/p>\n<p>\u0395\u03cd\u03ba\u03bf\u03bb\u03bf \u03b3\u03ad\u03bc\u03b9\u03c3\u03bc\u03b1 \u03b1\u03c0\u03cc \u03c0\u03ac\u03bd\u03c9<\/p>\n<p>\u0395\u03c0\u03b9\u03bb\u03bf\u03b3\u03ae pin \u03b1\u03ad\u03c1\u03b1 \u03b1\u03c0\u03bf 3.0mm \u03bc\u03ad\u03c7\u03c1\u03b9 4.5mm<\/p>\n<p>\u0395\u03c5\u03c1\u03cd\u03c7\u03c9\u03c1\u03bf deck \u03b3\u03b9\u03b1 \u03b5\u03cd\u03ba\u03bf\u03bb\u03bf \u03c3\u03c4\u03ae\u03c3\u03b9\u03bc\u03bf \u03b1\u03bd\u03c4\u03b9\u03c3\u03c4\u03ac\u03c3\u03b5\u03c9\u03bd<\/p>\n<p>Damla Ucu: 510<\/p>\n<p>\u03a3\u03cd\u03bd\u03b4\u03b5\u03c3\u03b7: 510<\/p>","protected":false},"excerpt":{"rendered":"<p>Kree RTA, paslanmaz \u00e7elikten yap\u0131lm\u0131\u015f, 24mm \u00e7ap\u0131nda, m\u00fckemmel lezzet sunan tamir edilebilir bir atomizerdir. Farkl\u0131 \u00e7aplarda (3,0mm, 3,5mm, 4,0mm ve 4,5mm) 4 adet de\u011fi\u015ftirilebilir hava giri\u015fi se\u00e7ene\u011fine sahiptir. S\u0131v\u0131 kapasitesi 3,5 ml (\u00f6nceden tak\u0131lm\u0131\u015f cam) ve PMMA cam\u0131 5,5 ml&#039;dir. Tablas\u0131 tek diren\u00e7 yap\u0131m\u0131na y\u00f6neliktir ve sahip oldu\u011fu iki vida sayesinde direncin yap\u0131m\u0131 kolayl\u0131kla yap\u0131l\u0131r.<\/p>","protected":false},"featured_media":11105,"template":"","meta":{"_acf_changed":false,"_kadence_starter_templates_imported_post":false,"_kad_post_transparent":"","_kad_post_title":"","_kad_post_layout":"","_kad_post_sidebar_id":"","_kad_post_content_style":"","_kad_post_vertical_padding":"","_kad_post_feature":"","_kad_post_feature_position":"","_kad_post_header":false,"_kad_post_footer":false},"product_cat":[142],"product_tag":[],"class_list":{"0":"post-11104","1":"product","2":"type-product","3":"status-publish","4":"has-post-thumbnail","6":"product_cat-atmopoites","7":"product_shipping_class-mi-kapnika","9":"first","10":"instock","11":"taxable","12":"shipping-taxable","13":"purchasable","14":"product-type-simple","15":"entry","16":"content-bg","17":"loop-entry"},"acf":[],"_links":{"self":[{"href":"https:\/\/nicoteam.gr\/tr\/wp-json\/wp\/v2\/product\/11104","targetHints":{"allow":["GET"]}}],"collection":[{"href":"https:\/\/nicoteam.gr\/tr\/wp-json\/wp\/v2\/product"}],"about":[{"href":"https:\/\/nicoteam.gr\/tr\/wp-json\/wp\/v2\/types\/product"}],"wp:featuredmedia":[{"embeddable":true,"href":"https:\/\/nicoteam.gr\/tr\/wp-json\/wp\/v2\/media\/11105"}],"wp:attachment":[{"href":"https:\/\/nicoteam.gr\/tr\/wp-json\/wp\/v2\/media?parent=11104"}],"wp:term":[{"taxonomy":"product_cat","embeddable":true,"href":"https:\/\/nicoteam.gr\/tr\/wp-json\/wp\/v2\/product_cat?post=11104"},{"taxonomy":"product_tag","embeddable":true,"href":"https:\/\/nicoteam.gr\/tr\/wp-json\/wp\/v2\/product_tag?post=11104"}],"curies":[{"name":"wp","href":"https:\/\/api.w.org\/{rel}","templated":true}]}}