{"id":11058,"date":"2022-02-03T10:18:38","date_gmt":"2022-02-03T08:18:38","guid":{"rendered":"https:\/\/nicoteam.gr\/?post_type=product&#038;p=11058"},"modified":"2023-08-28T10:20:42","modified_gmt":"2023-08-28T08:20:42","slug":"vandy-vape-pyro-v2-bf-rdta-silver","status":"publish","type":"product","link":"https:\/\/nicoteam.gr\/tr\/product\/vandy-vape-pyro-v2-bf-rdta-silver\/","title":{"rendered":"Vandy Vape Pyro V2 BF RDTA \u2013 G\u00fcm\u00fc\u015f"},"content":{"rendered":"<table class=\"table-data-sheet\" style=\"height: 713px;\" width=\"1161\">\n<tbody>\n<tr class=\"odd\">\n<td>Marka<\/td>\n<td>Vandy Vape<\/td>\n<\/tr>\n<tr class=\"even\">\n<td>Modeli<\/td>\n<td>Pyro V2<\/td>\n<\/tr>\n<tr class=\"odd\">\n<td>Renk<\/td>\n<td>\u0391\u03c3\u03ae\u03bc\u03b9<\/td>\n<\/tr>\n<tr class=\"even\">\n<td>\u00fcr\u00fcn tipi<\/td>\n<td>\u0391\u03bd\u03b1\u03ba\u03b1\u03c4\u03b1\u03c3\u03ba\u03b5\u03c5\u03ae\u03c3\u03b9\u03bc\u03bf\u03c2 \u03b1\u03c4\u03bc\u03bf\u03c0\u03bf\u03b9\u03b7\u03c4\u03ae\u03c2<\/td>\n<\/tr>\n<tr class=\"odd\">\n<td>\u03a7\u03c9\u03c1\u03b7\u03c4\u03b9\u03ba\u03cc\u03c4\u03b7\u03c4\u03b1<\/td>\n<td>4,0 ml<\/td>\n<\/tr>\n<tr class=\"even\">\n<td>Malzeme<\/td>\n<td>Paslanmaz \u00e7elik<\/td>\n<\/tr>\n<tr class=\"odd\">\n<td>Bobin Yeniden Olu\u015fturulabilir<\/td>\n<td>Bobin Yeniden Olu\u015fturulabilir<\/td>\n<\/tr>\n<tr class=\"even\">\n<td>\u03a1\u03bf\u03ae \u03b1\u03ad\u03c1\u03b1<\/td>\n<td>Ayarlanabilir hava ak\u0131\u015f\u0131<\/td>\n<\/tr>\n<tr class=\"odd\">\n<td>Konu t\u00fcr\u00fc<\/td>\n<td>510<\/td>\n<\/tr>\n<tr class=\"even\">\n<td>Burun d\u00fc\u015fmesi<\/td>\n<td>Bir damla ucu ile<\/td>\n<\/tr>\n<tr class=\"odd\">\n<td>Bobin De\u011fi\u015ftirilebilir<\/td>\n<td>\u039c\u03b7 \u03b1\u03bd\u03c4\u03b9\u03ba\u03b1\u03c4\u03b1\u03c3\u03c4\u03ac\u03c3\u03b9\u03bc\u03bf \u03c0\u03b7\u03bd\u03af\u03bf<\/td>\n<\/tr>\n<tr class=\"even\">\n<td>\u03a5\u03bb\u03b9\u03ba\u03cc \u03b4\u03b5\u03be\u03b1\u03bc\u03b5\u03bd\u03ae\u03c2<\/td>\n<td>\u03a0\u03bf\u03c4\u03ae\u03c1\u03b9<\/td>\n<\/tr>\n<tr class=\"odd\">\n<td>Paket<\/td>\n<td>1 x Pyro V2 BF RDTA, 1 x 18,5 mm Delrin Tip, 1 x \u03c4\u03c3\u03ac\u03bd\u03c4\u03b1 \u03b1\u03be\u03b5\u03c3\u03bf\u03c5\u03ac\u03c1, 1 x \u0391\u03bd\u03c4\u03b9\u03ba\u03b1\u03c4\u03ac\u03c3\u03c4\u03b1\u03c3\u03b7 \u03b3\u03c5\u03ac\u03bb\u03b9\u03bd\u03bf\u03c5 \u03c3\u03c9\u03bb\u03ae\u03bd\u03b1, 1 x Coil Lead Guide<\/td>\n<\/tr>\n<tr class=\"even\">\n<td>A\u011f\u0131rl\u0131k<\/td>\n<td>70 g (2,47 oz)<\/td>\n<\/tr>\n<tr class=\"odd\">\n<td>\u0394\u03b9\u03ac\u03bc\u03b5\u03c4\u03c1\u03bf\u03c2<\/td>\n<td>24 mm (0,94 \u03af\u03bd\u03c4\u03c3\u03b5\u03c2)<\/td>\n<\/tr>\n<tr class=\"even\">\n<td>Derinlik<\/td>\n<td>24 mm (0,94 \u03af\u03bd\u03c4\u03c3\u03b5\u03c2)<\/td>\n<\/tr>\n<tr class=\"odd\">\n<td>Y\u00fckseklik<\/td>\n<td>44,4 mm (1,75 \u03af\u03bd\u03c4\u03c3\u03b5\u03c2)<\/td>\n<\/tr>\n<tr class=\"even\">\n<td>Geni\u015flik<\/td>\n<td>24 mm (0,94 \u03af\u03bd\u03c4\u03c3\u03b5\u03c2)<\/td>\n<\/tr>\n<\/tbody>\n<\/table>","protected":false},"excerpt":{"rendered":"<p>Vandy Vape Pyro V2 RDTA, yeniden yap\u0131land\u0131r\u0131labilir 24 mm&#039;lik bir BF tank atomizeridir. Pyro 24 RDTA&#039;n\u0131n y\u00fckseltilmi\u015f versiyonudur. Vandy Vape Pyro V2, kapal\u0131 bir \u00fcst hava ak\u0131\u015f\u0131 tasar\u0131m\u0131na, \u00fcst ve alt beslemeye, kar\u0131\u015f\u0131k hava ak\u0131\u015f\u0131 emme sistemine ve yap\u0131m\u0131 kolay bir g\u00fcverteye sahiptir. 4ml meyve suyu kapasitesi ile birlikte gelir.<\/p>","protected":false},"featured_media":11071,"template":"","meta":{"_acf_changed":false,"_kadence_starter_templates_imported_post":false,"_kad_post_transparent":"","_kad_post_title":"","_kad_post_layout":"","_kad_post_sidebar_id":"","_kad_post_content_style":"","_kad_post_vertical_padding":"","_kad_post_feature":"","_kad_post_feature_position":"","_kad_post_header":false,"_kad_post_footer":false},"product_cat":[142],"product_tag":[],"class_list":{"0":"post-11058","1":"product","2":"type-product","3":"status-publish","4":"has-post-thumbnail","6":"product_cat-atmopoites","7":"product_shipping_class-mi-kapnika","9":"first","10":"instock","11":"taxable","12":"shipping-taxable","13":"purchasable","14":"product-type-simple","15":"entry","16":"content-bg","17":"loop-entry"},"acf":[],"_links":{"self":[{"href":"https:\/\/nicoteam.gr\/tr\/wp-json\/wp\/v2\/product\/11058","targetHints":{"allow":["GET"]}}],"collection":[{"href":"https:\/\/nicoteam.gr\/tr\/wp-json\/wp\/v2\/product"}],"about":[{"href":"https:\/\/nicoteam.gr\/tr\/wp-json\/wp\/v2\/types\/product"}],"wp:featuredmedia":[{"embeddable":true,"href":"https:\/\/nicoteam.gr\/tr\/wp-json\/wp\/v2\/media\/11071"}],"wp:attachment":[{"href":"https:\/\/nicoteam.gr\/tr\/wp-json\/wp\/v2\/media?parent=11058"}],"wp:term":[{"taxonomy":"product_cat","embeddable":true,"href":"https:\/\/nicoteam.gr\/tr\/wp-json\/wp\/v2\/product_cat?post=11058"},{"taxonomy":"product_tag","embeddable":true,"href":"https:\/\/nicoteam.gr\/tr\/wp-json\/wp\/v2\/product_tag?post=11058"}],"curies":[{"name":"wp","href":"https:\/\/api.w.org\/{rel}","templated":true}]}}