{"id":10957,"date":"2022-02-01T13:23:34","date_gmt":"2022-02-01T11:23:34","guid":{"rendered":"https:\/\/nicoteam.gr\/?post_type=product&#038;p=10957"},"modified":"2025-08-27T10:51:55","modified_gmt":"2025-08-27T08:51:55","slug":"eleaf-gs-turbo-1-8ml-silver","status":"publish","type":"product","link":"https:\/\/nicoteam.gr\/tr\/product\/eleaf-gs-turbo-1-8ml-silver\/","title":{"rendered":"Eleaf GS Turbo 1.8ml G\u00fcm\u00fc\u015f"},"content":{"rendered":"<p>Elektronik sigara GS TURBO i\u00e7in 1.8ml likit kapasiteli buharla\u015ft\u0131r\u0131c\u0131, siyah renkte mevcuttur. Alt k\u0131s\u0131mda hava ak\u0131\u015f\u0131 ayar\u0131 bulunmaktad\u0131r. Yaln\u0131zca Eleaf GS AIR 0.75ohm ve GS AIR 1.5ohm yedek bobinleri (kafalar\u0131) ile uyumludur. Atomizerin tank\u0131 \u015feffaf olup, s\u0131v\u0131 t\u00fcketimini basit bir bak\u0131\u015fla g\u00f6rebilirsiniz. H\u0131zl\u0131 ve kolay bir \u015fekilde s\u00f6k\u00fcp temizleyebilirsiniz.<\/p>\n<p>\u00d6zellikler<\/p>\n<p>Y\u00fckseklik: 58,0 mm<\/p>\n<p>\u00c7ap: 15.0mm<\/p>\n<p>Kapasite: 1.8ml<\/p>\n<p>Konu: 510 Konu<\/p>","protected":false},"excerpt":{"rendered":"<p>Elektronik sigara GS TURBO i\u00e7in buharla\u015ft\u0131r\u0131c\u0131 \u2013 1.8ml<\/p>","protected":false},"featured_media":10958,"template":"","meta":{"_acf_changed":false,"_kadence_starter_templates_imported_post":false,"_kad_post_transparent":"","_kad_post_title":"","_kad_post_layout":"","_kad_post_sidebar_id":"","_kad_post_content_style":"","_kad_post_vertical_padding":"","_kad_post_feature":"","_kad_post_feature_position":"","_kad_post_header":false,"_kad_post_footer":false},"product_cat":[142],"product_tag":[],"class_list":{"0":"post-10957","1":"product","2":"type-product","3":"status-publish","4":"has-post-thumbnail","6":"product_cat-atmopoites","7":"product_shipping_class-mi-kapnika","9":"first","10":"outofstock","11":"taxable","12":"shipping-taxable","13":"purchasable","14":"product-type-simple","15":"entry","16":"content-bg","17":"loop-entry"},"acf":[],"_links":{"self":[{"href":"https:\/\/nicoteam.gr\/tr\/wp-json\/wp\/v2\/product\/10957","targetHints":{"allow":["GET"]}}],"collection":[{"href":"https:\/\/nicoteam.gr\/tr\/wp-json\/wp\/v2\/product"}],"about":[{"href":"https:\/\/nicoteam.gr\/tr\/wp-json\/wp\/v2\/types\/product"}],"wp:featuredmedia":[{"embeddable":true,"href":"https:\/\/nicoteam.gr\/tr\/wp-json\/wp\/v2\/media\/10958"}],"wp:attachment":[{"href":"https:\/\/nicoteam.gr\/tr\/wp-json\/wp\/v2\/media?parent=10957"}],"wp:term":[{"taxonomy":"product_cat","embeddable":true,"href":"https:\/\/nicoteam.gr\/tr\/wp-json\/wp\/v2\/product_cat?post=10957"},{"taxonomy":"product_tag","embeddable":true,"href":"https:\/\/nicoteam.gr\/tr\/wp-json\/wp\/v2\/product_tag?post=10957"}],"curies":[{"name":"wp","href":"https:\/\/api.w.org\/{rel}","templated":true}]}}