{"id":10941,"date":"2022-02-01T13:10:03","date_gmt":"2022-02-01T11:10:03","guid":{"rendered":"https:\/\/nicoteam.gr\/?post_type=product&#038;p=10941"},"modified":"2023-08-28T10:20:43","modified_gmt":"2023-08-28T08:20:43","slug":"joyetech-notchcore-atomizer","status":"publish","type":"product","link":"https:\/\/nicoteam.gr\/tr\/product\/joyetech-notchcore-atomizer\/","title":{"rendered":"Joyetech NotchCore 22 mm Atomizer 2,5 ml"},"content":{"rendered":"<p>\u0397 \u03c3\u03c5\u03c3\u03ba\u03b5\u03c5\u03b1\u03c3\u03af\u03b1 \u03c3\u03c5\u03bd\u03bf\u03b4\u03b5\u03cd\u03b5\u03c4\u03b1\u03b9 \u03b1\u03c0\u03cc 5 \u03ba\u03b5\u03c6\u03b1\u03bb\u03ad\u03c2 \u03c0\u03b7\u03bd\u03af\u03bf\u03c5.\u00a0\u039f \u03b1\u03c4\u03bc\u03bf\u03c0\u03bf\u03b9\u03b7\u03c4\u03ae\u03c2 NotchCore \u03c5\u03b9\u03bf\u03b8\u03b5\u03c4\u03b5\u03af \u03c4\u03bf\u03bd \u03bf\u03c1\u03b9\u03b6\u03cc\u03bd\u03c4\u03b9\u03bf \u03c4\u03c1\u03cc\u03c0\u03bf \u03b3\u03b9\u03b1 \u03bd\u03b1 \u03c0\u03b5\u03c4\u03cd\u03c7\u03b5\u03b9 \u03bc\u03b9\u03b1 \u03ba\u03b1\u03b8\u03b1\u03c1\u03ae \u03b1\u03c1\u03c9\u03bc\u03b1\u03c4\u03b9\u03ba\u03ae \u03b3\u03b5\u03cd\u03c3\u03b7.\u00a0\u0395\u03bd \u03c4\u03c9 \u03bc\u03b5\u03c4\u03b1\u03be\u03cd, \u03bc\u03c0\u03bf\u03c1\u03b5\u03af\u03c4\u03b5 \u03bd\u03b1 \u03b1\u03c0\u03bf\u03bb\u03b1\u03cd\u03c3\u03b5\u03c4\u03b5 \u03c4\u03b1 \u03c4\u03b5\u03c1\u03ac\u03c3\u03c4\u03b9\u03b1 \u03c3\u03cd\u03bd\u03bd\u03b5\u03c6\u03b1 \u03bc\u03b5 \u03c7\u03b1\u03bc\u03b7\u03bb\u03ae \u03b9\u03c3\u03c7\u03cd \u03b5\u03be\u03cc\u03b4\u03bf\u03c5.\u00a0(20-25w) \u0395\u03af\u03bd\u03b1\u03b9 \u03b5\u03cd\u03ba\u03bf\u03bb\u03bf \u03bd\u03b1 \u03b5\u03b3\u03ba\u03b1\u03c4\u03b1\u03c3\u03c4\u03ae\u03c3\u03b5\u03c4\u03b5 \u03ba\u03b1\u03b9 \u03bd\u03b1 \u03b1\u03bb\u03bb\u03ac\u03be\u03b5\u03c4\u03b5 \u03c4\u03b7\u03bd \u03ba\u03b5\u03c6\u03b1\u03bb\u03ae \u03b1\u03c4\u03bc\u03bf\u03c0\u03bf\u03b9\u03b7\u03c4\u03ae NotchCoil\u00a0<sup>TM<\/sup>\u00a0\u03bc\u03b5 \u03bf\u03b9\u03ba\u03bf\u03bd\u03bf\u03bc\u03b9\u03ba\u03cc \u03c4\u03c1\u03cc\u03c0\u03bf, \u03ba\u03b1\u03b8\u03ce\u03c2 \u03b5\u03af\u03bd\u03b1\u03b9 \u03c6\u03b8\u03b7\u03bd\u03cc\u03c4\u03b5\u03c1\u03b7 \u03b1\u03c0\u03cc \u03ac\u03bb\u03bb\u03b5\u03c2 \u03ba\u03b1\u03bd\u03bf\u03bd\u03b9\u03ba\u03ad\u03c2 \u03ba\u03b5\u03c6\u03b1\u03bb\u03ad\u03c2 \u03c0\u03b7\u03bd\u03af\u03bf\u03c5.<img loading=\"lazy\" decoding=\"async\" class=\"alignnone size-full wp-image-10943\" src=\"https:\/\/nicoteam.gr\/wp-content\/uploads\/2022\/02\/ESPION_Silk_with_NotchCore_08.png\" alt=\"\" width=\"1537\" height=\"495\" srcset=\"https:\/\/nicoteam.gr\/wp-content\/uploads\/2022\/02\/ESPION_Silk_with_NotchCore_08.png 1537w, https:\/\/nicoteam.gr\/wp-content\/uploads\/2022\/02\/ESPION_Silk_with_NotchCore_08-600x193.png 600w, https:\/\/nicoteam.gr\/wp-content\/uploads\/2022\/02\/ESPION_Silk_with_NotchCore_08-300x97.png 300w, https:\/\/nicoteam.gr\/wp-content\/uploads\/2022\/02\/ESPION_Silk_with_NotchCore_08-1024x330.png 1024w, https:\/\/nicoteam.gr\/wp-content\/uploads\/2022\/02\/ESPION_Silk_with_NotchCore_08-768x247.png 768w, https:\/\/nicoteam.gr\/wp-content\/uploads\/2022\/02\/ESPION_Silk_with_NotchCore_08-96x31.png 96w, https:\/\/nicoteam.gr\/wp-content\/uploads\/2022\/02\/ESPION_Silk_with_NotchCore_08-42x14.png 42w, https:\/\/nicoteam.gr\/wp-content\/uploads\/2022\/02\/ESPION_Silk_with_NotchCore_08-1200x386.png 1200w, https:\/\/nicoteam.gr\/wp-content\/uploads\/2022\/02\/ESPION_Silk_with_NotchCore_08-150x48.png 150w\" sizes=\"auto, (max-width: 1537px) 100vw, 1537px\" \/><\/p>\n<p>\u039c\u03ad\u03b3\u03b5\u03b8\u03bf\u03c2: \u03a622.0*49.5mm<br \/>\n\u03a7\u03c1\u03ce\u03bc\u03b1\u03c4\u03b1: \u039a\u03cc\u03ba\u03ba\u03b9\u03bd\u03bf, \u039c\u03b1\u03cd\u03c1\u03bf, \u039b\u03b5\u03c5\u03ba\u03cc<br \/>\nE-liquid \u03c7\u03c9\u03c1\u03b7\u03c4\u03b9\u03ba\u03cc\u03c4\u03b7\u03c4\u03b1: 2.5ml<br \/>\n\u039a\u03b5\u03c6\u03b1\u03bb\u03ae \u03b1\u03c4\u03bc\u03bf\u03c0\u03bf\u03b9\u03b7\u03c4\u03ae: NotchCoilTM 0.45ohm head<\/p>","protected":false},"excerpt":{"rendered":"<p>Vizyonumuz her zaman y\u00fcksek kaliteli, kullan\u0131\u015fl\u0131 ve uygun fiyatl\u0131 bir buharla\u015ft\u0131r\u0131c\u0131 yaratmak olmu\u015ftur. Ve bu da NotchCore. NotchCoil atomizer kafas\u0131n\u0131 takmak ve de\u011fi\u015ftirmek kolayd\u0131r\u00a0<sup>TM<\/sup>\u00a0ekonomik bir \u015fekilde. Joyetech&#039;in NotchCore tank\u0131yla e\u015fle\u015ftirildi\u011finde, ince ve p\u00fcr\u00fczs\u00fcz bir lezzetin tad\u0131n\u0131 \u00e7\u0131karman\u0131z gerekiyor.<\/p>","protected":false},"featured_media":10942,"template":"","meta":{"_acf_changed":false,"_kadence_starter_templates_imported_post":false,"_kad_post_transparent":"","_kad_post_title":"","_kad_post_layout":"","_kad_post_sidebar_id":"","_kad_post_content_style":"","_kad_post_vertical_padding":"","_kad_post_feature":"","_kad_post_feature_position":"","_kad_post_header":false,"_kad_post_footer":false},"product_cat":[142],"product_tag":[],"class_list":{"0":"post-10941","1":"product","2":"type-product","3":"status-publish","4":"has-post-thumbnail","6":"product_cat-atmopoites","7":"product_shipping_class-mi-kapnika","9":"first","10":"instock","11":"taxable","12":"shipping-taxable","13":"purchasable","14":"product-type-simple","15":"entry","16":"content-bg","17":"loop-entry"},"acf":[],"_links":{"self":[{"href":"https:\/\/nicoteam.gr\/tr\/wp-json\/wp\/v2\/product\/10941","targetHints":{"allow":["GET"]}}],"collection":[{"href":"https:\/\/nicoteam.gr\/tr\/wp-json\/wp\/v2\/product"}],"about":[{"href":"https:\/\/nicoteam.gr\/tr\/wp-json\/wp\/v2\/types\/product"}],"wp:featuredmedia":[{"embeddable":true,"href":"https:\/\/nicoteam.gr\/tr\/wp-json\/wp\/v2\/media\/10942"}],"wp:attachment":[{"href":"https:\/\/nicoteam.gr\/tr\/wp-json\/wp\/v2\/media?parent=10941"}],"wp:term":[{"taxonomy":"product_cat","embeddable":true,"href":"https:\/\/nicoteam.gr\/tr\/wp-json\/wp\/v2\/product_cat?post=10941"},{"taxonomy":"product_tag","embeddable":true,"href":"https:\/\/nicoteam.gr\/tr\/wp-json\/wp\/v2\/product_tag?post=10941"}],"curies":[{"name":"wp","href":"https:\/\/api.w.org\/{rel}","templated":true}]}}