{"id":10937,"date":"2022-02-01T13:00:34","date_gmt":"2022-02-01T11:00:34","guid":{"rendered":"https:\/\/nicoteam.gr\/?post_type=product&#038;p=10937"},"modified":"2025-12-08T13:22:22","modified_gmt":"2025-12-08T11:22:22","slug":"joyetech-cubis-max-5ml-silver","status":"publish","type":"product","link":"https:\/\/nicoteam.gr\/tr\/product\/joyetech-cubis-max-5ml-silver\/","title":{"rendered":"Joyetech Cubis Max 5ml G\u00fcm\u00fc\u015f"},"content":{"rendered":"<p>Diren\u00e7: 0,25 ohm<\/p>\n<p>Kapasite: 5 ml<\/p>\n<p>Boyutlar: \u03a6 28,0*50,0 mm<\/p>\n<p>T\u00fcr :510<\/p>\n<p>Joyetech NCFilmTM \u0131s\u0131t\u0131c\u0131 (Kanthal 0.25ohm)<\/p>","protected":false},"excerpt":{"rendered":"<p>Joyetech Cubis Max vaporizat\u00f6r...tek kelimeyle muhte\u015fem! 5 ml kapasiteye sahiptir ve tek harekette \u00fcstten doldurulur. \u00dcst k\u0131sm\u0131nda s\u0131z\u0131nt\u0131lar\u0131 ortadan kald\u0131ran hava emme sistemi vard\u0131r. Rezistans fark edildi\u011fi takdirde temizlenebilir. Deneysel testlere g\u00f6re raf \u00f6mr\u00fc 3 ay iken tad\u0131 de\u011fi\u015fmi\u015ftir.. E\u015fsiz tat ve m\u00fckemmel buhar!<\/p>","protected":false},"featured_media":10938,"template":"","meta":{"_acf_changed":false,"_kadence_starter_templates_imported_post":false,"_kad_post_transparent":"default","_kad_post_title":"","_kad_post_layout":"default","_kad_post_sidebar_id":"","_kad_post_content_style":"default","_kad_post_vertical_padding":"default","_kad_post_feature":"","_kad_post_feature_position":"","_kad_post_header":false,"_kad_post_footer":false},"product_cat":[142],"product_tag":[],"class_list":{"0":"post-10937","1":"product","2":"type-product","3":"status-publish","4":"has-post-thumbnail","6":"product_cat-atmopoites","7":"product_shipping_class-mi-kapnika","9":"first","10":"outofstock","11":"sale","12":"taxable","13":"shipping-taxable","14":"purchasable","15":"product-type-simple","16":"entry","17":"content-bg","18":"loop-entry"},"acf":[],"_links":{"self":[{"href":"https:\/\/nicoteam.gr\/tr\/wp-json\/wp\/v2\/product\/10937","targetHints":{"allow":["GET"]}}],"collection":[{"href":"https:\/\/nicoteam.gr\/tr\/wp-json\/wp\/v2\/product"}],"about":[{"href":"https:\/\/nicoteam.gr\/tr\/wp-json\/wp\/v2\/types\/product"}],"wp:featuredmedia":[{"embeddable":true,"href":"https:\/\/nicoteam.gr\/tr\/wp-json\/wp\/v2\/media\/10938"}],"wp:attachment":[{"href":"https:\/\/nicoteam.gr\/tr\/wp-json\/wp\/v2\/media?parent=10937"}],"wp:term":[{"taxonomy":"product_cat","embeddable":true,"href":"https:\/\/nicoteam.gr\/tr\/wp-json\/wp\/v2\/product_cat?post=10937"},{"taxonomy":"product_tag","embeddable":true,"href":"https:\/\/nicoteam.gr\/tr\/wp-json\/wp\/v2\/product_tag?post=10937"}],"curies":[{"name":"wp","href":"https:\/\/api.w.org\/{rel}","templated":true}]}}