{"id":10935,"date":"2022-02-01T12:29:46","date_gmt":"2022-02-01T10:29:46","guid":{"rendered":"https:\/\/nicoteam.gr\/?post_type=product&#038;p=10935"},"modified":"2023-08-28T10:20:43","modified_gmt":"2023-08-28T08:20:43","slug":"geek-vape-zeus-x-rta-gun-metal","status":"publish","type":"product","link":"https:\/\/nicoteam.gr\/tr\/product\/geek-vape-zeus-x-rta-gun-metal\/","title":{"rendered":"Geek Vape Zeus X RTA 25mm"},"content":{"rendered":"<h2>Geekvape Zeus X RTA \u0391\u03c4\u03bc\u03bf\u03c0\u03bf\u03b9\u03b7\u03c4\u03ae\u03c2 &#8211; \u03a3\u03c7\u03b5\u03b4\u03b9\u03b1\u03c3\u03bc\u03ad\u03bd\u03bf \u03b3\u03b9\u03b1 \u03bb\u03ac\u03c4\u03c1\u03b5\u03b9\u03c2 \u03c4\u03bf\u03c5 RTA<\/h2>\n<p>\u03a4\u03bf Zeus X \u03b5\u03af\u03bd\u03b1\u03b9 \u03b7 \u03c4\u03b5\u03bb\u03b5\u03c5\u03c4\u03b1\u03af\u03b1 \u03ad\u03ba\u03b4\u03bf\u03c3\u03b7 \u03c4\u03b7\u03c2 \u03c3\u03b5\u03b9\u03c1\u03ac\u03c2 Zeus, \u03b5\u03b9\u03b4\u03b9\u03ba\u03ac \u03c3\u03c7\u03b5\u03b4\u03b9\u03b1\u03c3\u03bc\u03ad\u03bd\u03b7 \u03b3\u03b9\u03b1 \u03bb\u03ac\u03c4\u03c1\u03b5\u03b9\u03c2 \u03c4\u03c9\u03bd \u03b5\u03c0\u03b9\u03c3\u03ba\u03b5\u03c5\u03ac\u03c3\u03b9\u03bc\u03c9\u03bd \u03b1\u03c4\u03bc\u03bf\u03c0\u03bf\u03b9\u03b7\u03c4\u03ce\u03bd. \u0397 \u03b1\u03bd\u03b1\u03b2\u03ac\u03b8\u03bc\u03b9\u03c3\u03b7 \u03c4\u03bf\u03c5\u00a0Zeus\u00a0\u03ad\u03b3\u03b9\u03bd\u03b5 \u03b2\u03ac\u03c3\u03b5\u03b9 \u03c4\u03c9\u03bd \u03c0\u03c1\u03bf\u03c4\u03ac\u03c3\u03b5\u03c9\u03bd \u03ba\u03b1\u03b9 \u03c4\u03c9\u03bd\u00a0Feedback\u00a0\u03c0\u03bf\u03c5 \u03ad\u03bb\u03b1\u03b2\u03b5 \u03b7\u00a0Geekvape\u00a0\u03b1\u03c0\u03cc \u03b5\u03ba\u03b1\u03c4\u03bf\u03bd\u03c4\u03ac\u03b4\u03b5\u03c2 \u03bb\u03ac\u03c4\u03c1\u03b5\u03b9\u03c2 \u03c4\u03bf\u03c5 \u03b1\u03c4\u03bc\u03bf\u03c0\u03bf\u03b9\u03b7\u03c4\u03ae\u00a0Zeus\u00a0\u03c3\u03b5 \u03cc\u03bb\u03bf \u03c4\u03bf\u03bd \u03ba\u03cc\u03c3\u03bc\u03bf.<\/p>\n<h3>\u039f\u03b9 \u03bb\u03b5\u03c0\u03c4\u03bf\u03bc\u03ad\u03c1\u03b5\u03b9\u03b5\u03c2 \u03ba\u03ac\u03bd\u03bf\u03c5\u03bd \u03c4\u03b7\u03bd \u03c4\u03b5\u03bb\u03b5\u03b9\u03cc\u03c4\u03b7\u03c4\u03b1.<\/h3>\n<p>\u039f \u03b1\u03c4\u03bc\u03bf\u03c0\u03bf\u03b9\u03b7\u03c4\u03ae\u03c2 Zeus X RTA \u03ad\u03c7\u03b5\u03b9 \u03b4\u03b9\u03ac\u03bc\u03b5\u03c4\u03c1\u03bf 25mm, \u03b5\u03af\u03bd\u03b1\u03b9 \u03ba\u03b1\u03c4\u03b1\u03c3\u03ba\u03b5\u03c5\u03b1\u03c3\u03bc\u03ad\u03bd\u03bf\u03c2 \u03b1\u03c0\u03cc \u03b1\u03bd\u03bf\u03be\u03b5\u03af\u03b4\u03c9\u03c4\u03bf \u03b1\u03c4\u03c3\u03ac\u03bb\u03b9 \u03ba\u03b1\u03b9 \u03b3\u03c5\u03b1\u03bb\u03af\u00a0Pyrex. \u038c\u03bb\u03b1 \u03c4\u03b1 \u03bc\u03ad\u03c1\u03b7 \u03c4\u03bf\u03c5 \u03b1\u03c4\u03bc\u03bf\u03c0\u03bf\u03b9\u03b7\u03c4\u03ae \u03bc\u03c0\u03bf\u03c1\u03bf\u03cd\u03bd \u03bd\u03b1 \u03b1\u03c0\u03bf\u03c3\u03c0\u03b1\u03c3\u03c4\u03bf\u03cd\u03bd \u03ba\u03b1\u03b9 \u03bd\u03b1 \u03c3\u03c5\u03bd\u03b1\u03c1\u03bc\u03bf\u03bb\u03bf\u03b3\u03b7\u03b8\u03bf\u03cd\u03bd \u03c0\u03bf\u03bb\u03cd \u03b3\u03c1\u03b7\u03b3\u03bf\u03c1\u03ac \u03ba\u03b1\u03b9 \u03b5\u03c5\u03ba\u03bf\u03bb\u03ac, \u03bc\u03b5 \u03b1\u03c5\u03c4\u03cc\u03bd \u03c4\u03bf\u03bd \u03c4\u03c1\u03cc\u03c0\u03bf \u03b7 \u03c3\u03c5\u03bd\u03c4\u03ae\u03c1\u03b7\u03c3\u03b7 \u03ba\u03b1\u03b9 \u03bf \u03ba\u03b1\u03b8\u03b1\u03c1\u03b9\u03c3\u03bc\u03cc\u03c2 \u03c4\u03bf\u03c5 \u03b1\u03c4\u03bc\u03bf\u03c0\u03bf\u03b9\u03b7\u03c4\u03ae \u03b3\u03af\u03bd\u03b5\u03c4\u03b1\u03b9 \u03c0\u03b1\u03b9\u03c7\u03bd\u03b9\u03b4\u03ac\u03ba\u03b9.<\/p>\n<p>\u03a4\u03bf\u00a0Postless\u00a0Deck\u00a0\u03c4\u03bf\u03c5 \u03b1\u03c4\u03bc\u03bf\u03c0\u03bf\u03b9\u03b7\u03c4\u03ae \u03b5\u03af\u03bd\u03b1\u03b9 \u03c3\u03c7\u03b5\u03b4\u03b9\u03b1\u03c3\u03bc\u03ad\u03bd\u03bf \u03b3\u03b9\u03b1 \u03bd\u03b1 \u03bc\u03c0\u03bf\u03c1\u03b5\u03af \u03bf \u03c7\u03c1\u03ae\u03c3\u03c4\u03b7\u03c2 \u03bd\u03b1 \u03c3\u03c4\u03ae\u03c3\u03b5\u03b9 \u03bc\u03b5 \u03b5\u03c5\u03ba\u03bf\u03bb\u03af\u03b1 \u03ba\u03b1\u03b9 \u03c4\u03b1\u03c7\u03cd\u03c4\u03b7\u03c4\u03b1 \u03c4\u03bf\u03bd \u03b1\u03c4\u03bc\u03bf\u03c0\u03bf\u03b9\u03b7\u03c4\u03ae, \u03b5\u03af\u03bd\u03b1\u03b9 \u03b5\u03c5\u03c1\u03cd\u03c7\u03c9\u03c1\u03bf \u03ba\u03b1\u03b9 \u03bc\u03b1\u03c2 \u03b4\u03af\u03bd\u03b5\u03b9 \u03c4\u03b7\u03bd \u03b4\u03c5\u03bd\u03b1\u03c4\u03cc\u03c4\u03b7\u03c4\u03b1 \u03b3\u03b9\u03b1 \u03bc\u03bf\u03bd\u03ae \u03ba\u03b1\u03b9 \u03b4\u03b9\u03c0\u03bb\u03ae \u03b1\u03bd\u03c4\u03af\u03c3\u03c4\u03b1\u03c3\u03b7.<\/p>\n<h3>\u03a3\u03cd\u03c3\u03c4\u03b7\u03bc\u03b1 \u03b1\u03bd\u03b1\u03c0\u03bb\u03ae\u03c1\u03c9\u03c3\u03b7\u03c2\u00a0Top-Fill<\/h3>\n<p>\u0397 \u03b1\u03bd\u03b1\u03c0\u03bb\u03ae\u03c1\u03c9\u03c3\u03b7 \u03c4\u03bf\u03c5 \u03c5\u03b3\u03c1\u03bf\u03cd \u03b3\u03af\u03bd\u03b5\u03c4\u03b1\u03b9 \u03b1\u03c0\u03cc \u03c4\u03bf \u03c0\u03ac\u03bd\u03c9 \u03bc\u03ad\u03c1\u03bf\u03c2 \u03c4\u03bf\u03c5 \u03b1\u03c4\u03bc\u03bf\u03c0\u03bf\u03b9\u03b7\u03c4\u03ae, \u03bc\u03b7\u03b4\u03b5\u03bd\u03af\u03b6\u03bf\u03bd\u03c4\u03b1\u03c2 \u03ad\u03c4\u03c3\u03b9 \u03ba\u03ac\u03b8\u03b5 \u03c0\u03b9\u03b8\u03b1\u03bd\u03cc\u03c4\u03b7\u03c4\u03b1 \u03b3\u03b9\u03b1 \u03b4\u03b9\u03b1\u03c1\u03c1\u03bf\u03ad\u03c2. \u0393\u03b9\u03b1 \u03bd\u03b1 \u03b3\u03b5\u03bc\u03af\u03c3\u03bf\u03c5\u03bc\u03b5 \u03c4\u03b7\u03bd \u03b4\u03b5\u03be\u03b1\u03bc\u03b5\u03bd\u03ae \u03c4\u03bf\u03c5 \u03b1\u03c4\u03bc\u03bf\u03c0\u03bf\u03b9\u03b7\u03c4\u03ae \u03b1\u03c1\u03ba\u03b5\u03af \u03bd\u03b1 \u03be\u03b5\u03b2\u03b9\u03b4\u03ce\u03c3\u03bf\u03c5\u03bc\u03b5 \u03c4\u03bf\u00a0top\u00a0cap\u00a0\u03c3\u03c4\u03bf \u03c0\u03ac\u03bd\u03c9 \u03bc\u03ad\u03c1\u03bf\u03c2 \u03c4\u03bf\u03c5 \u03b1\u03c4\u03bc\u03bf\u03c0\u03bf\u03b9\u03b7\u03c4\u03ae \u03ba\u03b1\u03b9 \u03c3\u03c5\u03bc\u03c0\u03bb\u03b7\u03c1\u03ce\u03bd\u03bf\u03c5\u03bc\u03b5 \u03b1\u03c0\u03cc \u03c4\u03b7\u03bd \u03b5\u03b9\u03b4\u03b9\u03ba\u03ae \u03b5\u03c3\u03bf\u03c7\u03ae \u03bc\u03b5 \u03c4\u03bf \u03c5\u03b3\u03c1\u03cc \u03b1\u03bd\u03b1\u03c0\u03bb\u03ae\u03c1\u03c9\u03c3\u03b7\u03c2.<\/p>\n<p>\u03a4\u03bf \u03be\u03b5\u03c7\u03c9\u03c1\u03b9\u03c3\u03c4\u03cc \u03c3\u03cd\u03c3\u03c4\u03b7\u03bc\u03b1 \u03c1\u03bf\u03ae\u03c2 \u03b1\u03ad\u03c1\u03b1 \u03c4\u03bf\u03c5 \u03b1\u03c4\u03bc\u03bf\u03c0\u03bf\u03b9\u03b7\u03c4\u03ae \u03bc\u03b1\u03c2 \u03b4\u03af\u03bd\u03b5\u03b9 \u03c4\u03b7\u03bd \u03b4\u03c5\u03bd\u03b1\u03c4\u03cc\u03c4\u03b7\u03c4\u03b1 \u03bd\u03b1 \u03b1\u03c0\u03bf\u03bb\u03b1\u03bc\u03b2\u03ac\u03bd\u03bf\u03c5\u03bc\u03b5 \u03ba\u03b1\u03b8\u03b1\u03c1\u03ae \u03b3\u03b5\u03cd\u03c3\u03b7 \u03bc\u03b5 \u03c3\u03c9\u03c3\u03c4\u03ae \u03b1\u03c0\u03cc\u03b4\u03bf\u03c3\u03b7 \u03c4\u03c9\u03bd \u03b1\u03c1\u03c9\u03bc\u03ac\u03c4\u03c9\u03bd \u03ba\u03b1\u03b9 \u03bc\u03b5\u03b3\u03ac\u03bb\u03b7 \u03c0\u03b1\u03c1\u03b1\u03b3\u03c9\u03b3\u03ae \u03b1\u03c4\u03bc\u03bf\u03cd. \u03a4\u03bf\u00a0Airflow\u00a0\u03b2\u03c1\u03af\u03c3\u03ba\u03b5\u03c4\u03b5 \u03c3\u03c4\u03bf \u03c0\u03ac\u03bd\u03c9 \u03bc\u03ad\u03c1\u03bf\u03c2 \u03c4\u03bf\u03c5 \u03b1\u03c4\u03bc\u03bf\u03c0\u03bf\u03b9\u03b7\u03c4\u03ae \u03ba\u03b1\u03b9 \u03c1\u03c5\u03b8\u03bc\u03af\u03b6\u03b5\u03c4\u03b5 \u03c3\u03cd\u03bc\u03c6\u03c9\u03bd\u03b1 \u03bc\u03b5 \u03c4\u03b9\u03c2 \u03b1\u03bd\u03ac\u03b3\u03ba\u03b5\u03c2 \u03bc\u03b1\u03c2. \u03a3\u03c4\u03bf \u03b5\u03c3\u03c9\u03c4\u03b5\u03c1\u03b9\u03ba\u03cc \u03c4\u03b7\u03c2 \u03ba\u03b1\u03bc\u03c0\u03ac\u03bd\u03b1\u03c2 \u03c4\u03bf\u03c5 \u03b1\u03c4\u03bc\u03bf\u03c0\u03bf\u03b9\u03b7\u03c4\u03ae \u03c5\u03c0\u03ac\u03c1\u03c7\u03b5\u03b9 \u03bc\u03b9\u03b1 \u03b4\u03b5\u03cd\u03c4\u03b5\u03c1\u03b7 \u03bc\u03b5 \u03c0\u03bf\u03bb\u03bb\u03b1\u03c0\u03bb\u03ad\u03c2 \u03bf\u03c0\u03ad\u03c2, \u03bf\u03b9 \u03bf\u03c0\u03bf\u03af\u03b5\u03c2 \u03bf\u03b4\u03b7\u03b3\u03bf\u03cd\u03bd \u03c4\u03bf\u03bd \u03b1\u03ad\u03c1\u03b1 \u03c3\u03c4\u03bf \u03b5\u03c3\u03c9\u03c4\u03b5\u03c1\u03b9\u03ba\u03cc \u03c4\u03bf\u03c5 \u03b1\u03c4\u03bc\u03bf\u03c0\u03bf\u03b9\u03b7\u03c4\u03ae \u03ba\u03b1\u03b9 \u03c4\u03bf\u03bd \u03bf\u03b4\u03b7\u03b3\u03bf\u03cd\u03bd \u03bc\u03ad\u03c3\u03b1 \u03b1\u03c0\u03cc \u03c4\u03b7\u03bd \u03b1\u03bd\u03c4\u03af\u03c3\u03c4\u03b1\u03c3\u03b7, \u03bc\u03b5 \u03b1\u03c5\u03c4\u03cc \u03c4\u03bf \u03c3\u03cd\u03c3\u03c4\u03b7\u03bc\u03b1\u00a0Airflow\u00a0\u03b7 \u03b3\u03b5\u03cd\u03c3\u03b7 \u03c0\u03bf\u03c5 \u03b1\u03c0\u03bf\u03b4\u03af\u03b4\u03b5\u03b9 \u03bf \u03b1\u03c4\u03bc\u03bf\u03c0\u03bf\u03b9\u03b7\u03c4\u03ae\u03c2 \u03b5\u03af\u03bd\u03b1\u03b9 \u03ba\u03b1\u03b8\u03b1\u03c1\u03ae \u03bc\u03b5 \u03ad\u03bd\u03c4\u03bf\u03bd\u03b1 \u03b1\u03c1\u03ce\u03bc\u03b1\u03c4\u03b1 \u03ba\u03b1\u03b9 \u03bc\u03b5\u03b3\u03ac\u03bb\u03b7 \u03c0\u03b1\u03c1\u03b1\u03b3\u03c9\u03b3\u03ae \u03b1\u03c4\u03bc\u03bf\u03cd.<\/p>\n<h4>\u00d6zellikler<\/h4>\n<p><strong>Boyut:<\/strong>\u00a025mm x 47.8mm<\/p>\n<p><strong>Tank kapasitesi:<\/strong>\u00a02 ml<\/p>\n<p><strong>Rezistans:<\/strong>\u00a0\u039c\u03bf\u03bd\u03ae \u03b1\u03bd\u03c4\u03af\u03c3\u03c4\u03b1\u03c3\u03b7 \/ \u0394\u03b9\u03c0\u03bb\u03ae \u03b1\u03bd\u03c4\u03af\u03c3\u03c4\u03b1\u03c3\u03b7<\/p>\n<p><strong>Drip Tip:\u00a0<\/strong>810<\/p>\n<p><strong>\u0130plik:\u00a0<\/strong>510<\/p>","protected":false},"excerpt":{"rendered":"<p>Zeus X RTA atomizerin \u00e7ap\u0131 25mm olup, paslanmaz \u00e7elik ve Pyrex camdan yap\u0131lm\u0131\u015ft\u0131r. Atomiz\u00f6r\u00fcn ayr\u0131 hava ak\u0131\u015f sistemi, aromalar\u0131n do\u011fru performans\u0131 ve b\u00fcy\u00fck miktarda buhar \u00fcretimi ile temiz bir tad\u0131n keyfini \u00e7\u0131karmam\u0131za olanak tan\u0131r.<\/p>","protected":false},"featured_media":10936,"template":"","meta":{"_acf_changed":false,"_kadence_starter_templates_imported_post":false,"_kad_post_transparent":"","_kad_post_title":"","_kad_post_layout":"","_kad_post_sidebar_id":"","_kad_post_content_style":"","_kad_post_vertical_padding":"","_kad_post_feature":"","_kad_post_feature_position":"","_kad_post_header":false,"_kad_post_footer":false},"product_cat":[142],"product_tag":[],"class_list":{"0":"post-10935","1":"product","2":"type-product","3":"status-publish","4":"has-post-thumbnail","6":"product_cat-atmopoites","7":"product_shipping_class-mi-kapnika","9":"first","10":"instock","11":"taxable","12":"shipping-taxable","13":"purchasable","14":"product-type-variable","15":"entry","16":"content-bg","17":"loop-entry"},"acf":[],"_links":{"self":[{"href":"https:\/\/nicoteam.gr\/tr\/wp-json\/wp\/v2\/product\/10935","targetHints":{"allow":["GET"]}}],"collection":[{"href":"https:\/\/nicoteam.gr\/tr\/wp-json\/wp\/v2\/product"}],"about":[{"href":"https:\/\/nicoteam.gr\/tr\/wp-json\/wp\/v2\/types\/product"}],"wp:featuredmedia":[{"embeddable":true,"href":"https:\/\/nicoteam.gr\/tr\/wp-json\/wp\/v2\/media\/10936"}],"wp:attachment":[{"href":"https:\/\/nicoteam.gr\/tr\/wp-json\/wp\/v2\/media?parent=10935"}],"wp:term":[{"taxonomy":"product_cat","embeddable":true,"href":"https:\/\/nicoteam.gr\/tr\/wp-json\/wp\/v2\/product_cat?post=10935"},{"taxonomy":"product_tag","embeddable":true,"href":"https:\/\/nicoteam.gr\/tr\/wp-json\/wp\/v2\/product_tag?post=10935"}],"curies":[{"name":"wp","href":"https:\/\/api.w.org\/{rel}","templated":true}]}}