{"id":10933,"date":"2022-02-01T12:23:39","date_gmt":"2022-02-01T10:23:39","guid":{"rendered":"https:\/\/nicoteam.gr\/?post_type=product&#038;p=10933"},"modified":"2023-08-28T10:20:43","modified_gmt":"2023-08-28T08:20:43","slug":"aspire-nautilus-xs-2ml-champagne","status":"publish","type":"product","link":"https:\/\/nicoteam.gr\/tr\/product\/aspire-nautilus-xs-2ml-champagne\/","title":{"rendered":"Aspire Nautilus XS 2ml \u015eampanya"},"content":{"rendered":"<p>\u039f \u03bd\u03ad\u03bf\u03c2 \u03b1\u03c4\u03bc\u03bf\u03c0\u03bf\u03b9\u03b7\u03c4\u03ae\u03c2\u00a0Nautilus\u00a0XS\u00a0\u03b5\u03af\u03bd\u03b1\u03b9 \u03c3\u03c5\u03bc\u03b2\u03b1\u03c4\u03cc\u03c2 \u03bc\u03b5 \u03c4\u03b9\u03c2 \u03b1\u03bd\u03c4\u03b9\u03c3\u03c4\u03ac\u03c3\u03b5\u03b9\u03c2 \u03c4\u03bf\u03c5 \u03c0\u03b1\u03bb\u03b1\u03b9\u03cc\u03c4\u03b5\u03c1\u03bf\u03c5\u00a0Nautilus\u00a0X \u03c0\u03b1\u03c1\u03ad\u03c7\u03bf\u03bd\u03c4\u03b1\u03c2 \u03ba\u03b1\u03b9 \u03ba\u03ac\u03c0\u03bf\u03b9\u03b1 \u03b5\u03c0\u03b9\u03c0\u03bb\u03ad\u03bf\u03bd \u03c7\u03b1\u03c1\u03b1\u03ba\u03c4\u03b7\u03c1\u03b9\u03c3\u03c4\u03b9\u03ba\u03ac, \u03cc\u03c0\u03c9\u03c2 \u03c4\u03bf \u03bd\u03ad\u03bf \u03c1\u03c5\u03b8\u03bc\u03b9\u03b6\u03cc\u03bc\u03b5\u03bd\u03bf \u03c3\u03cd\u03c3\u03c4\u03b7\u03bc\u03b1 \u03c1\u03bf\u03ae\u03c2 \u03b1\u03ad\u03c1\u03b1 \u03ba\u03b1\u03b9 \u03c4\u03bf Top-Fill \u03c3\u03cd\u03c3\u03c4\u03b7\u03bc\u03b1 \u03b1\u03bd\u03b1\u03c0\u03bb\u03ae\u03c1\u03c9\u03c3\u03b7\u03c2 \u03c5\u03b3\u03c1\u03bf\u03cd (\u03b3\u03ad\u03bc\u03b9\u03c3\u03bc\u03b1 \u03c5\u03b3\u03c1\u03bf\u03cd \u03b1\u03c0\u03cc \u03c4\u03bf \u03c0\u03ac\u03bd\u03c9 \u03bc\u03ad\u03c1\u03bf\u03c2 \u03c4\u03bf\u03c5 \u03b1\u03c4\u03bc\u03bf\u03c0\u03bf\u03b9\u03b7\u03c4\u03ae).<\/p>\n<p>\u0388\u03c7\u03b5\u03b9 \u03b4\u03b9\u03ac\u03bc\u03b5\u03c4\u03c1\u03bf 22mm \u03ba\u03b1\u03b9 \u03cd\u03c8\u03bf\u03c2 \u03bc\u03cc\u03bb\u03b9\u03c2 48mm (\u03bc\u03b1\u03b6\u03af \u03bc\u03b5 \u03c4\u03bf \u03b5\u03c0\u03b9\u03c3\u03c4\u03cc\u03bc\u03b9\u03bf), \u03b4\u03b9\u03b1\u03c3\u03c4\u03ac\u03c3\u03b5\u03b9\u03c2 \u03c0\u03bf\u03c5 \u03c4\u03bf\u03bd \u03ba\u03b1\u03b8\u03b9\u03c3\u03c4\u03bf\u03cd\u03bd \u03b9\u03b4\u03b1\u03bd\u03b9\u03ba\u03cc \u03c3\u03c5\u03bd\u03b4\u03c5\u03b1\u03c3\u03bc\u03cc \u03b3\u03b9\u03b1 \u03c4\u03b9\u03c2 \u03b1\u03b3\u03b1\u03c0\u03b7\u03bc\u03ad\u03bd\u03b5\u03c2 \u03c3\u03b1\u03c2 \u03c3\u03c5\u03c3\u03ba\u03b5\u03c5\u03ad\u03c2\u00a0Mod. \u0397 \u03c7\u03c9\u03c1\u03b7\u03c4\u03b9\u03ba\u03cc\u03c4\u03b7\u03c4\u03b1 \u03c4\u03b7\u03c2 \u03b4\u03b5\u03be\u03b1\u03bc\u03b5\u03bd\u03ae\u03c2 \u03b5\u03af\u03bd\u03b1\u03b9 2ml\u00a0\u03ba\u03b1\u03b9 \u03bc\u03b1\u03c2 \u03b4\u03af\u03bd\u03b5\u03c4\u03b1\u03b9 \u03b7 \u03b4\u03c5\u03bd\u03b1\u03c4\u03cc\u03c4\u03b7\u03c4\u03b1 \u03bd\u03b1 \u03b4\u03b9\u03c0\u03bb\u03b1\u03c3\u03b9\u03ac\u03c3\u03bf\u03c5\u03bc\u03b5 \u03c4\u03b7\u03bd \u03c7\u03c9\u03c1\u03b7\u03c4\u03b9\u03ba\u03cc\u03c4\u03b7\u03c4\u03b1 \u03c7\u03c1\u03b7\u03c3\u03b9\u03bc\u03bf\u03c0\u03bf\u03b9\u03ce\u03bd\u03c4\u03b1\u03c2 \u03c4\u03b7\u03bd \u03b1\u03bd\u03c4\u03b1\u03bb\u03bb\u03b1\u03ba\u03c4\u03b9\u03ba\u03ae \u03b4\u03b5\u03be\u03b1\u03bc\u03b5\u03bd\u03ae 4ml.<\/p>\n<p>\u03a1\u03c5\u03b8\u03bc\u03af\u03b6\u03bf\u03bd\u03c4\u03b1\u03c2 \u03c4\u03bf\u00a0Airflow\u00a0\u03bc\u03c0\u03bf\u03c1\u03bf\u03cd\u03bc\u03b5 \u03bd\u03b1 \u03b5\u03c0\u03b9\u03bb\u03ad\u03be\u03bf\u03c5\u03bc\u03b5 \u03b5\u03ac\u03bd \u03b8\u03ad\u03bb\u03bf\u03c5\u03bc\u03b5 \u03bd\u03b1 \u03ba\u03ac\u03bd\u03bf\u03c5\u03bc\u03b5 \u03c4\u03c3\u03b9\u03b3\u03b1\u03c1\u03af\u03c3\u03b9\u03b1\u00a0MTL\u00a0\u03c7\u03c1\u03ae\u03c3\u03b7 \u03ae \u03bc\u03b9\u03b1 \u03c0\u03b9\u03bf \u03c0\u03bd\u03b5\u03c5\u03bc\u03bf\u03bd\u03b9\u03ba\u03ae \u03c7\u03c1\u03ae\u03c3\u03b7. \u0397 \u03b5\u03b9\u03c3\u03b1\u03b3\u03c9\u03b3\u03ae \u03c4\u03bf\u03c5 \u03b1\u03ad\u03c1\u03b1 \u03b3\u03af\u03bd\u03b5\u03c4\u03b1\u03b9 \u03bc\u03ad\u03c3\u03c9 \u03c4\u03b7\u03c2 \u03b4\u03b9\u03c0\u03bb\u03ae\u03c2 \u03bf\u03c0\u03ae\u03c2 \u03c0\u03bf\u03c5 \u03b4\u03b9\u03b1\u03b8\u03ad\u03c4\u03b5\u03b9 \u03bf \u03b1\u03c4\u03bc\u03bf\u03c0\u03bf\u03b9\u03b7\u03c4\u03ae\u03c2 \u03ba\u03b1\u03b9 \u03bc\u03b5 \u03c4\u03b7 \u03b2\u03bf\u03ae\u03b8\u03b5\u03b9\u03b1 \u03c4\u03bf\u03c5 \u03c0\u03b5\u03c1\u03b9\u03c3\u03c4\u03c1\u03b5\u03c6\u03cc\u03bc\u03b5\u03bd\u03bf\u03c5 \u03b4\u03b1\u03ba\u03c4\u03c5\u03bb\u03af\u03bf\u03c5 \u03c0\u03bf\u03c5 \u03c5\u03c0\u03ac\u03c1\u03c7\u03b5\u03b9 \u03c3\u03c4\u03bf \u03c0\u03ac\u03bd\u03c9 \u03bc\u03ad\u03c1\u03bf\u03c2 \u03c4\u03bf\u03c5 \u03b1\u03c4\u03bc\u03bf\u03c0\u03bf\u03b9\u03b7\u03c4\u03ae \u03bc\u03c0\u03bf\u03c1\u03bf\u03cd\u03bc\u03b5 \u03bd\u03b1 \u03c4\u03b7 \u03c1\u03c5\u03b8\u03bc\u03af\u03c3\u03bf\u03c5\u03bc\u03b5 \u03bc\u03b5 \u03b1\u03ba\u03c1\u03af\u03b2\u03b5\u03b9\u03b1 \u03c3\u03c4\u03bf \u03b5\u03c0\u03af\u03c0\u03b5\u03b4\u03bf \u03c0\u03bf\u03c5 \u03b5\u03c0\u03b9\u03b8\u03c5\u03bc\u03bf\u03cd\u03bc\u03b5.<\/p>\n<p>\u03a4\u03bf 510\u00a0Drip\u00a0Tip\u00a0\u03ba\u03b1\u03b9 \u03b7 \u03b2\u03ac\u03c3\u03b7 \u03c4\u03bf\u03c5 \u03b5\u03af\u03bd\u03b1\u03b9 \u03ba\u03b1\u03c4\u03b1\u03c3\u03ba\u03b5\u03c5\u03b1\u03c3\u03bc\u03ad\u03bd\u03b1 \u03b1\u03c0\u03cc \u03b1\u03bd\u03b8\u03b5\u03ba\u03c4\u03b9\u03ba\u03cc \u03c3\u03c4\u03b7 \u03b8\u03b5\u03c1\u03bc\u03cc\u03c4\u03b7\u03c4\u03b1 \u03c5\u03bb\u03b9\u03ba\u03cc PEEK. \u0388\u03bd\u03b1 \u03b5\u03be\u03b1\u03b9\u03c1\u03b5\u03c4\u03b9\u03ba\u03cc \u03c5\u03bb\u03b9\u03ba\u03cc \u03b3\u03b9\u03b1 \u03c4\u03b7 \u03b4\u03b9\u03ac\u03c7\u03c5\u03c3\u03b7 \u03c4\u03b7\u03c2 \u03b8\u03b5\u03c1\u03bc\u03cc\u03c4\u03b7\u03c4\u03b1\u03c2 \u03ba\u03b1\u03b9 \u03b5\u03be\u03b1\u03b9\u03c1\u03b5\u03c4\u03b9\u03ba\u03ac \u03b1\u03bd\u03b8\u03b5\u03ba\u03c4\u03b9\u03ba\u03cc, \u03b2\u03bf\u03b7\u03b8\u03ce\u03bd\u03c4\u03b1\u03c2 \u03ad\u03c4\u03c3\u03b9 \u03c3\u03c4\u03b7\u03bd \u03b3\u03c1\u03ae\u03b3\u03bf\u03c1\u03b7 \u03c8\u03cd\u03be\u03b7 \u03c4\u03bf\u03c5 \u03b1\u03c4\u03bc\u03bf\u03cd.<\/p>\n<p>\u0397 \u03c3\u03b5\u03b9\u03c1\u03ac \u03c4\u03c9\u03bd \u03b1\u03bd\u03c4\u03b9\u03c3\u03c4\u03ac\u03c3\u03b5\u03c9\u03bd Nautilus X \u03b5\u03af\u03bd\u03b1\u03b9 \u03c3\u03c5\u03bc\u03b2\u03b1\u03c4\u03ae \u03bc\u03b5 \u03c4\u03bf\u03bd \u03b1\u03c4\u03bc\u03bf\u03c0\u03bf\u03b9\u03b7\u03c4\u03ae Nautilus XS.<\/p>\n<p><strong>\u00c7ap:<\/strong>\u00a022mm<\/p>\n<p><strong>\u038e\u03c8\u03bf\u03c2:<\/strong>\u00a048mm<\/p>\n<p><strong>Tank kapasitesi:<\/strong>\u00a02 ml<\/p>\n<p><strong>Drip\u00a0Tip:<\/strong>\u00a0510<\/p>\n<p><strong>\u0130plik:<\/strong>\u00a0510<\/p>\n<p><strong>Doldurma sistemi:<\/strong>\u00a0\u00dcstten Doldurma<\/p>\n<p><strong>Diren\u00e7ler<\/strong><strong>:<\/strong>\u00a0Nautilus X Coils, Nautilus XS 0.7ohm Mesh Coil<\/p>","protected":false},"excerpt":{"rendered":"<ul>\n<li>\u00c7ap: 22mm<\/li>\n<li>Y\u00fckseklik: 48mm<\/li>\n<li>\u00dcst Hava Ak\u0131\u015f\u0131 Kontrol\u00fc<\/li>\n<li>Kolay temizlik i\u00e7in \u00e7\u0131kar\u0131labilir par\u00e7alar<\/li>\n<li>Dolum: \u00dcst Dolum<\/li>\n<li>Konu: 510<\/li>\n<\/ul>","protected":false},"featured_media":10934,"template":"","meta":{"_acf_changed":false,"_kadence_starter_templates_imported_post":false,"_kad_post_transparent":"","_kad_post_title":"","_kad_post_layout":"","_kad_post_sidebar_id":"","_kad_post_content_style":"","_kad_post_vertical_padding":"","_kad_post_feature":"","_kad_post_feature_position":"","_kad_post_header":false,"_kad_post_footer":false},"product_cat":[142],"product_tag":[],"class_list":{"0":"post-10933","1":"product","2":"type-product","3":"status-publish","4":"has-post-thumbnail","6":"product_cat-atmopoites","7":"product_shipping_class-mi-kapnika","9":"first","10":"instock","11":"taxable","12":"shipping-taxable","13":"purchasable","14":"product-type-simple","15":"entry","16":"content-bg","17":"loop-entry"},"acf":[],"_links":{"self":[{"href":"https:\/\/nicoteam.gr\/tr\/wp-json\/wp\/v2\/product\/10933","targetHints":{"allow":["GET"]}}],"collection":[{"href":"https:\/\/nicoteam.gr\/tr\/wp-json\/wp\/v2\/product"}],"about":[{"href":"https:\/\/nicoteam.gr\/tr\/wp-json\/wp\/v2\/types\/product"}],"wp:featuredmedia":[{"embeddable":true,"href":"https:\/\/nicoteam.gr\/tr\/wp-json\/wp\/v2\/media\/10934"}],"wp:attachment":[{"href":"https:\/\/nicoteam.gr\/tr\/wp-json\/wp\/v2\/media?parent=10933"}],"wp:term":[{"taxonomy":"product_cat","embeddable":true,"href":"https:\/\/nicoteam.gr\/tr\/wp-json\/wp\/v2\/product_cat?post=10933"},{"taxonomy":"product_tag","embeddable":true,"href":"https:\/\/nicoteam.gr\/tr\/wp-json\/wp\/v2\/product_tag?post=10933"}],"curies":[{"name":"wp","href":"https:\/\/api.w.org\/{rel}","templated":true}]}}