{"id":10928,"date":"2022-02-01T12:17:14","date_gmt":"2022-02-01T10:17:14","guid":{"rendered":"https:\/\/nicoteam.gr\/?post_type=product&#038;p=10928"},"modified":"2023-08-28T10:20:43","modified_gmt":"2023-08-28T08:20:43","slug":"aspire-nautilus-xs-2ml-24mm","status":"publish","type":"product","link":"https:\/\/nicoteam.gr\/tr\/product\/aspire-nautilus-xs-2ml-24mm\/","title":{"rendered":"Aspire Nautilus XS 2ml 24mm"},"content":{"rendered":"<p>THE\u00a0<strong>Nautilus XS<\/strong>\u00a0\u03b1\u03c0\u03bf\u03c4\u03b5\u03bb\u03b5\u03af \u03c4\u03b7\u03bd \u03bd\u03ad\u03b1 \u03b5\u03c0\u03b9\u03bb\u03bf\u03b3\u03ae \u03b1\u03c4\u03bc\u03bf\u03c0\u03bf\u03b9\u03b7\u03c4\u03ae \u03b1\u03c0\u03cc \u03c4\u03b7\u03bd Aspire, \u03c3\u03c5\u03bd\u03ad\u03c7\u03b5\u03b9\u03b1 \u03c4\u03bf\u03c5 \u03ba\u03bb\u03b1\u03c3\u03c3\u03b9\u03ba\u03bf\u03cd \u03b1\u03c4\u03bc\u03bf\u03c0\u03bf\u03b9\u03b7\u03c4\u03ae Nautilus X. \u0397 \u03b4\u03b5\u03be\u03b1\u03bc\u03b5\u03bd\u03ae \u03c4\u03bf\u03c5 \u03b1\u03c4\u03bc\u03bf\u03c0\u03bf\u03b9\u03b7\u03c4\u03ae \u03bc\u03b5 \u03c3\u03c5\u03bd\u03bf\u03bb\u03b9\u03ba\u03ae \u03c7\u03c9\u03c1\u03b7\u03c4\u03b9\u03ba\u03cc\u03c4\u03b7\u03c4\u03b1\u00a0<strong>2 ml<\/strong>\u00a0\u03bc\u03c0\u03bf\u03c1\u03b5\u03af \u03bd\u03b1 \u03b3\u03b5\u03bc\u03af\u03c3\u03b5\u03b9 \u03bc\u03b5 \u03b5\u03cd\u03ba\u03bf\u03bb\u03bf \u03c4\u03c1\u03cc\u03c0\u03bf \u03b1\u03c0\u03cc \u03c4\u03bf \u03c0\u03ac\u03bd\u03c9 \u03bc\u03ad\u03c1\u03bf\u03c2 \u03bc\u03b5 \u03ad\u03bd\u03b1 \u03b1\u03c0\u03bb\u03cc \u03be\u03b5\u03b2\u03af\u03b4\u03c9\u03bc\u03b1 \u03c4\u03bf\u03c5 top cap \u03c4\u03bf\u03c5 \u03bc\u03bf\u03bd\u03c4\u03ad\u03bb\u03bf\u03c5. \u039f Nautilus XS \u03b5\u03af\u03bd\u03b1\u03b9 \u03c3\u03c5\u03bc\u03b2\u03b1\u03c4\u03cc\u03c2 \u03bc\u03b5 \u03c4\u03b9\u03c2 \u03b1\u03bd\u03c4\u03b9\u03c3\u03c4\u03ac\u03c3\u03b5\u03b9\u03c2 \u03c4\u03bf\u03c5 Nautilus X, Aspire U-tech \u03c3\u03c4\u03b1\u00a0<strong>1,5ohm<\/strong>\u00a0\u03ba\u03b1\u03b9 \u03c3\u03c4\u03b1\u00a0<strong>1,8ohm<\/strong>\u00a0\u03ba\u03b1\u03b9 \u03bc\u03c0\u03bf\u03c1\u03b5\u03af \u03bd\u03b1 \u03b4\u03b5\u03c7\u03c4\u03b5\u03af \u03ba\u03b1\u03b9 \u03c4\u03b7\u03bd \u03bd\u03ad\u03b1 \u03b1\u03bd\u03c4\u03af\u03c3\u03c4\u03b1\u03c3\u03b7 \u03c4\u03cd\u03c0\u03bf\u03c5\u00a0<strong>mesh,<\/strong>\u00a0\u03b7 \u03bf\u03c0\u03bf\u03af\u03b1 \u03b5\u03af\u03bd\u03b1\u03b9 \u03ba\u03b1\u03c4\u03b1\u03c3\u03ba\u03b5\u03c5\u03b1\u03c3\u03bc\u03ad\u03bd\u03b7 \u03c3\u03c4\u03b1\u00a0<strong>0,7ohm.<\/strong>\u00a0\u0397 \u03c4\u03bf\u03c0\u03bf\u03b8\u03ad\u03c4\u03b7\u03c3\u03b7 \u03c4\u03bf\u03c5\u00a0<strong>airflow<\/strong>\u00a0\u03c3\u03c4\u03bf \u03c0\u03ac\u03bd\u03c9 \u03bc\u03ad\u03c1\u03bf\u03c2 \u03c4\u03bf\u03c5 \u03bc\u03bf\u03bd\u03c4\u03ad\u03bb\u03bf\u03c5 \u03b5\u03be\u03b1\u03c3\u03c6\u03b1\u03bb\u03af\u03b6\u03b5\u03b9 \u03c4\u03b7\u03bd \u03c0\u03bb\u03ae\u03c1\u03b7 \u03b1\u03c0\u03bf\u03c5\u03c3\u03af\u03b1 \u03b4\u03b9\u03b1\u03c1\u03c1\u03bf\u03ce\u03bd \u03c4\u03bf\u03c5 \u03c5\u03b3\u03c1\u03bf\u03cd \u03b1\u03bd\u03b1\u03c0\u03bb\u03ae\u03c1\u03c9\u03c3\u03b7\u03c2, \u03b5\u03c0\u03b9\u03c4\u03c1\u03ad\u03c0\u03bf\u03bd\u03c4\u03b1\u03c2 \u03c3\u03c4\u03bf\u03bd \u03c7\u03c1\u03ae\u03c3\u03c4\u03b7 \u03bd\u03b1 \u03c1\u03c5\u03b8\u03bc\u03af\u03c3\u03b5\u03b9 \u03bc\u03b5 \u03bc\u03b5\u03b3\u03ac\u03bb\u03b7 \u03b1\u03ba\u03c1\u03af\u03b2\u03b5\u03b9\u03b1 \u03c4\u03b7\u03bd \u03c1\u03bf\u03ae \u03c4\u03bf\u03c5 \u03b1\u03ad\u03c1\u03b1 \u03c3\u03c4\u03bf \u03b5\u03c0\u03b9\u03b8\u03c5\u03bc\u03b7\u03c4\u03cc \u03b5\u03c0\u03af\u03c0\u03b5\u03b4\u03bf.<\/p>\n<p>\u03a4\u03b7\u03bd \u03c3\u03c5\u03bd\u03bf\u03bb\u03b9\u03ba\u03ae \u03b5\u03bc\u03c0\u03b5\u03b9\u03c1\u03af\u03b1 \u03b1\u03c4\u03bc\u03af\u03c3\u03bc\u03b1\u03c4\u03bf\u03c2 \u03b1\u03bd\u03b1\u03b2\u03b1\u03b8\u03bc\u03af\u03b6\u03b5\u03b9 \u03ba\u03b1\u03b9 \u03b7 \u03ba\u03b1\u03c4\u03b1\u03c3\u03ba\u03b5\u03c5\u03ae \u03c4\u03bf\u03c5 \u03b1\u03c4\u03bc\u03bf\u03c0\u03bf\u03b9\u03b7\u03c4\u03ae \u03ba\u03b1\u03b8\u03ce\u03c2 \u03c4\u03bf \u03c5\u03bb\u03b9\u03ba\u03cc \u03ba\u03b1\u03c4\u03b1\u03c3\u03ba\u03b5\u03c5\u03ae\u03c2 \u03ba\u03b1\u03b9 \u03bf \u03c3\u03c7\u03b5\u03b4\u03b9\u03b1\u03c3\u03bc\u03cc\u03c2 \u03c4\u03bf\u03c5\u00a0<strong>top cap,<\/strong>\u00a0\u03b1\u03c0\u03bf\u03c4\u03c1\u03ad\u03c0\u03b5\u03b9 \u03c4\u03b7\u03bd \u03b1\u03cd\u03be\u03b7\u03c3\u03b7 \u03c5\u03c8\u03b7\u03bb\u03ce\u03bd \u03b8\u03b5\u03c1\u03bc\u03bf\u03ba\u03c1\u03b1\u03c3\u03b9\u03ce\u03bd \u03ba\u03b1\u03c4\u03ac \u03c4\u03b7\u03bd \u03c7\u03c1\u03ae\u03c3\u03b7. \u03a4\u03bf \u03af\u03b4\u03b9\u03bf \u03b1\u03c0\u03bf\u03c4\u03c1\u03b5\u03c0\u03c4\u03b9\u03ba\u03ac \u03c3\u03c4\u03b7\u03bd \u03b1\u03cd\u03be\u03b7\u03c3\u03b7 \u03c4\u03b7\u03c2 \u03b8\u03b5\u03c1\u03bc\u03bf\u03ba\u03c1\u03b1\u03c3\u03af\u03b1\u03c2 \u03bb\u03b5\u03b9\u03c4\u03bf\u03c5\u03c1\u03b3\u03b5\u03af \u03ba\u03b1\u03b9 \u03c4\u03bf \u03c5\u03bb\u03b9\u03ba\u03cc \u03ba\u03b1\u03c4\u03b1\u03c3\u03ba\u03b5\u03c5\u03ae\u03c2 \u03c4\u03bf\u03c5\u00a0<strong>510 drip<\/strong>\u00a0\u03c0\u03bf\u03c5 \u03b5\u03bd\u03c3\u03c9\u03bc\u03b1\u03c4\u03ce\u03bd\u03b5\u03b9 \u03bf \u03b1\u03c4\u03bc\u03bf\u03c0\u03bf\u03b9\u03b7\u03c4\u03ae\u03c2.<\/p>\n<p><strong>\u03a4\u03b5\u03c7\u03bd\u03b9\u03ba\u03ac \u03c7\u03b1\u03c1\u03b1\u03ba\u03c4\u03b7\u03c1\u03b9\u03c3\u03c4\u03b9\u03ba\u03ac Aspire Nautilus XS :<\/strong><\/p>\n<p>\u00c7ap: 22mm<\/p>\n<p>\u039c\u03ae\u03ba\u03bf\u03c2: 48mm<\/p>\n<p>Kapasite: 2ml<\/p>\n<p>\u00dcst Hava Ak\u0131\u015f\u0131 Kontrol\u00fc<\/p>\n<p>Kolay temizlik i\u00e7in \u00e7\u0131kar\u0131labilir par\u00e7alar<\/p>\n<p>Tube \u03b1\u03c0\u03bf\u03b8\u03ae\u03ba\u03b5\u03c5\u03c3\u03b7\u03c2 \u03c5\u03b3\u03c1\u03bf\u03cd: Pyrex \u03b3\u03c5\u03b1\u03bb\u03af \u03b3\u03b9\u03b1 \u03b5\u03be\u03b1\u03b9\u03c1\u03b5\u03c4\u03b9\u03ba\u03ae \u03b1\u03c0\u03cc\u03b4\u03bf\u03c3\u03b7 \u03b3\u03b5\u03cd\u03c3\u03b7\u03c2<\/p>\n<p>Dolum: \u00dcst Dolum<\/p>\n<p>Konu: 510<\/p>","protected":false},"excerpt":{"rendered":"<ul>\n<li>\u00c7ap: 22mm<\/li>\n<li>Y\u00fckseklik: 48mm<\/li>\n<li>\u00dcst Hava Ak\u0131\u015f\u0131 Kontrol\u00fc<\/li>\n<li>Kolay temizlik i\u00e7in \u00e7\u0131kar\u0131labilir par\u00e7alar<\/li>\n<li>Dolum: \u00dcst Dolum<\/li>\n<li>Konu: 510<\/li>\n<\/ul>","protected":false},"featured_media":10929,"template":"","meta":{"_acf_changed":false,"_kadence_starter_templates_imported_post":false,"_kad_post_transparent":"","_kad_post_title":"","_kad_post_layout":"","_kad_post_sidebar_id":"","_kad_post_content_style":"","_kad_post_vertical_padding":"","_kad_post_feature":"","_kad_post_feature_position":"","_kad_post_header":false,"_kad_post_footer":false},"product_cat":[142],"product_tag":[],"class_list":{"0":"post-10928","1":"product","2":"type-product","3":"status-publish","4":"has-post-thumbnail","6":"product_cat-atmopoites","7":"product_shipping_class-mi-kapnika","9":"first","10":"instock","11":"taxable","12":"shipping-taxable","13":"purchasable","14":"product-type-variable","15":"entry","16":"content-bg","17":"loop-entry"},"acf":[],"_links":{"self":[{"href":"https:\/\/nicoteam.gr\/tr\/wp-json\/wp\/v2\/product\/10928","targetHints":{"allow":["GET"]}}],"collection":[{"href":"https:\/\/nicoteam.gr\/tr\/wp-json\/wp\/v2\/product"}],"about":[{"href":"https:\/\/nicoteam.gr\/tr\/wp-json\/wp\/v2\/types\/product"}],"wp:featuredmedia":[{"embeddable":true,"href":"https:\/\/nicoteam.gr\/tr\/wp-json\/wp\/v2\/media\/10929"}],"wp:attachment":[{"href":"https:\/\/nicoteam.gr\/tr\/wp-json\/wp\/v2\/media?parent=10928"}],"wp:term":[{"taxonomy":"product_cat","embeddable":true,"href":"https:\/\/nicoteam.gr\/tr\/wp-json\/wp\/v2\/product_cat?post=10928"},{"taxonomy":"product_tag","embeddable":true,"href":"https:\/\/nicoteam.gr\/tr\/wp-json\/wp\/v2\/product_tag?post=10928"}],"curies":[{"name":"wp","href":"https:\/\/api.w.org\/{rel}","templated":true}]}}