{"id":10923,"date":"2022-02-01T12:07:43","date_gmt":"2022-02-01T10:07:43","guid":{"rendered":"https:\/\/nicoteam.gr\/?post_type=product&#038;p=10923"},"modified":"2023-08-28T10:20:44","modified_gmt":"2023-08-28T08:20:44","slug":"smok-novo-2-replacement-pod-2ml-dc-mtl-1-4ohm","status":"publish","type":"product","link":"https:\/\/nicoteam.gr\/tr\/product\/smok-novo-2-replacement-pod-2ml-dc-mtl-1-4ohm\/","title":{"rendered":"SMOK Novo 2 Pod 2ml DC 1.4 MTL"},"content":{"rendered":"<p>\u03a4\u03bf\u00a0\u00a0<strong>SMOK Novo 2 Kaps\u00fcl\u00fc<\/strong>\u00a0Novo 2 kiti i\u00e7in tasarlanm\u0131\u015ft\u0131r. 2 ml kapasiteli ve yan dolum tasar\u0131m\u0131yla birlikte gelir. \u0130htiya\u00e7lar\u0131n\u0131z\u0131 kar\u015f\u0131lamak i\u00e7in Mesh 1.0ohm versiyonunu ve DC MTL 1.4ohm versiyonunu sa\u011flar. Ancak DC MTL 1.4ohm versiyonu harika lezzetler yaratma konusunda daha iyidir. Bu arada Novo 2 Pod ve Novo Pod, hem Novo Kit hem de Novo 2 Kit ile uyumludur.<\/p>\n<p>&nbsp;<\/p>\n<p>Dikkat! Fiyat 1 adet i\u00e7indir.<\/p>","protected":false},"excerpt":{"rendered":"<p>SMOK Novo 2 Pod, Novo 2 kiti i\u00e7in tasarlanm\u0131\u015ft\u0131r ve 2ml kapasiteye sahiptir. Her pakette 3 adet. Sadece yedek olarak al.<\/p>","protected":false},"featured_media":10924,"template":"","meta":{"_acf_changed":false,"_kadence_starter_templates_imported_post":false,"_kad_post_transparent":"","_kad_post_title":"","_kad_post_layout":"","_kad_post_sidebar_id":"","_kad_post_content_style":"","_kad_post_vertical_padding":"","_kad_post_feature":"","_kad_post_feature_position":"","_kad_post_header":false,"_kad_post_footer":false},"product_cat":[146],"product_tag":[],"class_list":{"0":"post-10923","1":"product","2":"type-product","3":"status-publish","4":"has-post-thumbnail","6":"product_cat-pods","7":"product_shipping_class-mi-kapnika","9":"first","10":"instock","11":"taxable","12":"shipping-taxable","13":"purchasable","14":"product-type-simple","15":"entry","16":"content-bg","17":"loop-entry"},"acf":[],"_links":{"self":[{"href":"https:\/\/nicoteam.gr\/tr\/wp-json\/wp\/v2\/product\/10923","targetHints":{"allow":["GET"]}}],"collection":[{"href":"https:\/\/nicoteam.gr\/tr\/wp-json\/wp\/v2\/product"}],"about":[{"href":"https:\/\/nicoteam.gr\/tr\/wp-json\/wp\/v2\/types\/product"}],"wp:featuredmedia":[{"embeddable":true,"href":"https:\/\/nicoteam.gr\/tr\/wp-json\/wp\/v2\/media\/10924"}],"wp:attachment":[{"href":"https:\/\/nicoteam.gr\/tr\/wp-json\/wp\/v2\/media?parent=10923"}],"wp:term":[{"taxonomy":"product_cat","embeddable":true,"href":"https:\/\/nicoteam.gr\/tr\/wp-json\/wp\/v2\/product_cat?post=10923"},{"taxonomy":"product_tag","embeddable":true,"href":"https:\/\/nicoteam.gr\/tr\/wp-json\/wp\/v2\/product_tag?post=10923"}],"curies":[{"name":"wp","href":"https:\/\/api.w.org\/{rel}","templated":true}]}}