{"id":10909,"date":"2022-02-01T11:51:47","date_gmt":"2022-02-01T09:51:47","guid":{"rendered":"https:\/\/nicoteam.gr\/?post_type=product&#038;p=10909"},"modified":"2024-12-18T18:17:34","modified_gmt":"2024-12-18T16:17:34","slug":"vandy-vape-pyro-v3-rdta-24mm-2ml","status":"publish","type":"product","link":"https:\/\/nicoteam.gr\/tr\/product\/vandy-vape-pyro-v3-rdta-24mm-2ml\/","title":{"rendered":"Vandy Vape Pyro RDTA 24mm 2ml"},"content":{"rendered":"<p>24 mm \u00e7ap\u0131nda ve 2 ml likit kapasitesine sahiptir. Hava ak\u0131\u015f\u0131, RDA benzeri lezzet ve inan\u0131lmaz buhar \u00fcretimi sa\u011flayacak \u015fekilde tasarlanm\u0131\u015ft\u0131r.<\/p>\n<p>Sahip oldu\u011fu postless yap\u0131 g\u00fcvertesi, her kullan\u0131c\u0131n\u0131n ihtiya\u00e7lar\u0131n\u0131 kar\u015f\u0131lamak i\u00e7in bir veya iki antenle kurulabilir.<\/p>\n<h3 class=\"shop-features\">\u00d6zellikler:<\/h3>\n<div class=\"shop-features\">\n<p class=\"shop-features-title\">Y\u00fckseklik: 37 mm<\/p>\n<p class=\"shop-features-title\">\u00c7ap: 24mm<\/p>\n<p>Kapasite: 2ml<\/p>\n<\/div>","protected":false},"excerpt":{"rendered":"<p>Pyro V3 RDTA, Vandy Vape&#039;in son derece ba\u015far\u0131l\u0131 Pyro buharla\u015ft\u0131r\u0131c\u0131 serisinin bir sonraki \u00fcyesidir.<\/p>","protected":false},"featured_media":10912,"template":"","meta":{"_acf_changed":false,"_kadence_starter_templates_imported_post":false,"_kad_post_transparent":"","_kad_post_title":"","_kad_post_layout":"","_kad_post_sidebar_id":"","_kad_post_content_style":"","_kad_post_vertical_padding":"","_kad_post_feature":"","_kad_post_feature_position":"","_kad_post_header":false,"_kad_post_footer":false},"product_cat":[142],"product_tag":[],"class_list":{"0":"post-10909","1":"product","2":"type-product","3":"status-publish","4":"has-post-thumbnail","6":"product_cat-atmopoites","7":"product_shipping_class-mi-kapnika","9":"first","10":"outofstock","11":"taxable","12":"shipping-taxable","13":"product-type-variable","14":"entry","15":"content-bg","16":"loop-entry"},"acf":[],"_links":{"self":[{"href":"https:\/\/nicoteam.gr\/tr\/wp-json\/wp\/v2\/product\/10909","targetHints":{"allow":["GET"]}}],"collection":[{"href":"https:\/\/nicoteam.gr\/tr\/wp-json\/wp\/v2\/product"}],"about":[{"href":"https:\/\/nicoteam.gr\/tr\/wp-json\/wp\/v2\/types\/product"}],"wp:featuredmedia":[{"embeddable":true,"href":"https:\/\/nicoteam.gr\/tr\/wp-json\/wp\/v2\/media\/10912"}],"wp:attachment":[{"href":"https:\/\/nicoteam.gr\/tr\/wp-json\/wp\/v2\/media?parent=10909"}],"wp:term":[{"taxonomy":"product_cat","embeddable":true,"href":"https:\/\/nicoteam.gr\/tr\/wp-json\/wp\/v2\/product_cat?post=10909"},{"taxonomy":"product_tag","embeddable":true,"href":"https:\/\/nicoteam.gr\/tr\/wp-json\/wp\/v2\/product_tag?post=10909"}],"curies":[{"name":"wp","href":"https:\/\/api.w.org\/{rel}","templated":true}]}}