{"id":10897,"date":"2022-02-01T10:32:47","date_gmt":"2022-02-01T08:32:47","guid":{"rendered":"https:\/\/nicoteam.gr\/?post_type=product&#038;p=10897"},"modified":"2025-02-11T14:37:05","modified_gmt":"2025-02-11T12:37:05","slug":"wotofo-serpent-smm-rta","status":"publish","type":"product","link":"https:\/\/nicoteam.gr\/tr\/product\/wotofo-serpent-smm-rta\/","title":{"rendered":"WOTOFO YILAN SMM RTA"},"content":{"rendered":"<p>\u0397 Wotofo \u03b4\u03b5\u03bd \u03c0\u03b1\u03c1\u03b1\u03bb\u03b5\u03af\u03c0\u03b5\u03b9 \u03c0\u03bf\u03c4\u03ad \u03bd\u03b1 \u03b9\u03ba\u03b1\u03bd\u03bf\u03c0\u03bf\u03b9\u03ae\u03c3\u03b5\u03b9 \u03c4\u03bf\u03c5\u03c2 \u03c0\u03b5\u03bb\u03ac\u03c4\u03b5\u03c2 \u03c4\u03b7\u03c2 \u03bc\u03b5 \u03c4\u03b1 \u03c0\u03c1\u03bf\u03ca\u03cc\u03bd\u03c4\u03b1 \u03c4\u03b7\u03c2.\u00a0\u0397 \u03c3\u03c5\u03bd\u03b5\u03c1\u03b3\u03b1\u03c3\u03af\u03b1 \u03bc\u03b5 \u03c4\u03bf Suck My Mod (SMM) \u03ad\u03c7\u03b5\u03b9 \u03c9\u03c2 \u03b1\u03c0\u03bf\u03c4\u03ad\u03bb\u03b5\u03c3\u03bc\u03b1 \u03c4\u03bf\u00a0<strong>Wotofo serpent SMM<\/strong>\u00a0.\u00a0<strong>\u03a4\u03bf Serpent SMM RTA<\/strong>\u00a0\u03b5\u03af\u03bd\u03b1\u03b9 \u03ad\u03bd\u03b1 \u03bc\u03cc\u03bd\u03bf \u03c0\u03b7\u03bd\u03af\u03bf RTA \u03bc\u03b5 \u03bc\u03bf\u03bd\u03b1\u03b4\u03b9\u03ba\u03cc \u03c3\u03c7\u03b5\u03b4\u03b9\u03b1\u03c3\u03bc\u03cc \u03ba\u03b1\u03c4\u03b1\u03c3\u03ba\u03b5\u03c5\u03ae\u03c2.\u00a0\u0397 \u03b1\u03bd\u03ce\u03c4\u03b5\u03c1\u03b7 \u03ba\u03b1\u03c4\u03b1\u03c3\u03ba\u03b5\u03c5\u03ae \u03b1\u03c0\u03cc \u03b1\u03bd\u03bf\u03be\u03b5\u03af\u03b4\u03c9\u03c4\u03bf \u03c7\u03ac\u03bb\u03c5\u03b2\u03b1 304 \u03c4\u03bf\u03c5 \u03b4\u03af\u03bd\u03b5\u03b9 \u03c4\u03b7\u03bd \u03b1\u03c0\u03b1\u03c1\u03b1\u03af\u03c4\u03b7\u03c4\u03b7 \u03b4\u03cd\u03bd\u03b1\u03bc\u03b7.\u00a0<strong>\u03a4\u03bf Serpent SMM RTA<\/strong>\u00a0\u03b4\u03b9\u03b1\u03c4\u03af\u03b8\u03b5\u03c4\u03b1\u03b9 \u03c3\u03b5 \u03c0\u03bf\u03bb\u03bb\u03ad\u03c2 \u03b5\u03c0\u03b9\u03bb\u03bf\u03b3\u03ad\u03c2 \u03c7\u03c1\u03c9\u03bc\u03ac\u03c4\u03c9\u03bd \u03cc\u03c0\u03c9\u03c2 Steel, Black \u03ba\u03b1\u03b9 Rainbow.<\/p>\n<p><strong>\u03a4\u03bf Wotofo Serpent SMM<\/strong>\u00a0\u03b4\u03b9\u03b1\u03b8\u03ad\u03c4\u03b5\u03b9 \u03c4\u03b9\u03c2 \u03b4\u03b7\u03bc\u03b9\u03bf\u03c5\u03c1\u03b3\u03b9\u03ba\u03ad\u03c2 \u03b4\u03b9\u03b1\u03bc\u03bf\u03c1\u03c6\u03ce\u03c3\u03b5\u03b9\u03c2 \u03c4\u03bf\u03c5 Suck My Mod, \u03c5\u03bb\u03bf\u03c0\u03bf\u03b9\u03ce\u03bd\u03c4\u03b1\u03c2 \u03bc\u03b9\u03b1 \u03bc\u03bf\u03bd\u03b1\u03b4\u03b9\u03ba\u03ae \u03c5\u03c0\u03bf\u03b4\u03bf\u03c7\u03ae \u03b4\u03cd\u03bf \u03b8\u03ad\u03c3\u03b5\u03c9\u03bd, \u03b4\u03cd\u03bf \u03c4\u03b5\u03c1\u03bc\u03b1\u03c4\u03b9\u03ba\u03ce\u03bd \u03b1\u03bd\u03ac \u03b8\u03ad\u03c3\u03b7 \u03c0\u03bf\u03c5 \u03b5\u03be\u03c5\u03c0\u03b7\u03c1\u03b5\u03c4\u03b5\u03af \u03c4\u03b7\u03bd \u03ba\u03b1\u03c4\u03b1\u03c3\u03ba\u03b5\u03c5\u03ae \u03b5\u03bd\u03cc\u03c2 \u03c0\u03b7\u03bd\u03af\u03bf\u03c5.\u00a0\u0394\u03b9\u03b1\u03b8\u03ad\u03c4\u03b5\u03b9 \u03b5\u03c0\u03b9\u03c7\u03c1\u03c5\u03c3\u03c9\u03bc\u03ad\u03bd\u03b7 \u03c3\u03cd\u03bd\u03b4\u03b5\u03c3\u03b7 510.\u00a0\u039f\u03b9 \u03b1\u03c4\u03bc\u03b9\u03c3\u03c4\u03ad\u03c2 \u03bc\u03c0\u03bf\u03c1\u03bf\u03cd\u03bd \u03bd\u03b1 \u03b4\u03b9\u03bf\u03c1\u03b8\u03ce\u03c3\u03bf\u03c5\u03bd \u03c4\u03b1\u00a0<strong>\u03c0\u03b7\u03bd\u03af\u03b1 smm rta<\/strong>\u00a0\u03c3\u03b5 \u03bf\u03c0\u03bf\u03b9\u03bf\u03b4\u03ae\u03c0\u03bf\u03c4\u03b5 mod \u03c0\u03bf\u03c5 \u03c5\u03c0\u03bf\u03c3\u03c4\u03b7\u03c1\u03af\u03b6\u03b5\u03b9 510pin.\u00a0\u039f\u03b9 \u03b1\u03ba\u03c1\u03bf\u03b4\u03ad\u03ba\u03c4\u03b5\u03c2 \u03bc\u03b5 \u03c4\u03ad\u03c3\u03c3\u03b5\u03c1\u03b9\u03c2 \u03c3\u03c7\u03b9\u03c3\u03bc\u03ad\u03c2 2 mm \u03b5\u03c0\u03af 1 mm \u03b5\u03c0\u03b9\u03c4\u03c1\u03ad\u03c0\u03bf\u03c5\u03bd \u03c4\u03b7 \u03b4\u03bf\u03bc\u03ae \u03c4\u03bf\u03c5 \u03c0\u03b7\u03bd\u03af\u03bf\u03c5 \u03c4\u03cc\u03c3\u03bf \u03c0\u03c1\u03bf\u03c2 \u03c4\u03b1 \u03b5\u03bc\u03c0\u03c1\u03cc\u03c2 \u03cc\u03c3\u03bf \u03ba\u03b1\u03b9 \u03c0\u03c1\u03bf\u03c2 \u03c4\u03b1 \u03c0\u03af\u03c3\u03c9.\u00a0\u039f\u03b9 \u03b2\u03af\u03b4\u03b5\u03c2 Phillips \u03c3\u03c5\u03b3\u03ba\u03c1\u03b1\u03c4\u03bf\u03cd\u03bd \u03c3\u03c9\u03c3\u03c4\u03ac \u03c4\u03bf \u03c0\u03b7\u03bd\u03af\u03bf \u03c3\u03c4\u03b7\u03bd \u03ba\u03b1\u03b8\u03bf\u03c1\u03b9\u03c3\u03bc\u03ad\u03bd\u03b7 \u03b8\u03ad\u03c3\u03b7.<\/p>\n<p>\u0397 \u03b4\u03b5\u03be\u03b1\u03bc\u03b5\u03bd\u03ae \u03ad\u03c1\u03c7\u03b5\u03c4\u03b1\u03b9 \u03bc\u03b5 \u03bc\u03b9\u03b1 \u03b5\u03c5\u03c1\u03b5\u03af\u03b1 \u03bf\u03c0\u03ae 510 \u03c3\u03c4\u03c5\u03bb\u00a0<strong>\u03c6\u03b9\u03b4\u03b9\u03bf\u03cd \u03c3\u03c4\u03ac\u03b3\u03b4\u03b7\u03bd \u03bc\u03cd\u03c4\u03b7 smm<\/strong>\u00a0\u03c0\u03bf\u03c5 \u03ad\u03c7\u03b5\u03b9 \u03b4\u03cd\u03bf \u03b4\u03b1\u03ba\u03c4\u03c5\u03bb\u03af\u03bf\u03c5\u03c2 O \u03c3\u03c4\u03bf \u03ba\u03ac\u03c4\u03c9 \u03bc\u03ad\u03c1\u03bf\u03c2.\u00a0\u03a4\u03bf \u03ac\u03ba\u03c1\u03bf \u03c3\u03c4\u03ac\u03bb\u03b1\u03be\u03b7\u03c2 \u03b5\u03af\u03bd\u03b1\u03b9 12 mm \u03c3\u03c4\u03b7\u03bd \u03bf\u03c0\u03ae.\u00a0\u039f\u03b9 \u03b1\u03c4\u03bc\u03b9\u03c3\u03c4\u03ad\u03c2 \u03bc\u03c0\u03bf\u03c1\u03bf\u03cd\u03bd \u03bd\u03b1 \u03b1\u03c0\u03bf\u03bb\u03b1\u03cd\u03c3\u03bf\u03c5\u03bd \u03c4\u03b7 \u03b3\u03b5\u03cd\u03c3\u03b7 \u03c4\u03bf\u03c5 \u03c0\u03c5\u03c1\u03ae\u03bd\u03b1 \u03bc\u03b5 \u03c4\u03b7 \u03b2\u03bf\u03ae\u03b8\u03b5\u03b9\u03b1 \u03c4\u03bf\u03c5 drip tip.\u00a0\u03a4\u03bf \u03b5\u03c3\u03c9\u03c4\u03b5\u03c1\u03b9\u03ba\u03cc \u03c4\u03bf\u03c5 \u03b5\u03c0\u03ac\u03bd\u03c9 \u03ba\u03b1\u03bb\u03cd\u03bc\u03bc\u03b1\u03c4\u03bf\u03c2 \u03c0\u03b5\u03c1\u03b9\u03bb\u03b1\u03bc\u03b2\u03ac\u03bd\u03b5\u03b9 \u03ad\u03bd\u03b1\u03bd \u03b4\u03b1\u03ba\u03c4\u03cd\u03bb\u03b9\u03bf \u039f \u03c0\u03bf\u03c5 \u03b2\u03bf\u03b7\u03b8\u03ac \u03c3\u03c4\u03b7 \u03c3\u03c4\u03b5\u03b3\u03b1\u03bd\u03bf\u03c0\u03bf\u03af\u03b7\u03c3\u03b7 \u03c4\u03b7\u03c2 \u03ba\u03b1\u03bc\u03b9\u03bd\u03ac\u03b4\u03b1\u03c2.<\/p>\n<p>\u03a4\u03bf Serpent\u00a0<strong>SMM RTA<\/strong>\u00a0\u03c3\u03c5\u03bd\u03bf\u03b4\u03b5\u03cd\u03b5\u03c4\u03b1\u03b9 \u03b1\u03c0\u03cc \u03b3\u03c5\u03ac\u03bb\u03b9\u03bd\u03bf \u03c3\u03c9\u03bb\u03ae\u03bd\u03b1 Pyrex 4 ml.\u00a0\u03a4\u03bf RTA \u03b4\u03b9\u03b1\u03b8\u03ad\u03c4\u03b5\u03b9 \u03bc\u03b9\u03b1 \u03b2\u03bf\u03bb\u03b9\u03ba\u03ae \u03bc\u03ad\u03b8\u03bf\u03b4\u03bf \u03c0\u03bb\u03ae\u03c1\u03c9\u03c3\u03b7\u03c2 \u03bc\u03b5 \u03c3\u03c0\u03b5\u03af\u03c1\u03c9\u03bc\u03b1.\u00a0\u039f\u03b9 \u03b1\u03c4\u03bc\u03b9\u03c3\u03c4\u03ad\u03c2 \u03bc\u03c0\u03bf\u03c1\u03bf\u03cd\u03bd \u03bd\u03b1 \u03b3\u03b5\u03bc\u03af\u03c3\u03bf\u03c5\u03bd \u03c4\u03b7 \u03b4\u03b5\u03be\u03b1\u03bc\u03b5\u03bd\u03ae \u03bc\u03b5 \u03c4\u03bf \u03c0\u03c1\u03bf\u03c4\u03b9\u03bc\u03ce\u03bc\u03b5\u03bd\u03bf e-\u03c5\u03b3\u03c1\u03cc \u03b1\u03bd\u03bf\u03af\u03b3\u03bf\u03bd\u03c4\u03b1\u03c2 \u03c4\u03bf \u03b5\u03c0\u03ac\u03bd\u03c9 \u03ba\u03b1\u03c0\u03ac\u03ba\u03b9.\u00a0\u0388\u03c1\u03c7\u03b5\u03c4\u03b1\u03b9 \u03b5\u03c0\u03af\u03c3\u03b7\u03c2 \u03bc\u03b5 \u03b4\u03cd\u03bf \u03b5\u03c0\u03b9\u03c0\u03bb\u03ad\u03bf\u03bd \u03b3\u03c5\u03ac\u03bb\u03b9\u03bd\u03bf\u03c5\u03c2 \u03c3\u03c9\u03bb\u03ae\u03bd\u03b5\u03c2.<\/p>\n<p>\u0394\u03b9\u03b1\u03b8\u03ad\u03c4\u03b5\u03b9 \u03b4\u03b9\u03c0\u03bb\u03ae \u03c5\u03c0\u03bf\u03b4\u03bf\u03c7\u03ae \u03c1\u03bf\u03ae\u03c2 \u03b1\u03ad\u03c1\u03b1 \u03c0\u03bf\u03c5 \u03b5\u03c0\u03b9\u03c4\u03c1\u03ad\u03c0\u03b5\u03b9 \u03c3\u03b5 \u03b1\u03c1\u03ba\u03b5\u03c4\u03cc \u03b1\u03ad\u03c1\u03b1 \u03bd\u03b1 \u03b5\u03b9\u03c3\u03ad\u03bb\u03b8\u03b5\u03b9 \u03c3\u03c4\u03bf RTA.\u00a0\u039f\u03b9 \u03c3\u03c7\u03b9\u03c3\u03bc\u03ad\u03c2 \u03b1\u03ad\u03c1\u03b1 \u03c3\u03b5 \u03c3\u03c7\u03ae\u03bc\u03b1 \u03ba\u03cd\u03ba\u03bb\u03c9\u03c0\u03b1 \u03c0\u03b1\u03c1\u03ad\u03c7\u03bf\u03c5\u03bd \u03c0\u03c1\u03b1\u03b3\u03bc\u03b1\u03c4\u03b9\u03ba\u03ac \u03bf\u03bc\u03b1\u03bb\u03ae \u03c1\u03bf\u03ae \u03b1\u03ad\u03c1\u03b1.\u00a0\u0391\u03c5\u03c4\u03cc \u03c4\u03bf \u03c3\u03c5\u03bc\u03c0\u03b1\u03b3\u03ad\u03c2 RTA \u03b5\u03af\u03bd\u03b1\u03b9 \u03bc\u03b9\u03b1 \u03ba\u03b1\u03c4\u03b1\u03c0\u03bb\u03b7\u03ba\u03c4\u03b9\u03ba\u03ae \u03c3\u03c5\u03c3\u03ba\u03b5\u03c5\u03ae \u03b3\u03b9\u03b1 \u03b1\u03c4\u03bc\u03b9\u03c3\u03c4\u03ad\u03c2 \u03c0\u03bf\u03c5 \u03b1\u03bd\u03b1\u03b6\u03b7\u03c4\u03bf\u03cd\u03bd \u03c5\u03c0\u03ad\u03c1\u03bf\u03c7\u03b7 \u03b3\u03b5\u03cd\u03c3\u03b7 \u03b1\u03c0\u03cc \u03c4\u03bf\u03bd \u03b1\u03c4\u03bc\u03cc \u03c4\u03bf\u03c5\u03c2.<\/p>","protected":false},"excerpt":{"rendered":"<p>Wotofo bunu sunmak i\u00e7in Suck My Mod (SMM) ile i\u015fbirli\u011fi yapt\u0131\u00a0<strong>Y\u0131lan SMM 24mm RTA<\/strong>\u00a0. Bu RTA&#039;n\u0131n performans\u0131n\u0131 art\u0131ran titiz bir m\u00fchendisli\u011fin sonucudur.\u00a0<strong>Y\u0131lan SMM<\/strong>\u00a024 mm \u00e7ap\u0131nda tek bobinli bir RTA&#039;d\u0131r. 4ml e-meyve suyu kapasitesine sahip, yeniden yap\u0131land\u0131r\u0131labilir bir tank buharla\u015ft\u0131r\u0131c\u0131d\u0131r. Hava ak\u0131\u015f\u0131n\u0131n a\u015fa\u011f\u0131 ayarlanmas\u0131 lezzetin artmas\u0131na yard\u0131mc\u0131 olur.<\/p>","protected":false},"featured_media":10898,"template":"","meta":{"_acf_changed":false,"_kadence_starter_templates_imported_post":false,"_kad_post_transparent":"","_kad_post_title":"","_kad_post_layout":"","_kad_post_sidebar_id":"","_kad_post_content_style":"","_kad_post_vertical_padding":"","_kad_post_feature":"","_kad_post_feature_position":"","_kad_post_header":false,"_kad_post_footer":false},"product_cat":[142],"product_tag":[],"class_list":{"0":"post-10897","1":"product","2":"type-product","3":"status-publish","4":"has-post-thumbnail","6":"product_cat-atmopoites","7":"product_shipping_class-mi-kapnika","9":"first","10":"instock","11":"taxable","12":"shipping-taxable","13":"purchasable","14":"product-type-simple","15":"entry","16":"content-bg","17":"loop-entry"},"acf":[],"_links":{"self":[{"href":"https:\/\/nicoteam.gr\/tr\/wp-json\/wp\/v2\/product\/10897","targetHints":{"allow":["GET"]}}],"collection":[{"href":"https:\/\/nicoteam.gr\/tr\/wp-json\/wp\/v2\/product"}],"about":[{"href":"https:\/\/nicoteam.gr\/tr\/wp-json\/wp\/v2\/types\/product"}],"wp:featuredmedia":[{"embeddable":true,"href":"https:\/\/nicoteam.gr\/tr\/wp-json\/wp\/v2\/media\/10898"}],"wp:attachment":[{"href":"https:\/\/nicoteam.gr\/tr\/wp-json\/wp\/v2\/media?parent=10897"}],"wp:term":[{"taxonomy":"product_cat","embeddable":true,"href":"https:\/\/nicoteam.gr\/tr\/wp-json\/wp\/v2\/product_cat?post=10897"},{"taxonomy":"product_tag","embeddable":true,"href":"https:\/\/nicoteam.gr\/tr\/wp-json\/wp\/v2\/product_tag?post=10897"}],"curies":[{"name":"wp","href":"https:\/\/api.w.org\/{rel}","templated":true}]}}