{"id":10877,"date":"2022-02-01T09:48:26","date_gmt":"2022-02-01T07:48:26","guid":{"rendered":"https:\/\/nicoteam.gr\/?post_type=product&#038;p=10877"},"modified":"2023-08-28T10:20:44","modified_gmt":"2023-08-28T08:20:44","slug":"joyetech-unimax-22-2ml-black","status":"publish","type":"product","link":"https:\/\/nicoteam.gr\/tr\/product\/joyetech-unimax-22-2ml-black\/","title":{"rendered":"Joyetech Unimax 22 2ml Siyah"},"content":{"rendered":"<p><strong>Parametreler:<\/strong><br \/>\n\u039c\u03ad\u03b3\u03b5\u03b8\u03bf\u03c2: 22.0mm * 55.0mm<br \/>\nKapasite: 2ml<br \/>\n\u0392\u03ac\u03c1\u03bf\u03c2: 52.0g (\u03bc\u03b1\u03b6\u03af \u03bc\u03b5 \u03c4\u03b7\u03bd \u03ba\u03b5\u03c6\u03b1\u03bb\u03ae)<br \/>\n\u0395\u03c6\u03b1\u03c1\u03bc\u03cc\u03c3\u03b9\u03bc\u03b5\u03c2 \u03ba\u03b5\u03c6\u03b1\u03bb\u03ad\u03c2: \u039a\u03b5\u03c6\u03b1\u03bb\u03ad\u03c2 \u03c3\u03b5\u03b9\u03c1\u03ac\u03c2 BFL \u03ba\u03b1\u03b9 BFLX<br \/>\n\u039a\u03b5\u03c6\u03b1\u03bb\u03ad\u03c2 \u03c3\u03b5\u03b9\u03c1\u03ac\u03c2 BF (\u03b5\u03be\u03b1\u03b9\u03c1\u03bf\u03cd\u03bd\u03c4\u03b1\u03b9 BF RBA) \u03bc\u03b5 adaptor BF<br \/>\n\u0395\u03c0\u03b9\u03c3\u03c4\u03cc\u03bc\u03b9\u03bf: UNIMAX \/ 510<\/p>","protected":false},"excerpt":{"rendered":"<p>S\u0131zd\u0131rmaz s\u0131v\u0131 depolama tank\u0131n\u0131n benzersiz ve m\u00fckemmel tasar\u0131m\u0131na sahip olan UNIMAX 22 atomizer, sizi tam anlam\u0131yla tatmin edecektir. \u00dcst kapa\u011f\u0131n d\u00f6nd\u00fcr\u00fclmesi veya \u00e7\u0131kar\u0131lmas\u0131yla hava ak\u0131\u015f\u0131 kontrol\u00fcn\u00fcn ve s\u0131v\u0131 doldurman\u0131n kolayca sa\u011flanabildi\u011fi TFTA (\u00fcstten doldurma ve \u00fcstten hava ak\u0131\u015f\u0131) sistemini uygular. Yeni BFL serisi ba\u015fl\u0131klar, hem a\u011f\u0131zdan akci\u011fere hem de do\u011frudan akci\u011fere gaz verenleri tatmin edecek otantik, zengin bir tat sunuyor. Paslanmaz \u00e7elik ve par\u00e7al\u0131 yap\u0131s\u0131 UNIMAX 22 atomizerini etkileyici bir ba\u015fyap\u0131t haline getiriyor!<\/p>","protected":false},"featured_media":10878,"template":"","meta":{"_acf_changed":false,"_kadence_starter_templates_imported_post":false,"_kad_post_transparent":"","_kad_post_title":"","_kad_post_layout":"","_kad_post_sidebar_id":"","_kad_post_content_style":"","_kad_post_vertical_padding":"","_kad_post_feature":"","_kad_post_feature_position":"","_kad_post_header":false,"_kad_post_footer":false},"product_cat":[142],"product_tag":[],"class_list":{"0":"post-10877","1":"product","2":"type-product","3":"status-publish","4":"has-post-thumbnail","6":"product_cat-atmopoites","7":"product_shipping_class-mi-kapnika","9":"first","10":"instock","11":"taxable","12":"shipping-taxable","13":"purchasable","14":"product-type-simple","15":"entry","16":"content-bg","17":"loop-entry"},"acf":[],"_links":{"self":[{"href":"https:\/\/nicoteam.gr\/tr\/wp-json\/wp\/v2\/product\/10877","targetHints":{"allow":["GET"]}}],"collection":[{"href":"https:\/\/nicoteam.gr\/tr\/wp-json\/wp\/v2\/product"}],"about":[{"href":"https:\/\/nicoteam.gr\/tr\/wp-json\/wp\/v2\/types\/product"}],"wp:featuredmedia":[{"embeddable":true,"href":"https:\/\/nicoteam.gr\/tr\/wp-json\/wp\/v2\/media\/10878"}],"wp:attachment":[{"href":"https:\/\/nicoteam.gr\/tr\/wp-json\/wp\/v2\/media?parent=10877"}],"wp:term":[{"taxonomy":"product_cat","embeddable":true,"href":"https:\/\/nicoteam.gr\/tr\/wp-json\/wp\/v2\/product_cat?post=10877"},{"taxonomy":"product_tag","embeddable":true,"href":"https:\/\/nicoteam.gr\/tr\/wp-json\/wp\/v2\/product_tag?post=10877"}],"curies":[{"name":"wp","href":"https:\/\/api.w.org\/{rel}","templated":true}]}}