{"id":10854,"date":"2022-01-31T15:58:49","date_gmt":"2022-01-31T13:58:49","guid":{"rendered":"https:\/\/nicoteam.gr\/?post_type=product&#038;p=10854"},"modified":"2023-08-28T10:20:45","modified_gmt":"2023-08-28T08:20:45","slug":"innokin-zlide-tank-4ml-24mm","status":"publish","type":"product","link":"https:\/\/nicoteam.gr\/tr\/product\/innokin-zlide-tank-4ml-24mm\/","title":{"rendered":"Innokin Zlide Tank\u0131 4ml 24mm"},"content":{"rendered":"<p>\u039f \u03b1\u03c4\u03bc\u03bf\u03c0\u03bf\u03b9\u03b7\u03c4\u03ae\u03c2 \u0396lide 24mm \u03c4\u03b7\u03c2 Innokin \u03b5\u03af\u03bd\u03b1\u03b9 \u03bc\u03b9\u03b1 \u03b2\u03b5\u03bb\u03c4\u03b9\u03c9\u03bc\u03ad\u03bd\u03b7 \u03ad\u03ba\u03b4\u03bf\u03c3\u03b7 \u03c4\u03bf\u03c5 \u03c0\u03b1\u03c3\u03af\u03b3\u03bd\u03c9\u03c3\u03c4\u03bf\u03c5 \u03c4\u03c3\u03b9\u03b3\u03b1\u03c1\u03af\u03c3\u03b9\u03bf\u03c5 \u03b1\u03c4\u03bc\u03bf\u03c0\u03bf\u03b9\u03b7\u03c4\u03ae Zenith. \u0397 \u03c3\u03c5\u03bd\u03b5\u03c1\u03b3\u03b1\u03c3\u03af\u03b1 P. Busardo, \u0391\u03b3\u03c1\u03b1\u03c6\u03b9\u03ce\u03c4\u03b7 \u03ba\u03b1\u03b9 Innokin \u03b1\u03c0\u03bf\u03b4\u03b5\u03af\u03c7\u03b8\u03b7\u03ba\u03b5 \u03b1\u03c0\u03bf\u03bb\u03c5\u03c4\u03ac \u03b5\u03c0\u03b9\u03c4\u03c5\u03c7\u03ae\u03c2 \u03bc\u03b5 \u03c4\u03bf\u03bd \u03b1\u03c4\u03bc\u03bf\u03c0\u03bf\u03b9\u03b7\u03c4\u03ae Zenith. \u0398\u03ad\u03bb\u03bf\u03bd\u03c4\u03b1\u03c2 \u03bd\u03b1 \u03b4\u03ce\u03c3\u03b5\u03b9 \u03c3\u03c5\u03bd\u03ad\u03c7\u03b5\u03b9\u03b1 \u03c3\u03b5 \u03b1\u03c5\u03c4\u03ae\u03bd \u03c4\u03b7\u03bd \u03b5\u03c0\u03b9\u03c4\u03c5\u03c7\u03af\u03b1, \u03b7 Innokin \u03bc\u03b1\u03c2 \u03c0\u03b1\u03c1\u03bf\u03c5\u03c3\u03b9\u03ac\u03b6\u03b5\u03b9 \u03c4\u03bf\u03bd \u0396lide 24mm, \u03bc\u03b9\u03b1 \u03bd\u03b5\u03cc\u03c4\u03b5\u03c1\u03b7 \u03ba\u03b1\u03b9 \u03b2\u03b5\u03bb\u03c4\u03b9\u03c9\u03bc\u03ad\u03bd\u03b7 \u03ad\u03ba\u03b4\u03bf\u03c3\u03b7 \u03c4\u03bf\u03c5 Zenith. \u038c\u03bb\u03b7 \u03b7 \u03c3\u03b5\u03b9\u03c1\u03ac \u03b1\u03bd\u03c4\u03b9\u03c3\u03c4\u03ac\u03c3\u03b5\u03c9\u03bd Zenith \u03b5\u03af\u03bd\u03b1\u03b9 \u03c3\u03c5\u03bc\u03b2\u03b1\u03c4\u03ae \u03bc\u03b5 \u03c4\u03bf\u03bd Zlide.<br \/>\n\u039f \u03b1\u03c4\u03bc\u03bf\u03c0\u03bf\u03b9\u03b7\u03c4\u03ae\u03c2 \u03b4\u03b9\u03b1\u03b8\u03ad\u03c4\u03b5\u03b9 \u03c3\u03cd\u03c3\u03c4\u03b7\u03bc\u03b1 \u03b1\u03bd\u03b1\u03c0\u03bb\u03ae\u03c1\u03c9\u03c3\u03b7\u03c2 \u03c5\u03b3\u03c1\u03bf\u03cd Top \u2013 Fill. \u0391\u03c0\u03bb\u03ac \u03c3\u03c0\u03c1\u03ce\u03be\u03b5 \u03c4\u03bf \u03c0\u03ac\u03bd\u03c9 \u03bc\u03ad\u03c1\u03bf\u03c2 \u03c4\u03bf\u03c5 \u03b1\u03c4\u03bc\u03bf\u03c0\u03bf\u03b9\u03b7\u03c4\u03ae \u03b3\u03b9\u03b1 \u03bd\u03b1 \u03b1\u03c0\u03bf\u03ba\u03b1\u03bb\u03c5\u03c6\u03b8\u03b5\u03af \u03b7 \u03bf\u03c0\u03ae \u03b1\u03bd\u03b1\u03c0\u03bb\u03ae\u03c1\u03c9\u03c3\u03b7\u03c2. \u039c\u03b5 \u03c4\u03bf \u03c3\u03cd\u03c3\u03c4\u03b7\u03bc\u03b1 Push to Open \u03bc\u03b5\u03b9\u03ce\u03bd\u03bf\u03bd\u03c4\u03b1\u03b9 \u03bf\u03b9 \u03c0\u03b9\u03b8\u03b1\u03bd\u03cc\u03c4\u03b7\u03c4\u03b5\u03c2 \u03b4\u03b9\u03b1\u03c1\u03c1\u03bf\u03ce\u03bd \u03ba\u03b1\u03b9 \u03b7 \u03b4\u03b9\u03b1\u03b4\u03b9\u03ba\u03b1\u03c3\u03af\u03b1 \u03b1\u03bd\u03b1\u03c0\u03bb\u03ae\u03c1\u03c9\u03c3\u03b7\u03c2 \u03c5\u03b3\u03c1\u03bf\u03cd \u03b3\u03af\u03bd\u03b5\u03c4\u03b1\u03b9 \u03c0\u03b1\u03b9\u03c7\u03bd\u03b9\u03b4\u03ac\u03ba\u03b9. \u03a4\u03bf \u03ba\u03b1\u03c0\u03ac\u03ba\u03b9 \u03bc\u03c0\u03bf\u03c1\u03b5\u03af \u03bd\u03b1 \u03ba\u03bb\u03b5\u03b9\u03b4\u03ce\u03c3\u03b5\u03b9 \u03b3\u03b9\u03b1 \u03bd\u03b1 \u03b1\u03c0\u03bf\u03c4\u03c1\u03ad\u03c8\u03b5\u03b9 \u03c4\u03b7\u03bd \u03c0\u03c1\u03cc\u03c3\u03b2\u03b1\u03c3\u03b7 \u03c3\u03b5 \u03c0\u03b1\u03b9\u03b4\u03b9\u03ac. \u0388\u03bd\u03b1 \u03b1\u03ba\u03cc\u03bc\u03b1 \u03c7\u03b1\u03c1\u03b1\u03ba\u03c4\u03b7\u03c1\u03b9\u03c3\u03c4\u03b9\u03ba\u03cc \u03c4\u03bf\u03c5 \u03b1\u03c4\u03bc\u03bf\u03c0\u03bf\u03b9\u03b7\u03c4\u03ae \u03c0\u03bf\u03c5 \u03c4\u03bf \u03b4\u03b9\u03b1\u03c6\u03bf\u03c1\u03bf\u03c0\u03bf\u03b9\u03b5\u03af \u03b1\u03c0\u03cc \u03c4\u03bf\u03bd Zenith \u03b5\u03af\u03bd\u03b1\u03b9 \u03cc\u03c4\u03b9 \u03ad\u03c7\u03bf\u03c5\u03bc\u03b5 \u03c4\u03b7\u03bd \u03b4\u03c5\u03bd\u03b1\u03c4\u03cc\u03c4\u03b7\u03c4\u03b1 \u03bd\u03b1 \u03b1\u03bd\u03c4\u03b9\u03ba\u03b1\u03c4\u03b1\u03c3\u03c4\u03ae\u03c3\u03bf\u03c5\u03bc\u03b5 \u03c4\u03b7\u03bd \u03b3\u03c5\u03ac\u03bb\u03b9\u03bd\u03b7 \u03b4\u03b5\u03be\u03b1\u03bc\u03b5\u03bd\u03ae.<br \/>\n\u03a4\u03bf \u03c3\u03cd\u03c3\u03c4\u03b7\u03bc\u03b1 \u03c1\u03cd\u03b8\u03bc\u03b9\u03c3\u03b7\u03c2 \u03b1\u03ad\u03c1\u03b1 (Airflow) \u03ba\u03b1\u03bb\u03cd\u03c0\u03c4\u03b5\u03b9 \u03cc\u03bb\u03bf \u03c4\u03bf \u03c6\u03ac\u03c3\u03bc\u03b1 \u03c4\u03bf\u03c5 \u03c4\u03c3\u03b9\u03b3\u03b1\u03c1\u03af\u03c3\u03b9\u03bf\u03c5 (MTL) \u03b1\u03c4\u03bc\u03af\u03c3\u03bc\u03b1\u03c4\u03bf\u03c2. \u039f Innokin Zlide \u03c0\u03c1\u03bf\u03c3\u03c6\u03ad\u03c1\u03b5\u03b9 \u03cc\u03bb\u03b5\u03c2 \u03c4\u03b9\u03c2 \u03b5\u03c0\u03b9\u03bb\u03bf\u03b3\u03ad\u03c2 \u03c0\u03bf\u03c5 \u03b6\u03b7\u03c4\u03ac \u03ad\u03bd\u03b1\u03c2 \u03b1\u03c4\u03bc\u03b9\u03c3\u03c4\u03ae\u03c2. \u0394\u03b9\u03b1\u03b8\u03ad\u03c4\u03b5\u03b9 \u03c1\u03cd\u03b8\u03bc\u03b9\u03c3\u03b7 \u03b1\u03ad\u03c1\u03b1 \u03c0\u03bf\u03bb\u03bb\u03ce\u03bd \u03c3\u03b7\u03bc\u03b5\u03af\u03c9\u03bd \u03b3\u03b9\u03b1 \u03ac\u03c4\u03bc\u03b9\u03c3\u03bc\u03b1 \u03c0\u03bf\u03bb\u03cd \u03c3\u03c6\u03b9\u03ba\u03c4\u03cc \u03ad\u03c9\u03c2 \u03ba\u03b1\u03b9 \u03c0\u03bf\u03bb\u03cd \u03b1\u03b5\u03c1\u03ac\u03c4\u03bf, \u03b1\u03bd\u03ac\u03bb\u03bf\u03b3\u03b1 \u03bc\u03b5 \u03c4\u03b9\u03c2 \u03c0\u03c1\u03bf\u03c4\u03b9\u03bc\u03ae\u03c3\u03b5\u03b9\u03c2 \u03c4\u03bf\u03c5 \u03ba\u03ac\u03b8\u03b5 \u03c7\u03c1\u03ae\u03c3\u03c4\u03b7.<\/p>\n<p><strong>T\u03b5\u03c7\u03bd\u03b9\u03ba\u03ac \u03a7\u03b1\u03c1\u03b1\u03ba\u03c4\u03b7\u03c1\u03b9\u03c3\u03c4\u03b9\u03ba\u03ac<\/strong><br \/>\n\u00c7ap: 24mm<br \/>\nKonu: 510<br \/>\n\u03a7\u03c9\u03c1\u03b7\u03c4\u03b9\u03ba\u03cc\u03c4\u03b7\u03c4\u03b1 \u03b4\u03b5\u03be\u03b1\u03bc\u03b5\u03bd\u03ae\u03c2: 4ml<br \/>\n\u0391\u03bd\u03c4\u03b9\u03c3\u03c4\u03ac\u03c3\u03b5\u03b9\u03c2: \u03a3\u03b5\u03b9\u03c1\u03ac Zenith Coil \u03ba\u03b1\u03b9 PLEX3D Coil<\/p>","protected":false},"excerpt":{"rendered":"<p>Innokin&#039;in Zlide 24mm atomizeri, \u00fcnl\u00fc Zenith sigara atomizerinin geli\u015ftirilmi\u015f bir versiyonudur.<\/p>","protected":false},"featured_media":10855,"template":"","meta":{"_acf_changed":false,"_kadence_starter_templates_imported_post":false,"_kad_post_transparent":"","_kad_post_title":"","_kad_post_layout":"","_kad_post_sidebar_id":"","_kad_post_content_style":"","_kad_post_vertical_padding":"","_kad_post_feature":"","_kad_post_feature_position":"","_kad_post_header":false,"_kad_post_footer":false},"product_cat":[142],"product_tag":[],"class_list":{"0":"post-10854","1":"product","2":"type-product","3":"status-publish","4":"has-post-thumbnail","6":"product_cat-atmopoites","7":"product_shipping_class-mi-kapnika","9":"first","10":"instock","11":"taxable","12":"shipping-taxable","13":"purchasable","14":"product-type-variable","15":"entry","16":"content-bg","17":"loop-entry"},"acf":[],"_links":{"self":[{"href":"https:\/\/nicoteam.gr\/tr\/wp-json\/wp\/v2\/product\/10854","targetHints":{"allow":["GET"]}}],"collection":[{"href":"https:\/\/nicoteam.gr\/tr\/wp-json\/wp\/v2\/product"}],"about":[{"href":"https:\/\/nicoteam.gr\/tr\/wp-json\/wp\/v2\/types\/product"}],"wp:featuredmedia":[{"embeddable":true,"href":"https:\/\/nicoteam.gr\/tr\/wp-json\/wp\/v2\/media\/10855"}],"wp:attachment":[{"href":"https:\/\/nicoteam.gr\/tr\/wp-json\/wp\/v2\/media?parent=10854"}],"wp:term":[{"taxonomy":"product_cat","embeddable":true,"href":"https:\/\/nicoteam.gr\/tr\/wp-json\/wp\/v2\/product_cat?post=10854"},{"taxonomy":"product_tag","embeddable":true,"href":"https:\/\/nicoteam.gr\/tr\/wp-json\/wp\/v2\/product_tag?post=10854"}],"curies":[{"name":"wp","href":"https:\/\/api.w.org\/{rel}","templated":true}]}}