{"id":10835,"date":"2022-01-31T15:30:05","date_gmt":"2022-01-31T13:30:05","guid":{"rendered":"https:\/\/nicoteam.gr\/?post_type=product&#038;p=10835"},"modified":"2023-08-28T10:20:45","modified_gmt":"2023-08-28T08:20:45","slug":"geek-vape-ammit-25-rta-2ml-blue","status":"publish","type":"product","link":"https:\/\/nicoteam.gr\/tr\/product\/geek-vape-ammit-25-rta-2ml-blue\/","title":{"rendered":"Geek Vape Ammit 25 RTA 2ml Mavi"},"content":{"rendered":"<ul>\n<li>\u03a5\u03bb\u03b9\u03ba\u03cc: \u03b1\u03bd\u03bf\u03be\u03b5\u03af\u03b4\u03c9\u03c4\u03bf\u03c2 \u03c7\u03ac\u03bb\u03c5\u03b2\u03b1\u03c2<\/li>\n<li>\u03a7\u03c9\u03c1\u03b7\u03c4\u03b9\u03ba\u03cc\u03c4\u03b7\u03c4\u03b1: 2ml \/ 5ml<\/li>\n<li>Konu: 510<\/li>\n<li>\u03a7\u03c1\u03ce\u03bc\u03b1: \u03bc\u03c0\u03bb\u03b5,\u03bc\u03b1\u03cd\u03c1\u03bf,\u03c7\u03c1\u03c5\u03c3\u03cc,\u03b1\u03c3\u03b7\u03bc\u03af<\/li>\n<li>\u0394\u03b9\u03b1\u03c3\u03c4\u03ac\u03c3\u03b5\u03b9\u03c2 (\u0394 \u03a7 \u03a5): 25mm x 48mm<\/li>\n<li>\u03a4\u03c1\u03b9\u03c3\u03b4\u03b9\u03ac\u03c3\u03c4\u03b1\u03c4\u03bf \u03c3\u03cd\u03c3\u03c4\u03b7\u03bc\u03b1 \u03c1\u03bf\u03ae\u03c2 \u03b1\u03ad\u03c1\u03b1<\/li>\n<\/ul>","protected":false},"excerpt":{"rendered":"<p>THE\u00a0<b>25<\/b>\u00a0Orijinal Ammit&#039;in birka\u00e7 farkl\u0131 iyile\u015ftirmeyle daha b\u00fcy\u00fck bir versiyonudur. 70w&#039;a kadar daha y\u00fcksek g\u00fc\u00e7le uyumludur ve hem buhar \u00fcretimini hem de lezzeti art\u0131ran performans sa\u011flar. Kurulumu \u00e7ok kolayd\u0131r ve tek bir diren\u00e7 kabul eder. Ammit 25&#039;te meyve suyu ak\u0131\u015f kontrol\u00fc, \u00fcst dolum ve hava ak\u0131\u015f\u0131 kontrol\u00fc bulaca\u011f\u0131z. Her \u015fey harika \u00e7al\u0131\u015f\u0131yor ve atomiz\u00f6r\u00fc daha da iyi hale getirmeye katk\u0131da bulunuyor.A\u011f\u0131zl\u0131\u011f\u0131 yang\u0131na dayan\u0131kl\u0131 plastik malzemeden uygun bir \u015fekilde yap\u0131l\u0131rken Ammit 25, pakette bulunan \u00f6zel \u00fcst kapaklarla t\u00fcm 510 ve 810 (Goon) damlama u\u00e7lar\u0131n\u0131 kabul eder. Buharla\u015ft\u0131r\u0131c\u0131yla ilgili en ilgin\u00e7 \u015fey hava giri\u015fi ve diren\u00e7lere nas\u0131l \u00e7arpt\u0131\u011f\u0131d\u0131r.<\/p>","protected":false},"featured_media":10836,"template":"","meta":{"_acf_changed":false,"_kadence_starter_templates_imported_post":false,"_kad_post_transparent":"","_kad_post_title":"","_kad_post_layout":"","_kad_post_sidebar_id":"","_kad_post_content_style":"","_kad_post_vertical_padding":"","_kad_post_feature":"","_kad_post_feature_position":"","_kad_post_header":false,"_kad_post_footer":false},"product_cat":[142],"product_tag":[],"class_list":{"0":"post-10835","1":"product","2":"type-product","3":"status-publish","4":"has-post-thumbnail","6":"product_cat-atmopoites","7":"product_shipping_class-mi-kapnika","9":"first","10":"instock","11":"taxable","12":"shipping-taxable","13":"purchasable","14":"product-type-simple","15":"entry","16":"content-bg","17":"loop-entry"},"acf":[],"_links":{"self":[{"href":"https:\/\/nicoteam.gr\/tr\/wp-json\/wp\/v2\/product\/10835","targetHints":{"allow":["GET"]}}],"collection":[{"href":"https:\/\/nicoteam.gr\/tr\/wp-json\/wp\/v2\/product"}],"about":[{"href":"https:\/\/nicoteam.gr\/tr\/wp-json\/wp\/v2\/types\/product"}],"wp:featuredmedia":[{"embeddable":true,"href":"https:\/\/nicoteam.gr\/tr\/wp-json\/wp\/v2\/media\/10836"}],"wp:attachment":[{"href":"https:\/\/nicoteam.gr\/tr\/wp-json\/wp\/v2\/media?parent=10835"}],"wp:term":[{"taxonomy":"product_cat","embeddable":true,"href":"https:\/\/nicoteam.gr\/tr\/wp-json\/wp\/v2\/product_cat?post=10835"},{"taxonomy":"product_tag","embeddable":true,"href":"https:\/\/nicoteam.gr\/tr\/wp-json\/wp\/v2\/product_tag?post=10835"}],"curies":[{"name":"wp","href":"https:\/\/api.w.org\/{rel}","templated":true}]}}