{"id":10821,"date":"2022-01-31T15:16:39","date_gmt":"2022-01-31T13:16:39","guid":{"rendered":"https:\/\/nicoteam.gr\/?post_type=product&#038;p=10821"},"modified":"2023-08-28T10:20:45","modified_gmt":"2023-08-28T08:20:45","slug":"eleaf-gs-air-2-16-5mm-2-3ml-rose-gold","status":"publish","type":"product","link":"https:\/\/nicoteam.gr\/tr\/product\/eleaf-gs-air-2-16-5mm-2-3ml-rose-gold\/","title":{"rendered":"Eleaf Gs Hava 2 16mm 2.3ml"},"content":{"rendered":"","protected":false},"excerpt":{"rendered":"<p>THE<strong>\u00a0Eleaf GS 2 Atomizer Ba\u015flang\u0131\u00e7\u00a0<\/strong>Temel olarak basit yap\u0131ya ve silikon halkal\u0131 ve hava ak\u0131\u015f kontrol\u00fcne sahip ayarlanabilir hava giri\u015fine sahip k\u00fc\u00e7\u00fck ve renkli bir buharla\u015ft\u0131r\u0131c\u0131d\u0131r.<\/p>","protected":false},"featured_media":10825,"template":"","meta":{"_acf_changed":false,"_kadence_starter_templates_imported_post":false,"_kad_post_transparent":"","_kad_post_title":"","_kad_post_layout":"","_kad_post_sidebar_id":"","_kad_post_content_style":"","_kad_post_vertical_padding":"","_kad_post_feature":"","_kad_post_feature_position":"","_kad_post_header":false,"_kad_post_footer":false},"product_cat":[142],"product_tag":[],"class_list":{"0":"post-10821","1":"product","2":"type-product","3":"status-publish","4":"has-post-thumbnail","6":"product_cat-atmopoites","7":"product_shipping_class-mi-kapnika","9":"first","10":"instock","11":"taxable","12":"shipping-taxable","13":"purchasable","14":"product-type-variable","15":"entry","16":"content-bg","17":"loop-entry"},"acf":[],"_links":{"self":[{"href":"https:\/\/nicoteam.gr\/tr\/wp-json\/wp\/v2\/product\/10821","targetHints":{"allow":["GET"]}}],"collection":[{"href":"https:\/\/nicoteam.gr\/tr\/wp-json\/wp\/v2\/product"}],"about":[{"href":"https:\/\/nicoteam.gr\/tr\/wp-json\/wp\/v2\/types\/product"}],"wp:featuredmedia":[{"embeddable":true,"href":"https:\/\/nicoteam.gr\/tr\/wp-json\/wp\/v2\/media\/10825"}],"wp:attachment":[{"href":"https:\/\/nicoteam.gr\/tr\/wp-json\/wp\/v2\/media?parent=10821"}],"wp:term":[{"taxonomy":"product_cat","embeddable":true,"href":"https:\/\/nicoteam.gr\/tr\/wp-json\/wp\/v2\/product_cat?post=10821"},{"taxonomy":"product_tag","embeddable":true,"href":"https:\/\/nicoteam.gr\/tr\/wp-json\/wp\/v2\/product_tag?post=10821"}],"curies":[{"name":"wp","href":"https:\/\/api.w.org\/{rel}","templated":true}]}}