{"id":10772,"date":"2022-01-31T14:08:31","date_gmt":"2022-01-31T12:08:31","guid":{"rendered":"https:\/\/nicoteam.gr\/?post_type=product&#038;p=10772"},"modified":"2023-08-28T10:20:46","modified_gmt":"2023-08-28T08:20:46","slug":"%ce%b5leaf-ijust-mini-atomizer-2ml","status":"publish","type":"product","link":"https:\/\/nicoteam.gr\/tr\/product\/%ce%b5leaf-ijust-mini-atomizer-2ml\/","title":{"rendered":"Eleaf IJust Mini Atomizer 2ml"},"content":{"rendered":"<p>M\u03b9\u03ba\u03c1\u03cc\u03c2 \u03ba\u03b1\u03b9 \u03b9\u03c3\u03c7\u03c5\u03c1\u03cc\u03c2! \u039f iJust Mini \u03b5\u03af\u03bd\u03b1\u03b9 \u03bc\u03b9\u03b1 \u03b1\u03c0\u03cc \u03c4\u03b9\u03c2 \u03c0\u03b9\u03bf \u03b1\u03be\u03b9\u03cc\u03c0\u03b9\u03c3\u03c4\u03b5\u03c2 \u03b5\u03c0\u03b9\u03bb\u03bf\u03b3\u03ad\u03c2 \u03c0\u03bf\u03c5 \u03bc\u03c0\u03bf\u03c1\u03b5\u03af\u03c4\u03b5 \u03bd\u03b1 \u03ba\u03ac\u03bd\u03b5\u03c4\u03b5. \u0397 Eleaf \u03b1\u03bd\u03b1\u03bd\u03b5\u03ce\u03bd\u03b5\u03b9 \u03b4\u03c5\u03bd\u03b1\u03bc\u03b9\u03ba\u03ac \u03c4\u03b7 \u03c3\u03b5\u03b9\u03c1\u03ac iust \u03bc\u03b5 \u03b1\u03bd\u03b1\u03b2\u03b1\u03b8\u03bc\u03b9\u03c3\u03bc\u03ad\u03bd\u03bf \u03c3\u03c7\u03b5\u03b4\u03b9\u03b1\u03c3\u03bc\u03cc, \u03bd\u03ad\u03bf \u03c3\u03cd\u03c3\u03c4\u03b7\u03bc\u03b1 \u03c1\u03bf\u03ae\u03c2 \u03b1\u03ad\u03c1\u03b1 \u03ba\u03b1\u03b9 \u03c4\u03b9\u03c2 \u03c0\u03c1\u03bf\u03c3\u03c4\u03b1\u03c3\u03af\u03b5\u03c2 \u03c0\u03bf\u03c5 \u03b5\u03bd\u03c3\u03c9\u03bc\u03b1\u03c4\u03ce\u03b8\u03b7\u03ba\u03b1\u03bd \u03c3\u03c4\u03bf iJust Mini.<br \/>\n\u0394\u03b9\u03b1\u03b8\u03ad\u03c4\u03b5\u03b9 Top-Fill Child Proof \u03c3\u03cd\u03c3\u03c4\u03b7\u03bc\u03b1 \u03b1\u03bd\u03b1\u03c0\u03bb\u03ae\u03c1\u03c9\u03c3\u03b7\u03c2 \u03ba\u03b1\u03b9 \u03c3\u03cd\u03c3\u03c4\u03b7\u03bc\u03b1 \u03ba\u03bb\u03b5\u03b9\u03b4\u03ce\u03bc\u03b1\u03c4\u03bf\u03c2 \u03c4\u03bf\u03c5 \u03c5\u03b3\u03c1\u03bf\u03cd \u03c3\u03c4\u03bf \u03ba\u03ac\u03c4\u03c9 \u03bc\u03ad\u03c1\u03bf\u03c2 \u03c4\u03bf\u03c5 \u03b1\u03c4\u03bc\u03bf\u03c0\u03bf\u03b9\u03b7\u03c4\u03ae. \u038c\u03c4\u03b1\u03bd \u03bf \u03c7\u03c1\u03ae\u03c3\u03c4\u03b7\u03c2 \u03be\u03b5\u03b2\u03b9\u03b4\u03ce\u03c3\u03b5\u03b9 \u03c4\u03b7\u03bd \u03b1\u03bd\u03c4\u03af\u03c3\u03c4\u03b1\u03c3\u03b7, \u03ba\u03bb\u03b5\u03af\u03bd\u03b5\u03b9 \u03b1\u03c5\u03c4\u03cc\u03bc\u03b1\u03c4\u03b1 \u03b7 \u03b5\u03af\u03c3\u03bf\u03b4\u03bf\u03c2 \u03c4\u03bf\u03c5 \u03c5\u03b3\u03c1\u03bf\u03cd \u03c3\u03c4\u03bf tank, \u03c0\u03c1\u03bf\u03c3\u03c4\u03b1\u03c4\u03b5\u03cd\u03bf\u03bd\u03c4\u03b1\u03c2 \u03ad\u03c4\u03c3\u03b9 \u03c4\u03bf\u03bd \u03c7\u03c1\u03ae\u03c3\u03c4\u03b7 \u03b1\u03c0\u03cc \u03b4\u03b9\u03b1\u03c1\u03c1\u03bf\u03ad\u03c2.<br \/>\n\u0397 \u03bd\u03ad\u03b1 \u03c3\u03b5\u03b9\u03c1\u03ac \u03b1\u03bd\u03c4\u03b9\u03c3\u03c4\u03ac\u03c3\u03b5\u03c9\u03bd GT Coils \u03c4\u03b7\u03c2 Eleaf \u03ad\u03c7\u03b5\u03b9 \u03c3\u03c7\u03b5\u03b4\u03b9\u03b1\u03c3\u03c4\u03b5\u03af \u03b3\u03b9\u03b1 \u03b5\u03cd\u03ba\u03bf\u03bb\u03b7 \u03c4\u03bf\u03c0\u03bf\u03b8\u03ad\u03c4\u03b7\u03c3\u03b7 (\u03bf\u03b9 \u03b1\u03bd\u03c4\u03b9\u03c3\u03c4\u03ac\u03c3\u03b5\u03b9\u03c2 \u03b4\u03b5 \u03b2\u03b9\u03b4\u03ce\u03bd\u03bf\u03c5\u03bd &#8211; \u03b1\u03c0\u03bb\u03ac \u03ba\u03bf\u03c5\u03bc\u03c0\u03ce\u03bd\u03bf\u03c5\u03bd), \u03b3\u03b9\u03b1 \u03ac\u03c1\u03b9\u03c3\u03c4\u03b7 \u03b1\u03c0\u03cc\u03b4\u03bf\u03c3\u03b7 \u03c4\u03c9\u03bd \u03b1\u03c1\u03c9\u03bc\u03ac\u03c4\u03c9\u03bd \u03ba\u03b1\u03b9 \u03b3\u03b9\u03b1 \u03b1\u03c0\u03bf\u03bb\u03b1\u03c5\u03c3\u03c4\u03b9\u03ba\u03ae \u03b1\u03af\u03c3\u03b8\u03b7\u03c3\u03b7 \u03c4\u03b6\u03bf\u03cd\u03c1\u03b1\u03c2.<\/p>\n<p>\u0397 \u03bd\u03ad\u03b1 \u03c3\u03b5\u03b9\u03c1\u03ac \u03b1\u03bd\u03c4\u03b9\u03c3\u03c4\u03ac\u03c3\u03b5\u03c9\u03bd GT \u03b5\u03af\u03bd\u03b1\u03b9 \u03bf\u03b9:<br \/>\nGT M 0.6ohm &#8211; \u0391\u03bd\u03c4\u03af\u03c3\u03c4\u03b1\u03c3\u03b7 Kanthal Mesh, \u03ba\u03b1\u03c4\u03ac\u03bb\u03bb\u03b7\u03bb\u03b7 \u03b3\u03b9\u03b1 \u03c5\u03c8\u03b7\u03bb\u03ae \u03b1\u03c0\u03cc\u03b4\u03bf\u03c3\u03b7. \u0395\u03cd\u03c1\u03bf\u03c2 \u03bb\u03b5\u03b9\u03c4\u03bf\u03c5\u03c1\u03b3\u03af\u03b1\u03c2 10W \u2013 25W<br \/>\nGT C 1.4ohm &#8211; \u0391\u03bd\u03c4\u03af\u03c3\u03c4\u03b1\u03c3\u03b7 \u03b1\u03c0\u03cc \u03ba\u03b5\u03c1\u03b1\u03bc\u03b9\u03ba\u03cc \u03c0\u03bb\u03ad\u03b3\u03bc\u03b1 \u03ba\u03b1\u03b9 NiCr, \u03ba\u03b1\u03c4\u03ac\u03bb\u03bb\u03b7\u03bb\u03b7 \u03b3\u03b9\u03b1 \u03c7\u03c1\u03ae\u03c3\u03b7 \u03bc\u03b5 \u03ac\u03bb\u03b1\u03c4\u03b1 \u03bd\u03b9\u03ba\u03bf\u03c4\u03af\u03bd\u03b7\u03c2. \u0395\u03cd\u03c1\u03bf\u03c2 \u03bb\u03b5\u03b9\u03c4\u03bf\u03c5\u03c1\u03b3\u03af\u03b1\u03c2 6W\u2013 12W<br \/>\nGT 1.2ohm &#8211; \u0391\u03bd\u03c4\u03af\u03c3\u03c4\u03b1\u03c3\u03b7 NiC, \u03ba\u03b1\u03c4\u03ac\u03bb\u03bb\u03b7\u03bb\u03b7 \u03b3\u03b9\u03b1 MTL \u03ac\u03c4\u03bc\u03b9\u03c3\u03bc\u03b1. \u0395\u03cd\u03c1\u03bf\u03c2 \u03bb\u03b5\u03b9\u03c4\u03bf\u03c5\u03c1\u03b3\u03af\u03b1\u03c2 7W \u2013 14W<\/p>\n<p>\u03a4\u03b5\u03c7\u03bd\u03b9\u03ba\u03b1 \u03a7\u03b1\u03c1\u03b1\u03ba\u03c4\u03b7\u03c1\u03b9\u03c3\u03c4\u03b9\u03ba\u03ac<br \/>\n\u039c\u03ad\u03b3\u03b5\u03b8\u03bf\u03c2: 22mm x 51mm<br \/>\n\u00c7ap: 22mm<br \/>\nDamla Ucu: 510<br \/>\nKapasite: 2ml<br \/>\nKonu: 510<\/p>","protected":false},"excerpt":{"rendered":"<p>K\u00fc\u00e7\u00fck ve g\u00fc\u00e7l\u00fc! iJust Mini, yapabilece\u011finiz en g\u00fcvenilir se\u00e7imlerden biridir.<\/p>","protected":false},"featured_media":10774,"template":"","meta":{"_acf_changed":false,"_kadence_starter_templates_imported_post":false,"_kad_post_transparent":"","_kad_post_title":"","_kad_post_layout":"","_kad_post_sidebar_id":"","_kad_post_content_style":"","_kad_post_vertical_padding":"","_kad_post_feature":"","_kad_post_feature_position":"","_kad_post_header":false,"_kad_post_footer":false},"product_cat":[142],"product_tag":[],"class_list":{"0":"post-10772","1":"product","2":"type-product","3":"status-publish","4":"has-post-thumbnail","6":"product_cat-atmopoites","7":"product_shipping_class-mi-kapnika","9":"first","10":"instock","11":"taxable","12":"shipping-taxable","13":"purchasable","14":"product-type-variable","15":"entry","16":"content-bg","17":"loop-entry"},"acf":[],"_links":{"self":[{"href":"https:\/\/nicoteam.gr\/tr\/wp-json\/wp\/v2\/product\/10772","targetHints":{"allow":["GET"]}}],"collection":[{"href":"https:\/\/nicoteam.gr\/tr\/wp-json\/wp\/v2\/product"}],"about":[{"href":"https:\/\/nicoteam.gr\/tr\/wp-json\/wp\/v2\/types\/product"}],"wp:featuredmedia":[{"embeddable":true,"href":"https:\/\/nicoteam.gr\/tr\/wp-json\/wp\/v2\/media\/10774"}],"wp:attachment":[{"href":"https:\/\/nicoteam.gr\/tr\/wp-json\/wp\/v2\/media?parent=10772"}],"wp:term":[{"taxonomy":"product_cat","embeddable":true,"href":"https:\/\/nicoteam.gr\/tr\/wp-json\/wp\/v2\/product_cat?post=10772"},{"taxonomy":"product_tag","embeddable":true,"href":"https:\/\/nicoteam.gr\/tr\/wp-json\/wp\/v2\/product_tag?post=10772"}],"curies":[{"name":"wp","href":"https:\/\/api.w.org\/{rel}","templated":true}]}}