{"id":10770,"date":"2022-01-31T13:57:02","date_gmt":"2022-01-31T11:57:02","guid":{"rendered":"https:\/\/nicoteam.gr\/?post_type=product&#038;p=10770"},"modified":"2023-08-28T10:20:46","modified_gmt":"2023-08-28T08:20:46","slug":"phoenix-ceramic-tank","status":"publish","type":"product","link":"https:\/\/nicoteam.gr\/tr\/product\/phoenix-ceramic-tank\/","title":{"rendered":"Phoenix Seramik Tank\u0131"},"content":{"rendered":"<p>\u03a4\u03bf Phoenix Tank by\u00a0Council of Vapor\u00a0\u03b5\u03af\u03bd\u03b1\u03b9 \u03bc\u03b9\u03b1 \u03ba\u03bf\u03c1\u03c5\u03c6\u03b1\u03af\u03b1 \u03b5\u03ba\u03b4\u03bf\u03c7\u03ae \u03c4\u03bf\u03c5 \u03b5\u03bd\u03c4\u03c5\u03c0\u03c9\u03c3\u03b9\u03b1\u03ba\u03bf\u03cd\u00a0\u03ba\u03b5\u03c1\u03b1\u03bc\u03b9\u03ba\u03bf\u03cd \u03b8\u03b5\u03c1\u03bc\u03b1\u03bd\u03c4\u03b9\u03ba\u03bf\u03cd \u03c3\u03c4\u03bf\u03b9\u03c7\u03b5\u03af\u03bf\u03c5\u03c3\u03b5 \u03c3\u03cd\u03c3\u03c4\u03b7\u03bc\u03b1 \u03b4\u03b5\u03be\u03b1\u03bc\u03b5\u03bd\u03ae\u03c2, \u03bc\u03b5 \u03c7\u03c9\u03c1\u03b7\u03c4\u03b9\u03ba\u03cc\u03c4\u03b7\u03c4\u03b1 \u03c7\u03c5\u03bc\u03bf\u03cd 2 ml, \u03c4\u03b5\u03c1\u03ac\u03c3\u03c4\u03b9\u03b1 \u03b4\u03b9\u03c0\u03bb\u03ae \u03c1\u03c5\u03b8\u03bc\u03b9\u03b6\u03cc\u03bc\u03b5\u03bd\u03b7 \u03c1\u03bf\u03ae \u03b1\u03ad\u03c1\u03b1 \u03c3\u03c4\u03bf \u03b5\u03c0\u03ac\u03bd\u03c9 \u03ba\u03b1\u03c0\u03ac\u03ba\u03b9, \u03b2\u03bf\u03bb\u03b9\u03ba\u03ae \u03bc\u03ad\u03b8\u03bf\u03b4\u03bf \u03c0\u03b5\u03c1\u03b9\u03c3\u03c4\u03c1\u03bf\u03c6\u03ae\u03c2 \u03b1\u03c0\u03cc \u03c0\u03ac\u03bd\u03c9 \u03c0\u03bb\u03ae\u03c1\u03c9\u03c3\u03b7, \u03b5\u03c5\u03c1\u03c5\u03b3\u03ce\u03bd\u03b9\u03bf \u03ac\u03ba\u03c1\u03bf \u03c3\u03c4\u03b1\u03b3\u03cc\u03bd\u03c9\u03bd \u03bc\u03b5 \u03ba\u03c5\u03c8\u03b5\u03bb\u03c9\u03c4\u03cc \u03c0\u03bb\u03ad\u03b3\u03bc\u03b1, \u039a\u03b5\u03c1\u03b1\u03bc\u03b9\u03ba\u03cc \u0391\u03c4\u03bc\u03bf\u03c0\u03bf\u03b9\u03b7\u03c4\u03ae Core \u03c4\u03bf\u03c5 CoV \u03ba\u03b1\u03b9 \u03b5\u03bd\u03c4\u03c5\u03c0\u03c9\u03c3\u03b9\u03b1\u03ba\u03cc \u03c3\u03c5\u03bc\u03c0\u03b1\u03b3\u03ae \u03c3\u03c7\u03ae\u03bc\u03b1.\u00a0\u03a4\u03bf Ceramic Atomizer Core \u03c0\u03bf\u03c5 \u03ba\u03b1\u03c4\u03b1\u03c3\u03ba\u03b5\u03c5\u03ac\u03b6\u03b5\u03c4\u03b1\u03b9 \u03b1\u03c0\u03cc \u03c4\u03b7\u03bd \u03c4\u03b5\u03c7\u03bd\u03bf\u03bb\u03bf\u03b3\u03af\u03b1 \u03c4\u03bf\u03c5 Council of Vapor \u03b2\u03b1\u03c3\u03af\u03b6\u03b5\u03c4\u03b1\u03b9 \u03c3\u03b5 \u03ad\u03bd\u03b1 \u03c3\u03c4\u03bf\u03b9\u03c7\u03b5\u03af\u03bf \u03ba\u03b5\u03bd\u03c4\u03c1\u03b9\u03ba\u03ae\u03c2 \u03b8\u03ad\u03c1\u03bc\u03b1\u03bd\u03c3\u03b7\u03c2 \u03c0\u03bf\u03c5 \u03c0\u03b5\u03c1\u03b9\u03b2\u03ac\u03bb\u03bb\u03b5\u03c4\u03b1\u03b9 \u03b1\u03c0\u03cc \u03bc\u03b9\u03b1 \u03b5\u03c0\u03af\u03c3\u03c4\u03c1\u03c9\u03c3\u03b7 \u03ba\u03b5\u03c1\u03b1\u03bc\u03b9\u03ba\u03bf\u03cd \u03b3\u03b9\u03b1 \u03b9\u03c3\u03bf\u03c1\u03c1\u03bf\u03c0\u03b7\u03bc\u03ad\u03bd\u03b7 \u03b8\u03ad\u03c1\u03bc\u03b1\u03bd\u03c3\u03b7 \u03ba\u03b1\u03b9 \u03ad\u03bd\u03b1 \u03c3\u03c4\u03c1\u03ce\u03bc\u03b1 \u03b2\u03b1\u03bc\u03b2\u03b1\u03ba\u03b9\u03bf\u03cd \u03b1\u03c0\u03cc \u03c0\u03ac\u03bd\u03c9 \u03b3\u03b9\u03b1 \u03b2\u03ad\u03bb\u03c4\u03b9\u03c3\u03c4\u03b7 \u03c7\u03c1\u03ae\u03c3\u03b7 \u03bc\u03b5 \u03c4\u03bf e-liquid.\u00a0\u03a4\u03bf \u03b1\u03c0\u03bf\u03c4\u03ad\u03bb\u03b5\u03c3\u03bc\u03b1 \u03b5\u03af\u03bd\u03b1\u03b9 \u03bc\u03b9\u03b1 \u03b4\u03bf\u03bc\u03ae \u03b1\u03c4\u03bc\u03bf\u03c0\u03bf\u03b9\u03b7\u03c4\u03ae \u03bc\u03b5 \u03bc\u03b5\u03b3\u03b1\u03bb\u03cd\u03c4\u03b5\u03c1\u03b7 \u03b4\u03b9\u03ac\u03c1\u03ba\u03b5\u03b9\u03b1 \u03b6\u03c9\u03ae\u03c2 \u03b1\u03c0\u03cc \u03c4\u03b1 \u03c0\u03b1\u03c1\u03b1\u03b4\u03bf\u03c3\u03b9\u03b1\u03ba\u03ac \u03c0\u03b7\u03bd\u03af\u03b1, \u03ba\u03b1\u03b8\u03b1\u03c1\u03b9\u03c3\u03c4\u03b9\u03ba\u03cc \u03ba\u03b1\u03c5\u03c3\u03af\u03bc\u03c9\u03bd \u03b3\u03b9\u03b1 \u03b2\u03b5\u03bb\u03c4\u03af\u03c9\u03c3\u03b7 \u03c4\u03b7\u03c2 \u03b3\u03b5\u03cd\u03c3\u03b7\u03c2, \u03b9\u03ba\u03b1\u03bd\u03cc \u03bd\u03b1 \u03c0\u03c5\u03c1\u03bf\u03b4\u03bf\u03c4\u03b5\u03af \u03ad\u03c9\u03c2 \u03ba\u03b1\u03b9 120 W \u03ba\u03b1\u03b9 \u03ba\u03b1\u03bb\u03cd\u03c4\u03b5\u03c1\u03b7 \u03c3\u03c5\u03bd\u03bf\u03bb\u03b9\u03ba\u03ae \u03b1\u03c0\u03cc\u03b4\u03bf\u03c3\u03b7.\u00a0\u0397 \u03c1\u03bf\u03ae \u03c4\u03bf\u03c5 \u03b1\u03ad\u03c1\u03b1 \u03bc\u03c0\u03bf\u03c1\u03b5\u03af \u03bd\u03b1 \u03c0\u03b5\u03c1\u03b9\u03bf\u03c1\u03b9\u03c3\u03c4\u03b5\u03af \u03bc\u03b5 \u03ac\u03c6\u03b8\u03bf\u03bd\u03b7 \u03c1\u03bf\u03ae \u03b1\u03ad\u03c1\u03b1, \u03c3\u03c7\u03b5\u03b4\u03b9\u03b1\u03c3\u03bc\u03ad\u03bd\u03b7 \u03bc\u03b5 \u03b4\u03b9\u03c0\u03bb\u03ad\u03c2 \u03ba\u03c5\u03ba\u03bb\u03ce\u03c0\u03b5\u03c2 \u03c5\u03c0\u03bf\u03b4\u03bf\u03c7\u03ad\u03c2 \u03b1\u03ad\u03c1\u03b1, \u03ba\u03b1\u03b8\u03b5\u03bc\u03af\u03b1 \u03b1\u03c0\u03cc \u03c4\u03b9\u03c2 \u03bf\u03c0\u03bf\u03af\u03b5\u03c2 \u03ad\u03c7\u03b5\u03b9 \u03b4\u03b9\u03b1\u03c3\u03c4\u03ac\u03c3\u03b5\u03b9\u03c2 10 mm \u03b5\u03c0\u03af 2 mm \u03b3\u03b9\u03b1 \u03b5\u03bd\u03c4\u03c5\u03c0\u03c9\u03c3\u03b9\u03b1\u03ba\u03ae \u03c0\u03b1\u03c1\u03b1\u03b3\u03c9\u03b3\u03ae \u03c3\u03cd\u03bd\u03bd\u03b5\u03c6\u03c9\u03bd.\u00a0The Phoenix Tank&#8217;\u00a0\u0397 \u03bc\u03ad\u03b8\u03bf\u03b4\u03bf\u03c2 \u03c0\u03bb\u03ae\u03c1\u03c9\u03c3\u03b7\u03c2 \u03ba\u03bf\u03c1\u03c5\u03c6\u03ae\u03c2 \u03b5\u03af\u03bd\u03b1\u03b9 \u03c0\u03c1\u03bf\u03b7\u03b3\u03bc\u03ad\u03bd\u03b7, \u03bc\u03b5 \u03ad\u03bd\u03b1\u03bd \u03b1\u03c0\u03bb\u03cc \u03bc\u03b7\u03c7\u03b1\u03bd\u03b9\u03c3\u03bc\u03cc \u03c0\u03b5\u03c1\u03b9\u03c3\u03c4\u03c1\u03bf\u03c6\u03ae\u03c2 \u03bc\u03b5 \u03c0\u03c1\u03bf\u03c3\u03c4\u03b1\u03c4\u03b5\u03c5\u03c4\u03b9\u03ba\u03cc \u03c3\u03b9\u03bb\u03b9\u03ba\u03cc\u03bd\u03b7\u03c2 \u03bd\u03b1 \u03b5\u03c0\u03b9\u03bb\u03cd\u03b5\u03b9 \u03c0\u03c1\u03bf\u03b2\u03bb\u03ae\u03bc\u03b1\u03c4\u03b1 \u03b4\u03b9\u03b1\u03c1\u03c1\u03bf\u03ae\u03c2.\u00a0\u039f\u03bb\u03bf\u03ba\u03bb\u03b7\u03c1\u03ce\u03bd\u03b5\u03c4\u03b1\u03b9 \u03bc\u03b5 \u03b5\u03c5\u03c1\u03c5\u03b3\u03ce\u03bd\u03b9\u03bf \u03ac\u03ba\u03c1\u03bf \u03c3\u03c4\u03b1\u03b3\u03cc\u03bd\u03b1\u03c2 \u03b5\u03be\u03bf\u03c0\u03bb\u03b9\u03c3\u03bc\u03ad\u03bd\u03bf \u03bc\u03b5 \u03c4\u03bf \u03c7\u03b1\u03c1\u03b1\u03ba\u03c4\u03b7\u03c1\u03b9\u03c3\u03c4\u03b9\u03ba\u03cc \u03ba\u03c5\u03c8\u03b5\u03bb\u03c9\u03c4\u03cc \u03c0\u03bb\u03ad\u03b3\u03bc\u03b1 \u03c4\u03bf\u03c5 CoV \u03b3\u03b9\u03b1 \u03c0\u03c1\u03bf\u03c3\u03c4\u03b1\u03c3\u03af\u03b1 \u03b1\u03c0\u03cc \u03c4\u03bf \u03c6\u03bf\u03cd\u03c3\u03ba\u03c9\u03bc\u03b1 \u03ba\u03b1\u03b9 \u03b4\u03b9\u03b1\u03c4\u03af\u03b8\u03b5\u03c4\u03b1\u03b9 \u03c3\u03b5 \u03b4\u03cd\u03bf \u03c5\u03bb\u03b9\u03ba\u03ac: \u03b1\u03bd\u03bf\u03be\u03b5\u03af\u03b4\u03c9\u03c4\u03bf \u03b1\u03c4\u03c3\u03ac\u03bb\u03b9 \u03ba\u03b1\u03b9 Delrin.\u00a0\u0388\u03bd\u03b1 \u03ac\u03bb\u03bc\u03b1 \u03c0\u03c1\u03bf\u03c2 \u03c4\u03b1 \u03b5\u03bc\u03c0\u03c1\u03cc\u03c2 \u03a4\u03b5\u03c7\u03bd\u03bf\u03bb\u03bf\u03b3\u03af\u03b1 \u03b1\u03c4\u03bc\u03bf\u03c0\u03bf\u03b9\u03b7\u03c4\u03ae\u00a0\u03ba\u03b1\u03b9 \u03b4\u03b9\u03b1\u03ba\u03c1\u03b9\u03c4\u03b9\u03ba\u03ac \u03c3\u03c7\u03ad\u03b4\u03b9\u03b1, \u03c4\u03bf Phoenix Tank by Council of Vapor \u03b5\u03af\u03bd\u03b1\u03b9 \u03bc\u03b9\u03b1 \u03b1\u03be\u03b9\u03cc\u03bb\u03bf\u03b3\u03b7 \u03c3\u03c5\u03bb\u03bb\u03bf\u03b3\u03ae.<\/p>\n<p><span data-sheets-value=\"[null,2,&quot;Phoenix Tank by Coucil of Vapor Features:\\n2mL Juice Well\\n22mm Tank Diamenter\\nSuperior Stainless Steel Construction\\nPyrex Glass Reinforcement\\nFire Up To 120W\\nOptional Silicone Sleeve Included\\nTop Cap Adjustable Airflow Control\\nConvenient Twist Top-Fill Design\\nStainless Steel Widebore Drip Tip\\nDelrin Widebore Drip Tip\\nSignature Honeycomb Mesh\\nCoV's Ceramic Atomizer Core\\n0.5ohm Ceramic Coil\\n510 Connection&quot;]\" data-sheets-userformat=\"[null,null,4993,[null,0],null,null,null,null,null,null,2,4,0,null,null,&quot;arial,sans,sans-serif&quot;]\"><strong>\u03a7\u03b1\u03c1\u03b1\u03ba\u03c4\u03b7\u03c1\u03b9\u03c3\u03c4\u03b9\u03ba\u03ac Phoenix Tank by Coucil of Vapor:<\/strong><br \/>\n<\/span><\/p>\n<ul>\n<li>2 mL \u03a7\u03c5\u03bc\u03cc\u03c2 \u03ba\u03b1\u03bb\u03ac<\/li>\n<li>\u0394\u03b9\u03ac\u03bc\u03b5\u03c4\u03c1\u03bf\u03c2 \u0394\u03b5\u03be\u03b1\u03bc\u03b5\u03bd\u03ae\u03c2 22mm<\/li>\n<li>\u0391\u03bd\u03ce\u03c4\u03b5\u03c1\u03b7\u03c2 \u03ba\u03b1\u03c4\u03b1\u03c3\u03ba\u03b5\u03c5\u03ae\u03c2 \u03b1\u03c0\u03cc \u03b1\u03bd\u03bf\u03be\u03b5\u03af\u03b4\u03c9\u03c4\u03bf \u03c7\u03ac\u03bb\u03c5\u03b2\u03b1<\/li>\n<li>\u0395\u03bd\u03af\u03c3\u03c7\u03c5\u03c3\u03b7 \u03b3\u03c5\u03b1\u03bb\u03b9\u03bf\u03cd Pyrex<\/li>\n<li>\u03a0\u03c5\u03c1\u03ba\u03b1\u03b3\u03b9\u03ac \u03ad\u03c9\u03c2 120W<\/li>\n<li>\u03a0\u03b5\u03c1\u03b9\u03bb\u03b1\u03bc\u03b2\u03ac\u03bd\u03b5\u03c4\u03b1\u03b9 \u03c0\u03c1\u03bf\u03b1\u03b9\u03c1\u03b5\u03c4\u03b9\u03ba\u03cc \u03bc\u03b1\u03bd\u03af\u03ba\u03b9 \u03c3\u03b9\u03bb\u03b9\u03ba\u03cc\u03bd\u03b7\u03c2<\/li>\n<li>\u03a1\u03c5\u03b8\u03bc\u03b9\u03b6\u03cc\u03bc\u03b5\u03bd\u03bf\u03c2 \u03ad\u03bb\u03b5\u03b3\u03c7\u03bf\u03c2 \u03c1\u03bf\u03ae\u03c2 \u03b1\u03ad\u03c1\u03b1 \u03c3\u03c4\u03bf \u03b5\u03c0\u03ac\u03bd\u03c9 \u03ba\u03b1\u03c0\u03ac\u03ba\u03b9<\/li>\n<li>\u0392\u03bf\u03bb\u03b9\u03ba\u03cc\u03c2 \u03c3\u03c7\u03b5\u03b4\u03b9\u03b1\u03c3\u03bc\u03cc\u03c2 Twist Top-Fill<\/li>\n<li>\u039c\u03cd\u03c4\u03b7 \u03c3\u03c4\u03ac\u03bb\u03b1\u03be\u03b7\u03c2 \u03b1\u03c0\u03cc \u03b1\u03bd\u03bf\u03be\u03b5\u03af\u03b4\u03c9\u03c4\u03bf \u03c7\u03ac\u03bb\u03c5\u03b2\u03b1<\/li>\n<li>Delrin Widebore Drip Tip<\/li>\n<li>Signature Honeycomb Mesh<\/li>\n<li>CoV&#8217;s Ceramic Atomizer Core<\/li>\n<li>\u039a\u03b5\u03c1\u03b1\u03bc\u03b9\u03ba\u03cc \u03c0\u03b7\u03bd\u03af\u03bf 0,5ohm<\/li>\n<li>510 \u03a3\u03cd\u03bd\u03b4\u03b5\u03c3\u03b7<\/li>\n<\/ul>","protected":false},"excerpt":{"rendered":"<p>Phoenix Tank\u0131nda 2 ml meyve suyu kapasitesi, devasa \u00e7ift ayarlanabilir \u00fcst kapak hava ak\u0131\u015f\u0131, kullan\u0131\u015fl\u0131 \u00fcst doldurma d\u00f6nd\u00fcrme y\u00f6ntemi, geni\u015f a\u00e7\u0131l\u0131 petek damlama ucu ve CoV&#039;nin Seramik \u00c7ekirdekli Atomizeri bulunur.<\/p>","protected":false},"featured_media":10771,"template":"","meta":{"_acf_changed":false,"_kadence_starter_templates_imported_post":false,"_kad_post_transparent":"","_kad_post_title":"","_kad_post_layout":"","_kad_post_sidebar_id":"","_kad_post_content_style":"","_kad_post_vertical_padding":"","_kad_post_feature":"","_kad_post_feature_position":"","_kad_post_header":false,"_kad_post_footer":false},"product_cat":[142],"product_tag":[],"class_list":{"0":"post-10770","1":"product","2":"type-product","3":"status-publish","4":"has-post-thumbnail","6":"product_cat-atmopoites","7":"product_shipping_class-mi-kapnika","9":"first","10":"instock","11":"taxable","12":"shipping-taxable","13":"purchasable","14":"product-type-simple","15":"entry","16":"content-bg","17":"loop-entry"},"acf":[],"_links":{"self":[{"href":"https:\/\/nicoteam.gr\/tr\/wp-json\/wp\/v2\/product\/10770","targetHints":{"allow":["GET"]}}],"collection":[{"href":"https:\/\/nicoteam.gr\/tr\/wp-json\/wp\/v2\/product"}],"about":[{"href":"https:\/\/nicoteam.gr\/tr\/wp-json\/wp\/v2\/types\/product"}],"wp:featuredmedia":[{"embeddable":true,"href":"https:\/\/nicoteam.gr\/tr\/wp-json\/wp\/v2\/media\/10771"}],"wp:attachment":[{"href":"https:\/\/nicoteam.gr\/tr\/wp-json\/wp\/v2\/media?parent=10770"}],"wp:term":[{"taxonomy":"product_cat","embeddable":true,"href":"https:\/\/nicoteam.gr\/tr\/wp-json\/wp\/v2\/product_cat?post=10770"},{"taxonomy":"product_tag","embeddable":true,"href":"https:\/\/nicoteam.gr\/tr\/wp-json\/wp\/v2\/product_tag?post=10770"}],"curies":[{"name":"wp","href":"https:\/\/api.w.org\/{rel}","templated":true}]}}