{"id":10735,"date":"2022-01-31T12:51:42","date_gmt":"2022-01-31T10:51:42","guid":{"rendered":"https:\/\/nicoteam.gr\/?post_type=product&#038;p=10735"},"modified":"2023-08-28T10:20:47","modified_gmt":"2023-08-28T08:20:47","slug":"justfog-c14-clearomizer-tank","status":"publish","type":"product","link":"https:\/\/nicoteam.gr\/tr\/product\/justfog-c14-clearomizer-tank\/","title":{"rendered":"JustFog C14 Temizleyici Tank"},"content":{"rendered":"<p>\u03a4\u03bf Justfog C14 \u03c4\u03b1\u03b9\u03c1\u03b9\u03ac\u03b6\u03b5\u03b9 \u03c3\u03c4\u03b9\u03c2 \u03c0\u03b5\u03c1\u03b9\u03c3\u03c3\u03cc\u03c4\u03b5\u03c1\u03b5\u03c2 \u03bc\u03c0\u03b1\u03c4\u03b1\u03c1\u03af\u03b5\u03c2 Ego \u03c0\u03bf\u03c5 \u03b4\u03b9\u03b1\u03c4\u03af\u03b8\u03b5\u03bd\u03c4\u03b1\u03b9 \u03c3\u03c4\u03b7 \u03c3\u03b7\u03bc\u03b5\u03c1\u03b9\u03bd\u03ae \u03b1\u03b3\u03bf\u03c1\u03ac \u03ba\u03b1\u03b9 \u03bc\u03b5 \u03c4\u03bf\u03bd \u03c0\u03c1\u03bf\u03c3\u03b1\u03c1\u03bc\u03bf\u03b3\u03ad\u03b1 \u03c3\u03c0\u03b5\u03b9\u03c1\u03ce\u03bc\u03b1\u03c4\u03bf\u03c2 510 \u03c3\u03b5 eGo, \u03bc\u03c0\u03bf\u03c1\u03b5\u03af \u03bd\u03b1 \u03c7\u03c1\u03b7\u03c3\u03b9\u03bc\u03bf\u03c0\u03bf\u03b9\u03b7\u03b8\u03b5\u03af \u03bc\u03b5 \u03bf\u03c0\u03bf\u03b9\u03b1\u03b4\u03ae\u03c0\u03bf\u03c4\u03b5 \u03bc\u03c0\u03b1\u03c4\u03b1\u03c1\u03af\u03b1 \u03ae MOD.\u00a0\u03a4\u03bf Justfog C14 \u03b5\u03af\u03bd\u03b1\u03b9 \u03bc\u03b9\u03b1 \u03b4\u03b5\u03be\u03b1\u03bc\u03b5\u03bd\u03ae \u03ba\u03b1\u03b8\u03b1\u03c1\u03b9\u03c3\u03bc\u03bf\u03cd \u03c4\u03cd\u03c0\u03bf\u03c5 \u03c0\u03b7\u03bd\u03af\u03bf\u03c5, \u03c0\u03bf\u03c5 \u03c3\u03b7\u03bc\u03b1\u03af\u03bd\u03b5\u03b9 \u03cc\u03c4\u03b9 \u03b4\u03b5\u03bd \u03b5\u03af\u03bd\u03b1\u03b9 \u03b1\u03c0\u03b1\u03c1\u03b1\u03af\u03c4\u03b7\u03c4\u03bf \u03bd\u03b1 \u03c4\u03bf \u03ba\u03c1\u03b1\u03c4\u03ac\u03c4\u03b5 \u03b1\u03bd\u03ac\u03c0\u03bf\u03b4\u03b1 \u03c0\u03c1\u03b9\u03bd \u03c4\u03b7 \u03c7\u03c1\u03ae\u03c3\u03b7.\u00a0\u039a\u03b1\u03b9 \u03c9\u03c2 \u03c0\u03c1\u03cc\u03c3\u03b8\u03b5\u03c4\u03bf \u03c0\u03bb\u03b5\u03bf\u03bd\u03ad\u03ba\u03c4\u03b7\u03bc\u03b1, \u03ad\u03c7\u03b5\u03b9 \u03b4\u03b9\u03c0\u03bb\u03ae \u03c0\u03c1\u03bf\u03c3\u03c4\u03b1\u03c3\u03af\u03b1 \u03ba\u03b1\u03c4\u03ac \u03c4\u03b7\u03c2 \u03b4\u03b9\u03b1\u03c1\u03c1\u03bf\u03ae\u03c2 \u03b3\u03b9\u03b1 \u03bd\u03b1 \u03b1\u03c0\u03bf\u03c4\u03c1\u03ad\u03c8\u03b5\u03b9 \u03c4\u03b7 \u03b4\u03b9\u03b1\u03c1\u03c1\u03bf\u03ae \u03c4\u03bf\u03c5 e-\u03c5\u03b3\u03c1\u03bf\u03cd \u03c3\u03b1\u03c2.<\/p>\n<table class=\"table table-striped shop_attributes\" style=\"height: 242px;\" width=\"504\">\n<tbody>\n<tr class=\"alt\">\n<th><strong>\u039a\u03b1\u03c4\u03b1\u03c3\u03ba\u03b5\u03c5\u03b1\u03c3\u03c4\u03ae\u03c2<\/strong><\/th>\n<td>JustFog<\/td>\n<\/tr>\n<tr class=\"\">\n<th><strong>Boyut<\/strong><\/th>\n<td>14 x 77 mm<\/td>\n<\/tr>\n<tr class=\"alt\">\n<th><strong>Tank kapasitesi<\/strong><\/th>\n<td>1,8 ml<\/td>\n<\/tr>\n<tr class=\"\">\n<th><strong>\u0391\u03bd\u03c4\u03af\u03c3\u03c4\u03b1\u03c3\u03b7<\/strong><\/th>\n<td>1,2 Ohm, 1,6 Ohm<\/td>\n<\/tr>\n<tr class=\"alt\">\n<th><strong>\u039d\u03ae\u03bc\u03b1<\/strong><\/th>\n<td>\u03b5\u03b3\u03ce<\/td>\n<\/tr>\n<tr class=\"\">\n<th><strong>Burun d\u00fc\u015fmesi<\/strong><\/th>\n<td>510<\/td>\n<\/tr>\n<tr class=\"alt\">\n<th><strong>\u03a0\u03b7\u03bd\u03af\u03b1<\/strong><\/th>\n<td>\u03a0\u03b7\u03bd\u03af\u03b1 \u03b8\u03ad\u03c1\u03bc\u03b1\u03bd\u03c3\u03b7\u03c2 JustFog<\/td>\n<\/tr>\n<\/tbody>\n<\/table>","protected":false},"excerpt":{"rendered":"<p>Justfog C14, g\u00fc\u00e7l\u00fc performansa ve uygun fiyata sahip, cep dostu k\u00fc\u00e7\u00fck kutu temizleyicisidir. C14, yeni ba\u015flayanlar i\u00e7in oldu\u011fu kadar ileri d\u00fczey kullan\u0131c\u0131lar i\u00e7in de m\u00fckemmel bir tankt\u0131r. Cihaz\u0131n k\u0131sa devre ile kar\u015f\u0131la\u015fmas\u0131 durumunda \u00e7ift koruma sistemine sahip oldu\u011fundan kullan\u0131c\u0131 a\u00e7\u0131s\u0131ndan g\u00fcvenlidir. Bobinin kendisi 100% Japon organik pamu\u011fundan yap\u0131lm\u0131\u015ft\u0131r ve silikon malzemeden kuru darbeler olmadan p\u00fcr\u00fczs\u00fcz ve \u00f6zg\u00fcn bir elektronik sigara deneyimi sa\u011flar.<\/p>","protected":false},"featured_media":10736,"template":"","meta":{"_acf_changed":false,"_kadence_starter_templates_imported_post":false,"_kad_post_transparent":"","_kad_post_title":"","_kad_post_layout":"","_kad_post_sidebar_id":"","_kad_post_content_style":"","_kad_post_vertical_padding":"","_kad_post_feature":"","_kad_post_feature_position":"","_kad_post_header":false,"_kad_post_footer":false},"product_cat":[142],"product_tag":[],"class_list":{"0":"post-10735","1":"product","2":"type-product","3":"status-publish","4":"has-post-thumbnail","6":"product_cat-atmopoites","7":"product_shipping_class-mi-kapnika","9":"first","10":"instock","11":"taxable","12":"shipping-taxable","13":"purchasable","14":"product-type-simple","15":"entry","16":"content-bg","17":"loop-entry"},"acf":[],"_links":{"self":[{"href":"https:\/\/nicoteam.gr\/tr\/wp-json\/wp\/v2\/product\/10735","targetHints":{"allow":["GET"]}}],"collection":[{"href":"https:\/\/nicoteam.gr\/tr\/wp-json\/wp\/v2\/product"}],"about":[{"href":"https:\/\/nicoteam.gr\/tr\/wp-json\/wp\/v2\/types\/product"}],"wp:featuredmedia":[{"embeddable":true,"href":"https:\/\/nicoteam.gr\/tr\/wp-json\/wp\/v2\/media\/10736"}],"wp:attachment":[{"href":"https:\/\/nicoteam.gr\/tr\/wp-json\/wp\/v2\/media?parent=10735"}],"wp:term":[{"taxonomy":"product_cat","embeddable":true,"href":"https:\/\/nicoteam.gr\/tr\/wp-json\/wp\/v2\/product_cat?post=10735"},{"taxonomy":"product_tag","embeddable":true,"href":"https:\/\/nicoteam.gr\/tr\/wp-json\/wp\/v2\/product_tag?post=10735"}],"curies":[{"name":"wp","href":"https:\/\/api.w.org\/{rel}","templated":true}]}}