{"id":10712,"date":"2022-01-31T08:52:34","date_gmt":"2022-01-31T06:52:34","guid":{"rendered":"https:\/\/nicoteam.gr\/?post_type=product&#038;p=10712"},"modified":"2023-08-28T10:20:47","modified_gmt":"2023-08-28T08:20:47","slug":"nobacco-ego-epsilon-s-bdc-1-8ml","status":"publish","type":"product","link":"https:\/\/nicoteam.gr\/tr\/product\/nobacco-ego-epsilon-s-bdc-1-8ml\/","title":{"rendered":"Nobacco eGo Epsilon-S BDC 1.8ml &#8211; Black"},"content":{"rendered":"<p>\u0397 \u03b4\u03b5\u03be\u03b1\u03bc\u03b5\u03bd\u03ae \u03c4\u03bf\u03c5 \u03ad\u03c7\u03b5\u03b9 \u03c7\u03c9\u03c1\u03b7\u03c4\u03b9\u03ba\u03cc\u03c4\u03b7\u03c4\u03b1 1.8ml \u03ba\u03b1\u03b9 \u03c4\u03bf \u03b4\u03b9\u03ac\u03c6\u03b1\u03bd\u03bf \u03c3\u03ce\u03bc\u03b1 \u03c4\u03bf\u03c5 \u03b1\u03c4\u03bc\u03bf\u03c0\u03bf\u03b9\u03b7\u03c4\u03ae \u03ad\u03c7\u03b5\u03b9 \u03c4\u03bf \u03c0\u03bb\u03b5\u03bf\u03bd\u03ad\u03ba\u03c4\u03b7\u03bc\u03b1 \u03c4\u03b7\u03c2 \u03c3\u03c5\u03bd\u03b5\u03c7\u03bf\u03cd\u03c2 \u03c0\u03b1\u03c1\u03b1\u03ba\u03bf\u03bb\u03bf\u03cd\u03b8\u03b7\u03c3\u03b7\u03c2 \u03c4\u03b7\u03c2 \u03c3\u03c4\u03ac\u03b8\u03bc\u03b7\u03c2 \u03c4\u03bf\u03c5 \u03c5\u03b3\u03c1\u03bf\u03cd. \u0388\u03c4\u03c3\u03b9 \u03b3\u03bd\u03c9\u03c1\u03af\u03b6\u03b5\u03c4\u03b5 \u03c0\u03ac\u03bd\u03c4\u03b1 \u03c0\u03cc\u03c4\u03b5 \u03bf NOBACCO Epsilon BDC \u03c7\u03c1\u03b5\u03b9\u03ac\u03b6\u03b5\u03c4\u03b1\u03b9 \u03b5\u03c0\u03b1\u03bd\u03b1\u03c4\u03c1\u03bf\u03c6\u03bf\u03b4\u03cc\u03c4\u03b7\u03c3\u03b7 \u03bc\u03b5 \u03c4\u03bf \u03b1\u03b3\u03b1\u03c0\u03b7\u03bc\u03ad\u03bd\u03bf \u03c3\u03b1\u03c2 \u03c5\u03b3\u03c1\u03cc.<\/p>\n<p class=\"cs80D9435B\"><span class=\"csD46DCFA8\"><span style=\"font-family: Arial;\">Notlar:<\/span><\/span><\/p>\n<ul>\n<li class=\"csE32892B7\"><span class=\"cs4B1A97D6\"><span style=\"font-family: Arial;\">\u00dcr\u00fcn\u00fcn do\u011fru \u00e7al\u0131\u015fmas\u0131 i\u00e7in l\u00fctfen talimatlar\u0131 dikkatlice okuyunuz.<\/span><\/span><\/li>\n<li class=\"csE32892B7\"><span style=\"font-family: Arial;\"><span class=\"cs4B1A97D6\">\u039f\u03b9 \u03b3\u03bd\u03ae\u03c3\u03b9\u03bf\u03b9 \u03b1\u03c4\u03bc\u03bf\u03c0\u03bf\u03b9\u03b7\u03c4\u03ad\u03c2\u00a0<\/span><span class=\"cs318FCE72\">eGo EPSILON BDC\u00a0<\/span><span class=\"cs4B1A97D6\">\u03c6\u03ad\u03c1\u03bf\u03c5\u03bd \u03c4\u03c5\u03c0\u03c9\u03bc\u03ad\u03bd\u03bf \u03ae \u03c7\u03b1\u03c1\u03b1\u03b3\u03bc\u03ad\u03bd\u03bf \u03c3\u03b5 \u03cc\u03bb\u03b1 \u03c4\u03b1 \u03b5\u03c0\u03af \u03bc\u03ad\u03c1\u03bf\u03c5\u03c2 \u03b5\u03be\u03b1\u03c1\u03c4\u03ae\u03bc\u03b1\u03c4\u03ac \u03c4\u03bf\u03c5\u03c2 \u03c4\u03bf \u03bb\u03bf\u03b3\u03cc\u03c4\u03c5\u03c0\u03bf \u03c4\u03b7\u03c2 &#8220;<\/span><span class=\"csF36CAF80\">NOBACCO<\/span><span class=\"cs4B1A97D6\">&#8220;.<\/span><\/span><\/li>\n<\/ul>","protected":false},"excerpt":{"rendered":"<p><span style=\"font-family: Arial;\">eGo Epsilon BDC piyasaya s\u00fcr\u00fclen ilk Alttan \u00c7ift Bobinli vaporizat\u00f6rd\u00fcr.<\/span><\/p>\n<p class=\"cs80D9435B\"><span class=\"cs27F096C6\"><span style=\"font-family: Arial;\">Epsilon BDC, direnci atomiz\u00f6r\u00fcn taban\u0131na getirerek daha iyi bir s\u0131v\u0131 beslemesi sa\u011flayarak \u00f6nc\u00fcl\u00fck yapt\u0131. Ayr\u0131ca \u00e7ift diren\u00e7le (\u00c7ift Bobin) \u00e7al\u0131\u015fan, daha g\u00fc\u00e7l\u00fc ve daha dolgun bir &quot;vuru\u015f&quot; ile birlikte daha fazla buhar \u00fcretimi sa\u011flayan ilk Alt Bobin atomizeridir.<\/span><\/span><\/p>\n<p class=\"cs80D9435B\"><span class=\"cs27F096C6\"><span style=\"font-family: Arial;\">G\u00f6r\u00fcn\u00fcr fitillerin bulunmamas\u0131 estetik bir b\u00fct\u00fcnl\u00fck sa\u011flar ve ilave s\u0131v\u0131 doldurma i\u00e7in tankta de\u011ferli alandan tasarruf sa\u011flar.<\/span><\/span><\/p>","protected":false},"featured_media":10713,"template":"","meta":{"_acf_changed":false,"_kadence_starter_templates_imported_post":false,"_kad_post_transparent":"","_kad_post_title":"","_kad_post_layout":"","_kad_post_sidebar_id":"","_kad_post_content_style":"","_kad_post_vertical_padding":"","_kad_post_feature":"","_kad_post_feature_position":"","_kad_post_header":false,"_kad_post_footer":false},"product_cat":[142],"product_tag":[191],"class_list":{"0":"post-10712","1":"product","2":"type-product","3":"status-publish","4":"has-post-thumbnail","6":"product_cat-atmopoites","7":"product_tag-nobacco","8":"product_shipping_class-mi-kapnika","10":"first","11":"outofstock","12":"taxable","13":"shipping-taxable","14":"purchasable","15":"product-type-simple","16":"entry","17":"content-bg","18":"loop-entry"},"acf":[],"_links":{"self":[{"href":"https:\/\/nicoteam.gr\/tr\/wp-json\/wp\/v2\/product\/10712","targetHints":{"allow":["GET"]}}],"collection":[{"href":"https:\/\/nicoteam.gr\/tr\/wp-json\/wp\/v2\/product"}],"about":[{"href":"https:\/\/nicoteam.gr\/tr\/wp-json\/wp\/v2\/types\/product"}],"wp:featuredmedia":[{"embeddable":true,"href":"https:\/\/nicoteam.gr\/tr\/wp-json\/wp\/v2\/media\/10713"}],"wp:attachment":[{"href":"https:\/\/nicoteam.gr\/tr\/wp-json\/wp\/v2\/media?parent=10712"}],"wp:term":[{"taxonomy":"product_cat","embeddable":true,"href":"https:\/\/nicoteam.gr\/tr\/wp-json\/wp\/v2\/product_cat?post=10712"},{"taxonomy":"product_tag","embeddable":true,"href":"https:\/\/nicoteam.gr\/tr\/wp-json\/wp\/v2\/product_tag?post=10712"}],"curies":[{"name":"wp","href":"https:\/\/api.w.org\/{rel}","templated":true}]}}