{"id":10706,"date":"2022-01-29T14:13:58","date_gmt":"2022-01-29T12:13:58","guid":{"rendered":"https:\/\/nicoteam.gr\/?post_type=product&#038;p=10706"},"modified":"2023-08-28T10:20:47","modified_gmt":"2023-08-28T08:20:47","slug":"joyetech-exceed-air-atomizer-2ml","status":"publish","type":"product","link":"https:\/\/nicoteam.gr\/tr\/product\/joyetech-exceed-air-atomizer-2ml\/","title":{"rendered":"Joyetech Exceed Hava Atomizer 2ml \u2013 Siyah"},"content":{"rendered":"<h1>Joyetech Exceed Air Atmizer 2ml<\/h1>\n<p><strong>Joyetech Havay\u0131 A\u015far<\/strong>\u00a0\u00a0\u03b5\u03af\u03bd\u03b1\u03b9 \u03ad\u03bd\u03b1\u03c2 \u03ba\u03b1\u03b9\u03bd\u03bf\u03c4\u03cc\u03bc\u03bf\u03c2 \u03ba\u03b1\u03b9 \u03b5\u03c5\u03b1\u03af\u03c3\u03b8\u03b7\u03c4\u03bf\u03c2 \u03b1\u03c4\u03bc\u03bf\u03c0\u03bf\u03b9\u03b7\u03c4\u03ae\u03c2 \u03bc\u03b5 \u03c7\u03c9\u03c1\u03b7\u03c4\u03b9\u03ba\u03cc\u03c4\u03b7\u03c4\u03b1 2ml e-juice \u03ba\u03b1\u03b9 \u03b4\u03b9\u03ac\u03bc\u03b5\u03c4\u03c1\u03bf 22mm, \u03c3\u03c7\u03b5\u03b4\u03b9\u03b1\u03c3\u03bc\u03ad\u03bd\u03bf\u03c2 \u03b3\u03b9\u03b1 \u03b5\u03be\u03b1\u03b9\u03c1\u03b5\u03c4\u03b9\u03ba\u03cc \u03b1\u03c4\u03bc\u03cc MTL\/DL.\u00a0\u039c\u03b5 \u03ba\u03bb\u03b7\u03c1\u03bf\u03bd\u03bf\u03bc\u03b9\u03ac \u03b1\u03c0\u03cc \u03c4\u03b7\u03bd \u03bf\u03b9\u03ba\u03bf\u03b3\u03ad\u03bd\u03b5\u03b9\u03b1 Joyetech Exceed, \u03bf \u03c8\u03b5\u03ba\u03b1\u03c3\u03c4\u03ae\u03c1\u03b1\u03c2 Exceed Air \u03b4\u03b9\u03b1\u03b8\u03ad\u03c4\u03b5\u03b9 \u03ad\u03bd\u03b1 \u03ba\u03b1\u03b9\u03bd\u03bf\u03c4\u03cc\u03bc\u03bf \u03c3\u03cd\u03c3\u03c4\u03b7\u03bc\u03b1 \u03c0\u03bb\u03ae\u03c1\u03c9\u03c3\u03b7\u03c2 \u03ba\u03bf\u03c1\u03c5\u03c6\u03ae\u03c2 push-to-open \u03bc\u03b5 \u03bc\u03b5\u03b3\u03ac\u03bb\u03b7 \u03ac\u03bd\u03b5\u03c3\u03b7.\u00a0\u0395\u03c0\u03b9\u03c0\u03bb\u03ad\u03bf\u03bd, \u03c4\u03bf Exceed Air \u03c5\u03b9\u03bf\u03b8\u03b5\u03c4\u03b5\u03af \u03c4\u03b9\u03c2 \u03bc\u03bf\u03bd\u03b1\u03b4\u03b9\u03ba\u03ad\u03c2 \u03ba\u03b5\u03c6\u03b1\u03bb\u03ad\u03c2 \u03c4\u03b7\u03c2 \u03c3\u03b5\u03b9\u03c1\u03ac\u03c2 EX \u03bc\u03b5 \u03bd\u03ad\u03b1 \u03c3\u03c7\u03ad\u03b4\u03b9\u03b1 \u03c0\u03bf\u03c5 \u03c0\u03c1\u03bf\u03c3\u03c6\u03ad\u03c1\u03bf\u03c5\u03bd \u03ba\u03b1\u03b8\u03b1\u03c1\u03ae \u03b3\u03b5\u03cd\u03c3\u03b7 \u03bc\u03b5 \u03b5\u03be\u03b1\u03b9\u03c1\u03b5\u03c4\u03b9\u03ba\u03ae \u03b5\u03bc\u03c0\u03b5\u03b9\u03c1\u03af\u03b1 \u03b1\u03c4\u03bc\u03af\u03c3\u03bc\u03b1\u03c4\u03bf\u03c2.\u00a0\u0397 \u03ba\u03b1\u03bb\u03cd\u03c4\u03b5\u03c1\u03b7 \u03b5\u03c0\u03b9\u03bb\u03bf\u03b3\u03ae \u03b3\u03b9\u03b1 \u03b1\u03c4\u03bc\u03b9\u03c3\u03c4\u03ad\u03c2 \u03b1\u03c0\u03cc \u03c3\u03c4\u03cc\u03bc\u03b1 \u03c3\u03b5 \u03c0\u03bd\u03b5\u03cd\u03bc\u03bf\u03bd\u03b1 \u03ae \u03b1\u03c0\u03b5\u03c5\u03b8\u03b5\u03af\u03b1\u03c2 \u03c0\u03bd\u03b5\u03cd\u03bc\u03bf\u03bd\u03b5\u03c2.\u00a0\u039c\u03b7 \u03b4\u03b9\u03c3\u03c4\u03ac\u03c3\u03b5\u03c4\u03b5.\u00a0\u0391\u03c0\u03bb\u03ac \u03b1\u03c0\u03bf\u03ba\u03c4\u03ae\u03c3\u03c4\u03b5 \u03c4\u03bf!<\/p>\n<h2><strong>\u03a0\u03b1\u03c1\u03ac\u03bc\u03b5\u03c4\u03c1\u03bf\u03b9<\/strong><\/h2>\n<ul>\n<li>\u039c\u03ad\u03b3\u03b5\u03b8\u03bf\u03c2: 22,0(D) x 43,5mm (\u03a5)<\/li>\n<li>Kapasite: 2ml<\/li>\n<li>\u03a0\u03b7\u03bd\u03af\u03bf: \u039a\u03b5\u03c6\u03b1\u03bb\u03ae EX 1,2ohm MTL (8 \u2013 14W, \u03ba\u03b1\u03bb\u03cd\u03c4\u03b5\u03c1\u03b7 12W) \/ EX 0,5ohm DL \u03ba\u03b5\u03c6\u03b1\u03bb\u03ae (20 \u2013 35W, \u03ba\u03b1\u03bb\u03cd\u03c4\u03b5\u03c1\u03b7 28W)<\/li>\n<li>\u039d\u03ae\u03bc\u03b1: 510 \u03bd\u03ae\u03bc\u03b1<\/li>\n<\/ul>\n<h2>\u00d6zellikler<\/h2>\n<ul>\n<li>2ml \u039c\u03b9\u03ba\u03c1\u03cc\u03c2 \u03ba\u03b1\u03b9 \u03b5\u03c5\u03b1\u03af\u03c3\u03b8\u03b7\u03c4\u03bf\u03c2 \u03c8\u03b5\u03ba\u03b1\u03c3\u03c4\u03ae\u03c1\u03b1\u03c2<\/li>\n<li>\u039a\u03b5\u03c6\u03b1\u03bb\u03ad\u03c2 \u03c3\u03b5\u03b9\u03c1\u03ac\u03c2 EX \u03b4\u03b9\u03b1\u03b8\u03ad\u03c3\u03b9\u03bc\u03b5\u03c2 \u03b3\u03b9\u03b1 \u03b5\u03b9\u03c3\u03c0\u03bd\u03bf\u03ad\u03c2 MTL &amp; DL<\/li>\n<li>\u039a\u03b1\u03b9\u03bd\u03bf\u03c4\u03cc\u03bc\u03bf \u03c3\u03cd\u03c3\u03c4\u03b7\u03bc\u03b1 \u03c0\u03bb\u03ae\u03c1\u03c9\u03c3\u03b7\u03c2 \u03ba\u03bf\u03c1\u03c5\u03c6\u03ae\u03c2 push-to-open<\/li>\n<li>\u0395\u03ba\u03bb\u03b5\u03c0\u03c4\u03c5\u03c3\u03bc\u03ad\u03bd\u03bf \u03c3\u03cd\u03c3\u03c4\u03b7\u03bc\u03b1 \u03b5\u03bb\u03ad\u03b3\u03c7\u03bf\u03c5 \u03c1\u03bf\u03ae\u03c2 \u03b1\u03ad\u03c1\u03b1<\/li>\n<li>Kolay temizlik i\u00e7in \u00e7\u0131kar\u0131labilir yap\u0131<\/li>\n<\/ul>\n<p><img loading=\"lazy\" decoding=\"async\" class=\"size-full wp-image-10711 aligncenter\" src=\"https:\/\/nicoteam.gr\/wp-content\/uploads\/2022\/01\/Eleaf-iCard-Starter-Kit-650mAh_06_2e8ed4.jpg\" alt=\"\" width=\"950\" height=\"1718\" srcset=\"https:\/\/nicoteam.gr\/wp-content\/uploads\/2022\/01\/Eleaf-iCard-Starter-Kit-650mAh_06_2e8ed4.jpg 950w, https:\/\/nicoteam.gr\/wp-content\/uploads\/2022\/01\/Eleaf-iCard-Starter-Kit-650mAh_06_2e8ed4-600x1085.jpg 600w, https:\/\/nicoteam.gr\/wp-content\/uploads\/2022\/01\/Eleaf-iCard-Starter-Kit-650mAh_06_2e8ed4-166x300.jpg 166w, https:\/\/nicoteam.gr\/wp-content\/uploads\/2022\/01\/Eleaf-iCard-Starter-Kit-650mAh_06_2e8ed4-566x1024.jpg 566w, https:\/\/nicoteam.gr\/wp-content\/uploads\/2022\/01\/Eleaf-iCard-Starter-Kit-650mAh_06_2e8ed4-768x1389.jpg 768w, https:\/\/nicoteam.gr\/wp-content\/uploads\/2022\/01\/Eleaf-iCard-Starter-Kit-650mAh_06_2e8ed4-53x96.jpg 53w, https:\/\/nicoteam.gr\/wp-content\/uploads\/2022\/01\/Eleaf-iCard-Starter-Kit-650mAh_06_2e8ed4-23x42.jpg 23w, https:\/\/nicoteam.gr\/wp-content\/uploads\/2022\/01\/Eleaf-iCard-Starter-Kit-650mAh_06_2e8ed4-849x1536.jpg 849w, https:\/\/nicoteam.gr\/wp-content\/uploads\/2022\/01\/Eleaf-iCard-Starter-Kit-650mAh_06_2e8ed4-150x271.jpg 150w\" sizes=\"auto, (max-width: 950px) 100vw, 950px\" \/><\/p>","protected":false},"excerpt":{"rendered":"<p><strong>Joyetech Havay\u0131 A\u015far<\/strong>\u00a0\u00a0m\u00fckemmel MTL\/DL buhar\u0131 i\u00e7in tasarlanm\u0131\u015f, 2 ml likit kapasitesi ve 22 mm \u00e7ap\u0131 olan yenilik\u00e7i ve hassas bir atomizerdir. Joyetech Exceed ailesinden miras kalan Exceed Air atomizer, b\u00fcy\u00fck kolayl\u0131k sa\u011flayan yenilik\u00e7i, bas-a\u00e7 \u00fcst dolum sistemine sahiptir. Ek olarak Exceed Air, m\u00fckemmel bir e-sigara deneyimi ile saf tat sunan yeni tasar\u0131mlara sahip benzersiz EX serisi ba\u015fl\u0131klar\u0131n\u0131 benimser. A\u011f\u0131zdan akci\u011fere veya do\u011frudan akci\u011fer buharla\u015ft\u0131r\u0131c\u0131lar\u0131 i\u00e7in en iyi se\u00e7im.<\/p>","protected":false},"featured_media":10707,"template":"","meta":{"_acf_changed":false,"_kadence_starter_templates_imported_post":false,"_kad_post_transparent":"","_kad_post_title":"","_kad_post_layout":"","_kad_post_sidebar_id":"","_kad_post_content_style":"","_kad_post_vertical_padding":"","_kad_post_feature":"","_kad_post_feature_position":"","_kad_post_header":false,"_kad_post_footer":false},"product_cat":[142],"product_tag":[],"class_list":{"0":"post-10706","1":"product","2":"type-product","3":"status-publish","4":"has-post-thumbnail","6":"product_cat-atmopoites","7":"product_shipping_class-mi-kapnika","9":"first","10":"instock","11":"taxable","12":"shipping-taxable","13":"purchasable","14":"product-type-simple","15":"entry","16":"content-bg","17":"loop-entry"},"acf":[],"_links":{"self":[{"href":"https:\/\/nicoteam.gr\/tr\/wp-json\/wp\/v2\/product\/10706","targetHints":{"allow":["GET"]}}],"collection":[{"href":"https:\/\/nicoteam.gr\/tr\/wp-json\/wp\/v2\/product"}],"about":[{"href":"https:\/\/nicoteam.gr\/tr\/wp-json\/wp\/v2\/types\/product"}],"wp:featuredmedia":[{"embeddable":true,"href":"https:\/\/nicoteam.gr\/tr\/wp-json\/wp\/v2\/media\/10707"}],"wp:attachment":[{"href":"https:\/\/nicoteam.gr\/tr\/wp-json\/wp\/v2\/media?parent=10706"}],"wp:term":[{"taxonomy":"product_cat","embeddable":true,"href":"https:\/\/nicoteam.gr\/tr\/wp-json\/wp\/v2\/product_cat?post=10706"},{"taxonomy":"product_tag","embeddable":true,"href":"https:\/\/nicoteam.gr\/tr\/wp-json\/wp\/v2\/product_tag?post=10706"}],"curies":[{"name":"wp","href":"https:\/\/api.w.org\/{rel}","templated":true}]}}