{"id":10693,"date":"2022-01-29T13:39:18","date_gmt":"2022-01-29T11:39:18","guid":{"rendered":"https:\/\/nicoteam.gr\/?post_type=product&#038;p=10693"},"modified":"2024-09-01T21:02:18","modified_gmt":"2024-09-01T19:02:18","slug":"eleaf-ijust-s-atomizer-4ml-black","status":"publish","type":"product","link":"https:\/\/nicoteam.gr\/tr\/product\/eleaf-ijust-s-atomizer-4ml-black\/","title":{"rendered":"Eleaf iJust S Atomizer 4ml Siyah"},"content":{"rendered":"<p><strong>Parametreler:<\/strong><br \/>\n\u2022 \u00c7ap: 24,5 mm<br \/>\n\u2022 Y\u00fckseklik: 62,5 mm<br \/>\n\u2022 s\u0131v\u0131 kapasitesi: 4 ml<br \/>\n\u2022 Kutup 510<br \/>\n\u2022 Malzeme: Paslanmaz \u00c7elik<br \/>\n\u2022 Renk: siyah, g\u00fcm\u00fc\u015f<\/p>","protected":false},"excerpt":{"rendered":"<ul>\n<li>Malzeme: 304 Paslanmaz \u00c7elik<\/li>\n<li>\u00c7ap: 24,5 mm<\/li>\n<li>Y\u00fckseklik: 62,5 mm<\/li>\n<li>Konu 510<\/li>\n<li>Diren\u00e7 ikili SS316 50-80W 0,18\u03a9<\/li>\n<li>Yukar\u0131dan doldurma<\/li>\n<li>VW \u2013 Baypas<\/li>\n<li>Ak\u0131ll\u0131 mod<\/li>\n<li>TC-SS ve TCR<\/li>\n<\/ul>","protected":false},"featured_media":10694,"template":"","meta":{"_acf_changed":false,"_kadence_starter_templates_imported_post":false,"_kad_post_transparent":"","_kad_post_title":"","_kad_post_layout":"","_kad_post_sidebar_id":"","_kad_post_content_style":"","_kad_post_vertical_padding":"","_kad_post_feature":"","_kad_post_feature_position":"","_kad_post_header":false,"_kad_post_footer":false},"product_cat":[142],"product_tag":[],"class_list":{"0":"post-10693","1":"product","2":"type-product","3":"status-publish","4":"has-post-thumbnail","6":"product_cat-atmopoites","7":"product_shipping_class-mi-kapnika","9":"first","10":"instock","11":"taxable","12":"shipping-taxable","13":"purchasable","14":"product-type-simple","15":"entry","16":"content-bg","17":"loop-entry"},"acf":[],"_links":{"self":[{"href":"https:\/\/nicoteam.gr\/tr\/wp-json\/wp\/v2\/product\/10693","targetHints":{"allow":["GET"]}}],"collection":[{"href":"https:\/\/nicoteam.gr\/tr\/wp-json\/wp\/v2\/product"}],"about":[{"href":"https:\/\/nicoteam.gr\/tr\/wp-json\/wp\/v2\/types\/product"}],"wp:featuredmedia":[{"embeddable":true,"href":"https:\/\/nicoteam.gr\/tr\/wp-json\/wp\/v2\/media\/10694"}],"wp:attachment":[{"href":"https:\/\/nicoteam.gr\/tr\/wp-json\/wp\/v2\/media?parent=10693"}],"wp:term":[{"taxonomy":"product_cat","embeddable":true,"href":"https:\/\/nicoteam.gr\/tr\/wp-json\/wp\/v2\/product_cat?post=10693"},{"taxonomy":"product_tag","embeddable":true,"href":"https:\/\/nicoteam.gr\/tr\/wp-json\/wp\/v2\/product_tag?post=10693"}],"curies":[{"name":"wp","href":"https:\/\/api.w.org\/{rel}","templated":true}]}}