{"id":10683,"date":"2022-01-29T13:09:07","date_gmt":"2022-01-29T11:09:07","guid":{"rendered":"https:\/\/nicoteam.gr\/?post_type=product&#038;p=10683"},"modified":"2026-03-10T18:55:09","modified_gmt":"2026-03-10T16:55:09","slug":"eleaf-melo-3-nano-2ml-22mm-silver","status":"publish","type":"product","link":"https:\/\/nicoteam.gr\/tr\/product\/eleaf-melo-3-nano-2ml-22mm-silver\/","title":{"rendered":"Eleaf Melo 3 Nano 2ml 22mm \u2013 G\u00fcm\u00fc\u015f"},"content":{"rendered":"<p>\u039f Melo 3 Nano \u03b4\u03b9\u03b1\u03b8\u03ad\u03c4\u03b5\u03b9 \u03c7\u03c9\u03c1\u03b7\u03c4\u03b9\u03ba\u03cc\u03c4\u03b7\u03c4\u03b1 2ml \u03ba\u03b1\u03b9 \u03b5\u03af\u03bd\u03b1\u03b9 \u03b5\u03c6\u03bf\u03b4\u03b9\u03b1\u03c3\u03bc\u03ad\u03bd\u03bf\u03c2 \u03bc\u03b5 \u03b5\u03cd\u03ba\u03bf\u03bb\u03bf \u03c4\u03c1\u03cc\u03c0\u03bf \u03b1\u03bd\u03b1\u03c0\u03bb\u03ae\u03c1\u03c9\u03c3\u03b7\u03c2 \u03c4\u03bf\u03c5 \u03c5\u03b3\u03c1\u03bf\u03cd \u03b1\u03c0\u03cc \u03c4\u03bf \u03b5\u03c0\u03ac\u03bd\u03c9 \u03ba\u03b1\u03c0\u03ac\u03ba\u03b9.<\/p>\n<p>\u038c\u03bb\u03b1 \u03c4\u03b1 \u03bc\u03ad\u03c1\u03b7 \u03c4\u03bf\u03c5 \u03b1\u03c4\u03bc\u03bf\u03c0\u03bf\u03b9\u03b7\u03c4\u03ae \u03bc\u03c0\u03bf\u03c1\u03bf\u03cd\u03bd \u03bd\u03b1 \u03b1\u03c0\u03bf\u03c3\u03c0\u03b1\u03c3\u03c4\u03bf\u03cd\u03bd \u03ba\u03b1\u03b9 \u03bd\u03b1 \u03b5\u03c0\u03b1\u03bd\u03b1\u03c3\u03c5\u03bd\u03b1\u03c1\u03bc\u03bf\u03bb\u03bf\u03b3\u03b7\u03b8\u03bf\u03cd\u03bd, \u03c0\u03c1\u03bf\u03c3\u03c6\u03ad\u03c1\u03bf\u03bd\u03c4\u03b1\u03c2 \u03bc\u03b5\u03b3\u03b1\u03bb\u03cd\u03c4\u03b5\u03c1\u03b7 \u03b5\u03c5\u03ba\u03bf\u03bb\u03af\u03b1 \u03c3\u03c4\u03bf\u03bd \u03ba\u03b1\u03b8\u03b1\u03c1\u03b9\u03c3\u03bc\u03cc \u03ba\u03b1\u03b9 \u03c4\u03b7 \u03c3\u03c5\u03bd\u03c4\u03ae\u03c1\u03b7\u03c3\u03ae \u03c4\u03bf\u03c5.<\/p>\n<p>\u03a0\u03b1\u03c1\u03ac \u03c4\u03bf \u03bc\u03b9\u03ba\u03c1\u03cc \u03c4\u03bf\u03c5 \u03bc\u03ad\u03b3\u03b5\u03b8\u03bf\u03c2 (\u03bc\u03cc\u03bb\u03b9\u03c2 52,5 \u03c7\u03b9\u03bb\u03b9\u03bf\u03c3\u03c4\u03ac \u03c3\u03b5 \u03cd\u03c8\u03bf\u03c2, \u03c3\u03c5\u03bc\u03c0\u03b5\u03c1\u03b9\u03bb\u03b1\u03bc\u03b2\u03b1\u03bd\u03bf\u03bc\u03ad\u03bd\u03bf\u03c5 \u03c4\u03bf\u03c5 \u03b5\u03c0\u03b9\u03c3\u03c4\u03bf\u03bc\u03af\u03bf\u03c5), \u03bf Melo 3 Nano \u03b4\u03b9\u03b1\u03b8\u03ad\u03c4\u03b5\u03b9 \u03b5\u03be\u03b1\u03b9\u03c1\u03b5\u03c4\u03b9\u03ba\u03ae \u03c0\u03bf\u03b9\u03cc\u03c4\u03b7\u03c4\u03b1 \u03ba\u03b1\u03c4\u03b1\u03c3\u03ba\u03b5\u03c5\u03ae\u03c2 \u03bc\u03b5 \u03c4\u03b7 \u03c7\u03c1\u03ae\u03c3\u03b7 \u03b1\u03bd\u03bf\u03be\u03b5\u03af\u03b4\u03c9\u03c4\u03bf\u03c5 \u03c7\u03ac\u03bb\u03c5\u03b2\u03b1 \u03ba\u03b1\u03b9 Pyrex \u03b3\u03c5\u03b1\u03bb\u03b9\u03bf\u03cd.<\/p>\n<p>\u039f Melo 3 Nano \u03ad\u03c1\u03c7\u03b5\u03c4\u03b1\u03b9 \u03bc\u03b5 \u03c0\u03c1\u03bf\u03b5\u03b3\u03ba\u03b1\u03c4\u03b5\u03c3\u03c4\u03b7\u03bc\u03ad\u03bd\u03b7 \u03c4\u03b7 \u03bd\u03ad\u03b1 \u03b1\u03bd\u03c4\u03af\u03c3\u03c4\u03b1\u03c3\u03b7 ECML 0.75\u03a9 \u03c0\u03bf\u03c5 \u03b5\u03af\u03bd\u03b1\u03b9 \u03b5\u03b9\u03b4\u03b9\u03ba\u03ac \u03c3\u03c7\u03b5\u03b4\u03b9\u03b1\u03c3\u03bc\u03ad\u03bd\u03b7 \u03b3\u03b9\u03b1 Mouth to Lung (\u03c4\u03c3\u03b9\u03b3\u03b1\u03c1\u03af\u03c3\u03b9\u03b5\u03c2) \u03b5\u03b9\u03c3\u03c0\u03bd\u03bf\u03ad\u03c2.<\/p>\n<p>\u0395\u03ba\u03c4\u03cc\u03c2 \u03b1\u03c5\u03c4\u03ae\u03c2, \u03bf \u03b1\u03c4\u03bc\u03bf\u03c0\u03bf\u03b9\u03b7\u03c4\u03ae\u03c2 \u03b5\u03af\u03bd\u03b1\u03b9 \u03c3\u03c5\u03bc\u03b2\u03b1\u03c4\u03cc\u03c2 \u03ba\u03b1\u03b9 \u03bc\u03b5 \u03c4\u03b9\u03c2 \u03b1\u03bd\u03c4\u03b9\u03c3\u03c4\u03ac\u03c3\u03b5\u03b9\u03c2 EC2 \u03c4\u03b7\u03c2 Eleaf \u03b3\u03b9\u2019 \u03b1\u03c5\u03c4\u03bf\u03cd\u03c2 \u03c0\u03bf\u03c5 \u03b1\u03bd\u03b1\u03b6\u03b7\u03c4\u03bf\u03cd\u03bd \u03c0\u03b9\u03bf \u03b1\u03b5\u03c1\u03ac\u03c4\u03b5\u03c2 (\u03c0\u03bd\u03b5\u03c5\u03bc\u03bf\u03bd\u03b9\u03ba\u03ad\u03c2) \u03b5\u03b9\u03c3\u03c0\u03bd\u03bf\u03ad\u03c2.<\/p>\n<p>\u039f Melo 3 Nano \u03b4\u03b9\u03b1\u03b8\u03ad\u03c4\u03b5\u03b9 \u03ba\u03c1\u03c5\u03c6\u03ae \u03c1\u03cd\u03b8\u03bc\u03b9\u03c3\u03b7 \u03b5\u03b9\u03c3\u03b1\u03b3\u03c9\u03b3\u03ae\u03c2 \u03b1\u03ad\u03c1\u03b1 \u03c0\u03bf\u03c5 \u03b2\u03c1\u03af\u03c3\u03ba\u03b5\u03c4\u03b1\u03b9 \u03c3\u03c4\u03b7 \u03b2\u03ac\u03c3\u03b7 \u03c4\u03bf\u03c5 \u03b1\u03c4\u03bc\u03bf\u03c0\u03bf\u03b9\u03b7\u03c4\u03ae.<\/p>\n<p>\u0388\u03bd\u03b1 \u03b1\u03ba\u03cc\u03bc\u03b1 \u03c3\u03c7\u03b5\u03b4\u03b9\u03b1\u03c3\u03c4\u03b9\u03ba\u03cc \u03b1\u03c4\u03bf\u03cd \u03c3\u03c4\u03b7\u03bd \u03b1\u03c0\u03bb\u03ae \u03ba\u03b1\u03b9 \u03bc\u03bf\u03bd\u03c4\u03ad\u03c1\u03bd\u03b1 \u03b5\u03bc\u03c6\u03ac\u03bd\u03b9\u03c3\u03ae \u03c4\u03bf\u03c5.<br \/>\n<img loading=\"lazy\" decoding=\"async\" class=\"alignnone size-full wp-image-10685\" src=\"https:\/\/nicoteam.gr\/wp-content\/uploads\/2022\/01\/MELO-3-Nano_08.jpg\" alt=\"\" width=\"1065\" height=\"584\" srcset=\"https:\/\/nicoteam.gr\/wp-content\/uploads\/2022\/01\/MELO-3-Nano_08.jpg 1065w, https:\/\/nicoteam.gr\/wp-content\/uploads\/2022\/01\/MELO-3-Nano_08-600x329.jpg 600w, https:\/\/nicoteam.gr\/wp-content\/uploads\/2022\/01\/MELO-3-Nano_08-300x165.jpg 300w, https:\/\/nicoteam.gr\/wp-content\/uploads\/2022\/01\/MELO-3-Nano_08-1024x562.jpg 1024w, https:\/\/nicoteam.gr\/wp-content\/uploads\/2022\/01\/MELO-3-Nano_08-768x421.jpg 768w, https:\/\/nicoteam.gr\/wp-content\/uploads\/2022\/01\/MELO-3-Nano_08-96x53.jpg 96w, https:\/\/nicoteam.gr\/wp-content\/uploads\/2022\/01\/MELO-3-Nano_08-42x23.jpg 42w, https:\/\/nicoteam.gr\/wp-content\/uploads\/2022\/01\/MELO-3-Nano_08-150x82.jpg 150w\" sizes=\"auto, (max-width: 1065px) 100vw, 1065px\" \/><\/p>","protected":false},"excerpt":{"rendered":"<p><span style=\"font-family: Open Sans, Tahoma, sans-serif, Arial;\">2 ml&#039;ye ula\u015fan kapasitesi, \u00fcstten dolumu ve yeni ECML 0,75 oHms&#039;si ile t\u00fcm g\u00fcn kullan\u0131m i\u00e7in ideal \u00e7\u00f6z\u00fcm olurken, paslanmaz \u00e7elik konstr\u00fcksiyonuyla da dikkat \u00e7ekiyor.<\/span><\/p>","protected":false},"featured_media":10684,"template":"","meta":{"_acf_changed":false,"_kadence_starter_templates_imported_post":false,"_kad_post_transparent":"","_kad_post_title":"","_kad_post_layout":"","_kad_post_sidebar_id":"","_kad_post_content_style":"","_kad_post_vertical_padding":"","_kad_post_feature":"","_kad_post_feature_position":"","_kad_post_header":false,"_kad_post_footer":false},"product_cat":[142],"product_tag":[],"class_list":{"0":"post-10683","1":"product","2":"type-product","3":"status-publish","4":"has-post-thumbnail","6":"product_cat-atmopoites","7":"product_shipping_class-mi-kapnika","9":"first","10":"instock","11":"taxable","12":"shipping-taxable","13":"purchasable","14":"product-type-simple","15":"entry","16":"content-bg","17":"loop-entry"},"acf":[],"_links":{"self":[{"href":"https:\/\/nicoteam.gr\/tr\/wp-json\/wp\/v2\/product\/10683","targetHints":{"allow":["GET"]}}],"collection":[{"href":"https:\/\/nicoteam.gr\/tr\/wp-json\/wp\/v2\/product"}],"about":[{"href":"https:\/\/nicoteam.gr\/tr\/wp-json\/wp\/v2\/types\/product"}],"wp:featuredmedia":[{"embeddable":true,"href":"https:\/\/nicoteam.gr\/tr\/wp-json\/wp\/v2\/media\/10684"}],"wp:attachment":[{"href":"https:\/\/nicoteam.gr\/tr\/wp-json\/wp\/v2\/media?parent=10683"}],"wp:term":[{"taxonomy":"product_cat","embeddable":true,"href":"https:\/\/nicoteam.gr\/tr\/wp-json\/wp\/v2\/product_cat?post=10683"},{"taxonomy":"product_tag","embeddable":true,"href":"https:\/\/nicoteam.gr\/tr\/wp-json\/wp\/v2\/product_tag?post=10683"}],"curies":[{"name":"wp","href":"https:\/\/api.w.org\/{rel}","templated":true}]}}