{"id":10641,"date":"2022-01-29T10:27:06","date_gmt":"2022-01-29T08:27:06","guid":{"rendered":"https:\/\/nicoteam.gr\/?post_type=product&#038;p=10641"},"modified":"2022-07-08T12:06:24","modified_gmt":"2022-07-08T10:06:24","slug":"aspire-nautilus-x-0-6-ohm","status":"publish","type":"product","link":"https:\/\/nicoteam.gr\/tr\/product\/aspire-nautilus-x-0-6-ohm\/","title":{"rendered":"Aspire Nautilus X 0,6 ohm"},"content":{"rendered":"","protected":false},"excerpt":{"rendered":"<p>Aspire Nautilus X Coil Aspire Nautilus X atomizer i\u00e7in yeni Aspire Nautilus X atomizer kafalar\u0131.Nautilus X i\u00e7in U-Tech kafalar s\u0131ras\u0131yla 14-20 Watt ve 12-16 Watt aras\u0131nda kullan\u0131lmak \u00fczere tasarlanm\u0131\u015f 1.5ohm ve 1.8ohm&#039;da yap\u0131lm\u0131\u015ft\u0131r.<\/p>","protected":false},"featured_media":10643,"template":"","meta":{"_acf_changed":false,"_kadence_starter_templates_imported_post":false,"_kad_post_transparent":"","_kad_post_title":"","_kad_post_layout":"","_kad_post_sidebar_id":"","_kad_post_content_style":"","_kad_post_vertical_padding":"","_kad_post_feature":"","_kad_post_feature_position":"","_kad_post_header":false,"_kad_post_footer":false},"product_cat":[147],"product_tag":[],"class_list":{"0":"post-10641","1":"product","2":"type-product","3":"status-publish","4":"has-post-thumbnail","6":"product_cat-coils","7":"product_shipping_class-mi-kapnika","9":"first","10":"instock","11":"taxable","12":"shipping-taxable","13":"purchasable","14":"product-type-simple","15":"entry","16":"content-bg","17":"loop-entry"},"acf":[],"_links":{"self":[{"href":"https:\/\/nicoteam.gr\/tr\/wp-json\/wp\/v2\/product\/10641","targetHints":{"allow":["GET"]}}],"collection":[{"href":"https:\/\/nicoteam.gr\/tr\/wp-json\/wp\/v2\/product"}],"about":[{"href":"https:\/\/nicoteam.gr\/tr\/wp-json\/wp\/v2\/types\/product"}],"wp:featuredmedia":[{"embeddable":true,"href":"https:\/\/nicoteam.gr\/tr\/wp-json\/wp\/v2\/media\/10643"}],"wp:attachment":[{"href":"https:\/\/nicoteam.gr\/tr\/wp-json\/wp\/v2\/media?parent=10641"}],"wp:term":[{"taxonomy":"product_cat","embeddable":true,"href":"https:\/\/nicoteam.gr\/tr\/wp-json\/wp\/v2\/product_cat?post=10641"},{"taxonomy":"product_tag","embeddable":true,"href":"https:\/\/nicoteam.gr\/tr\/wp-json\/wp\/v2\/product_tag?post=10641"}],"curies":[{"name":"wp","href":"https:\/\/api.w.org\/{rel}","templated":true}]}}