{"id":10639,"date":"2022-01-29T10:23:38","date_gmt":"2022-01-29T08:23:38","guid":{"rendered":"https:\/\/nicoteam.gr\/?post_type=product&#038;p=10639"},"modified":"2022-07-08T12:05:05","modified_gmt":"2022-07-08T10:05:05","slug":"aspire-nautilus-x-1-5ohm","status":"publish","type":"product","link":"https:\/\/nicoteam.gr\/tr\/product\/aspire-nautilus-x-1-5ohm\/","title":{"rendered":"Aspire Nautilus X 1.5ohm"},"content":{"rendered":"<ul>\n<li>\u039e\u03b5\u03b2\u03b9\u03b4\u03ce\u03c3\u03c4\u03b5 \u03c4\u03b7 \u03bc\u03b5\u03c4\u03b1\u03bb\u03bb\u03b9\u03ba\u03ae \u03b2\u03ac\u03c3\u03b7 \u03b1\u03c0\u03cc \u03c4\u03bf \u03b4\u03bf\u03c7\u03b5\u03af\u03bf.<\/li>\n<li>\u039e\u03b5\u03b2\u03b9\u03b4\u03ce\u03c3\u03c4\u03b5 \u03c4\u03b7\u03bd \u03ba\u03b5\u03c6\u03b1\u03bb\u03ae \u03b1\u03c0\u03cc \u03c4\u03b7\u03bd \u03b2\u03ac\u03c3\u03b7 \u03ba\u03b1\u03b9 \u03b1\u03bd\u03c4\u03b9\u03ba\u03b1\u03c4\u03b1\u03c3\u03c4\u03ae\u03c3\u03c4\u03b5 \u03c4\u03b7\u03bd \u03bc\u03b5 \u03c4\u03b7\u03bd \u03bd\u03ad\u03b1.<\/li>\n<li>\u0393\u03b5\u03bc\u03af\u03c3\u03c4\u03b5 \u03bc\u03b5 \u03c5\u03b3\u03c1\u03cc \u03b1\u03bd\u03b1\u03c0\u03bb\u03ae\u03c1\u03c9\u03c3\u03b7\u03c2.<\/li>\n<li>\u0392\u03b9\u03b4\u03ce\u03c3\u03c4\u03b5 \u03c4\u03b7\u03bd \u03b2\u03ac\u03c3\u03b7 \u03c3\u03c4\u03bf \u03b4\u03bf\u03c7\u03b5\u03af\u03bf.<\/li>\n<li>\u03a0\u03b5\u03c1\u03b9\u03bc\u03ad\u03bd\u03b5\u03c4\u03b5 \u03bb\u03af\u03b3\u03b1 \u03bb\u03b5\u03c0\u03c4\u03ac \u03ce\u03c3\u03c4\u03b5 \u03bd\u03b1 \u03c0\u03bf\u03c4\u03af\u03c3\u03b5\u03b9 \u03c4\u03bf \u03b2\u03b1\u03bc\u03b2\u03ac\u03ba\u03b9 \u03bc\u03b5 \u03c4\u03bf \u03c5\u03b3\u03c1\u03cc.<\/li>\n<\/ul>\n<h4>\u0397 \u03a4\u0399\u039c\u0397 \u0391\u03a6\u039f\u03a1\u0391 \u0395\u039d\u0391 \u03a4\u0395\u039c\u0391\u03a7\u0399\u039f<\/h4>\n<p><strong>\u03a3\u03c5\u03bc\u03b2\u03b1\u03c4\u03cc\u03c4\u03b7\u03c4\u03b1 \u03bc\u03b5 \u03b1\u03c4\u03bc\u03bf\u03c0\u03bf\u03b9\u03b7\u03c4\u03ad\u03c2:<\/strong><br \/>\nNautilus X&#039;i arzulay\u0131n<br \/>\nAspire PockeX<\/p>","protected":false},"excerpt":{"rendered":"<p><strong>Nautilus X&#039;i arzulay\u0131n<\/strong>\u00a0\u00a0bunlar 1,5\u03a9&#039;dur ve 14-22 Watt&#039;ta kullan\u0131m i\u00e7in derecelendirilmi\u015ftir. Nautilus X bobinleri en son bobin teknolojisi olan U-Tech&#039;i i\u00e7erir. Buhar, U \u015feklindeki odadan akar ve solunmadan \u00f6nce iki kez Kanthal bobinlerinden ge\u00e7er. Bu yepyeni hava ak\u0131\u015f\u0131 performans\u0131 rakipsiz lezzet sa\u011flar.<\/p>","protected":false},"featured_media":10640,"template":"","meta":{"_acf_changed":false,"_kadence_starter_templates_imported_post":false,"_kad_post_transparent":"","_kad_post_title":"","_kad_post_layout":"","_kad_post_sidebar_id":"","_kad_post_content_style":"","_kad_post_vertical_padding":"","_kad_post_feature":"","_kad_post_feature_position":"","_kad_post_header":false,"_kad_post_footer":false},"product_cat":[147],"product_tag":[],"class_list":{"0":"post-10639","1":"product","2":"type-product","3":"status-publish","4":"has-post-thumbnail","6":"product_cat-coils","7":"product_shipping_class-mi-kapnika","9":"first","10":"instock","11":"taxable","12":"shipping-taxable","13":"purchasable","14":"product-type-simple","15":"entry","16":"content-bg","17":"loop-entry"},"acf":[],"_links":{"self":[{"href":"https:\/\/nicoteam.gr\/tr\/wp-json\/wp\/v2\/product\/10639","targetHints":{"allow":["GET"]}}],"collection":[{"href":"https:\/\/nicoteam.gr\/tr\/wp-json\/wp\/v2\/product"}],"about":[{"href":"https:\/\/nicoteam.gr\/tr\/wp-json\/wp\/v2\/types\/product"}],"wp:featuredmedia":[{"embeddable":true,"href":"https:\/\/nicoteam.gr\/tr\/wp-json\/wp\/v2\/media\/10640"}],"wp:attachment":[{"href":"https:\/\/nicoteam.gr\/tr\/wp-json\/wp\/v2\/media?parent=10639"}],"wp:term":[{"taxonomy":"product_cat","embeddable":true,"href":"https:\/\/nicoteam.gr\/tr\/wp-json\/wp\/v2\/product_cat?post=10639"},{"taxonomy":"product_tag","embeddable":true,"href":"https:\/\/nicoteam.gr\/tr\/wp-json\/wp\/v2\/product_tag?post=10639"}],"curies":[{"name":"wp","href":"https:\/\/api.w.org\/{rel}","templated":true}]}}